{"id":23542,"date":"2022-07-19T12:09:05","date_gmt":"2022-07-19T10:09:05","guid":{"rendered":"https:\/\/ecol.eu\/technologie-i-uslugi-2\/doradztwo-inzynieryjne\/szkolenia-i-warsztaty\/"},"modified":"2024-08-16T12:46:44","modified_gmt":"2024-08-16T10:46:44","slug":"szkolenia-i-warsztaty","status":"publish","type":"page","link":"https:\/\/ecol.eu\/sv\/teknologier-och-tjanster\/tekniska-konsultforetag\/szkolenia-i-warsztaty\/","title":{"rendered":"Utbildning och workshops"},"content":{"rendered":"<header class=\"page-hero alignwide\">\n  <div class=\"container\">\n    <div class=\"row\">\n      <div class=\"col-lg-7 offset-lg-1 page-hero__text\">\n\n        <nav aria-label=\"Okruszki\" role=\"navigation\">\n  <ul class=\"breadcrumbs\" aria-label=\"lista okruszk\u00f3w\">\n\n    \n      <li class=\"breadcrumbs__item\">\n\n                  <a href=\"https:\/\/ecol.eu\/sv\/\" class=\"breadcrumbs__link\">Hemsida<\/a>\n        \n      <\/li>\n\n    \n  <\/ul>\n<\/nav>\n\n        <h1 class=\"heading heading--sb\">Utbildning och workshops<br><br><\/h1>\n\n                  <p class=\"desc\">Utbildningskurser, webbseminarier, workshops. P\u00e5litliga, f\u00f6rberedda och genomf\u00f6rda av proffs och praktiker, anpassade till aktuella marknadskrav och baserade p\u00e5 de senaste kunskaperna. Allt detta garanterar Ecol som en del av sitt utbildnings- och konsultutbud.<\/p>\n        \n      <\/div>\n\n      <ul class=\"col-lg-7 offset-lg-1 links\" data-links><\/ul>\n\n    <\/div>\n\n    \n      <svg class=\"page-hero__bg page-hero__bg--books\" xmlns=\"http:\/\/www.w3.org\/2000\/svg\" width=\"900px\" height=\"700px\"  viewBox=\"0 0 1000 800\"><defs><style>.cls-1{fill:none;stroke:#1d1d1b;stroke-miterlimit:10;}<\/style><\/defs><line class=\"cls-1\" x1=\"172.78\" y1=\"105.17\" x2=\"1109.06\" y2=\"148.47\"\/><line class=\"cls-1\" x1=\"172.78\" y1=\"95.18\" x2=\"1108.49\" y2=\"132.03\"\/><line class=\"cls-1\" x1=\"1108.49\" y1=\"132.03\" x2=\"1268.65\" y2=\"41.32\"\/><line class=\"cls-1\" x1=\"1109.06\" y1=\"148.47\" x2=\"1109.06\" y2=\"132.03\"\/><line class=\"cls-1\" x1=\"172.78\" y1=\"95.18\" x2=\"172.78\" y2=\"105.52\"\/><line class=\"cls-1\" x1=\"172.78\" y1=\"95.18\" x2=\"412.59\" y2=\"9.57\"\/><line class=\"cls-1\" x1=\"1268.65\" y1=\"41.32\" x2=\"412.59\" y2=\"9.57\"\/><line class=\"cls-1\" x1=\"194.32\" y1=\"297.29\" x2=\"1088.93\" y2=\"350.29\"\/><path class=\"cls-1\" d=\"M1088.93,350.29l176.6-90.14s20.69-62.93,13.04-207.5l-169.51,95.81\"\/><line class=\"cls-1\" x1=\"1088.65\" y1=\"371.27\" x2=\"1088.93\" y2=\"350.29\"\/><path class=\"cls-1\" d=\"M169.66,299.13l24.66-1.84s30.48-38.6-2.05-191.22\"\/><line class=\"cls-1\" x1=\"169.09\" y1=\"318.12\" x2=\"169.66\" y2=\"299.13\"\/><line class=\"cls-1\" x1=\"1088.65\" y1=\"371.27\" x2=\"169.09\" y2=\"318.12\"\/><line class=\"cls-1\" x1=\"834.38\" y1=\"415.78\" x2=\"1016.1\" y2=\"367.08\"\/><line class=\"cls-1\" x1=\"834.95\" y1=\"404.44\" x2=\"984.36\" y2=\"365.24\"\/><line class=\"cls-1\" x1=\"834.38\" y1=\"415.78\" x2=\"285.33\" y2=\"324.84\"\/><line class=\"cls-1\" x1=\"367.49\" y1=\"329.59\" x2=\"834.95\" y2=\"404.44\"\/><path class=\"cls-1\" d=\"M837.22,521.51l401.39-107.72s15.34-58.77-3.95-100.72\"\/><line class=\"cls-1\" x1=\"837.22\" y1=\"521.51\" x2=\"27.64\" y2=\"396.22\"\/><line class=\"cls-1\" x1=\".24\" y1=\"402.07\" x2=\"833.82\" y2=\"535.11\"\/><line class=\"cls-1\" x1=\"26.82\" y1=\"387.39\" x2=\".24\" y2=\"402.07\"\/><line class=\"cls-1\" x1=\"169.8\" y1=\"307.27\" x2=\"14.01\" y2=\"283.59\"\/><line class=\"cls-1\" x1=\"285.33\" y1=\"324.84\" x2=\"283.94\" y2=\"324.63\"\/><line class=\"cls-1\" x1=\"183.62\" y1=\"298.09\" x2=\"14.01\" y2=\"272.25\"\/><line class=\"cls-1\" x1=\"14.01\" y1=\"283.59\" x2=\"14.01\" y2=\"272.25\"\/><line class=\"cls-1\" x1=\"14.01\" y1=\"272.25\" x2=\"208.12\" y2=\"227.27\"\/><line class=\"cls-1\" x1=\"133.84\" y1=\"423.4\" x2=\"49\" y2=\"493.35\"\/><line class=\"cls-1\" x1=\"48.62\" y1=\"504.88\" x2=\"49\" y2=\"493.35\"\/><line class=\"cls-1\" x1=\"719.01\" y1=\"516.09\" x2=\"48.62\" y2=\"504.88\"\/><line class=\"cls-1\" x1=\"1178.65\" y1=\"523.78\" x2=\"893.82\" y2=\"519.01\"\/><line class=\"cls-1\" x1=\"928.3\" y1=\"509.59\" x2=\"1183.08\" y2=\"514.3\"\/><line class=\"cls-1\" x1=\"49\" y1=\"493.35\" x2=\"642.48\" y2=\"504.31\"\/><line class=\"cls-1\" x1=\"1178.65\" y1=\"523.78\" x2=\"1221.57\" y2=\"431.85\"\/><line class=\"cls-1\" x1=\"1216.49\" y1=\"563.27\" x2=\"1162.07\" y2=\"696.31\"\/><line class=\"cls-1\" x1=\"1239.17\" y1=\"567.81\" x2=\"1182.48\" y2=\"713.7\"\/><path class=\"cls-1\" d=\"M69.79,668.72l1092.28,27.59s-27.96-94.84-5.29-172.9\"\/><path class=\"cls-1\" d=\"M52.78,676.28l17.01-7.56s21.54,4.96-8.5-163.63\"\/><line class=\"cls-1\" x1=\"55.04\" y1=\"687.24\" x2=\"52.78\" y2=\"676.28\"\/><line class=\"cls-1\" x1=\"1182.48\" y1=\"713.7\" x2=\"55.04\" y2=\"687.24\"\/><line class=\"cls-1\" x1=\"412.59\" y1=\"9.57\" x2=\"422.51\" y2=\".5\"\/><path class=\"cls-1\" d=\"M422.51,.5l859.75,31.18s36.28,140.03-13.61,245.2l-180,94.39\"\/><line class=\"cls-1\" x1=\"1171.8\" y1=\"327.67\" x2=\"1255.8\" y2=\"308.15\"\/><path class=\"cls-1\" d=\"M1239.49,292.17l16.31,15.98s17.76,57.07-4.72,115.84l-417.26,111.12\"\/><path class=\"cls-1\" d=\"M1242.88,426.18s12.17,72.46-3.71,141.63l-22.68-4.54s15.09-114.66,.93-122.53\"\/><path class=\"cls-1\" d=\"M33.67,286.57s-18.02,29.97-5.55,109.72\"\/><path class=\"cls-1\" d=\"M1088.93,350.29s20.98-.33,7.37-202.42\"\/><line class=\"cls-1\" x1=\"834.38\" y1=\"415.78\" x2=\"833.82\" y2=\"520.98\"\/><path class=\"cls-1\" d=\"M784.02,166.97c33.62,1.89,67.62,4.89,101.96,5.31\"\/><path class=\"cls-1\" d=\"M650.48,160.15c15.66,.74,31.32,1.54,46.98,2.36\"\/><path class=\"cls-1\" d=\"M532.18,153.99c23.92,1.19,47.84,2.42,71.76,3.68\"\/><path class=\"cls-1\" d=\"M383.14,146.26c24.95,1.88,49.97,2.4,74.95,3.6\"\/><path class=\"cls-1\" d=\"M238.54,138.83c33.09,1.03,65.09,4.03,98.11,5.1\"\/><path class=\"cls-1\" d=\"M942.68,211.74c18.51,.87,37.03,1.71,55.54,2.49\"\/><path class=\"cls-1\" d=\"M615.39,195.56c33.25,.3,66.25,3.3,98.94,4.55\"\/><path class=\"cls-1\" d=\"M417.03,185.89c50.61,1.98,101.61,5.98,152.13,7.42\"\/><path class=\"cls-1\" d=\"M391.54,244.52c30.09,1.34,60.09,3.34,90.21,5.24\"\/><path class=\"cls-1\" d=\"M240.81,235.78c34.83,1.09,68.83,4.09,104.28,6.05\"\/><path class=\"cls-1\" d=\"M764.48,242.96c24.16,.9,49.16,2.9,72.74,4.16\"\/><path class=\"cls-1\" d=\"M579.27,232.37c13.37-.51,27.37,1.49,40.31,2.3\"\/><path class=\"cls-1\" d=\"M571.7,292.55c45.93,1.31,90.93,5.31,136.54,6.58\"\/><path class=\"cls-1\" d=\"M452.27,286.8c24.36,1.06,49.36,3.06,73.19,3.53\"\/><line class=\"cls-1\" x1=\"1124.65\" y1=\"220.09\" x2=\"1152.62\" y2=\"208\"\/><line class=\"cls-1\" x1=\"1216.49\" y1=\"122.96\" x2=\"1143.93\" y2=\"157.35\"\/><line class=\"cls-1\" x1=\"1213.8\" y1=\"240.5\" x2=\"1174.92\" y2=\"256\"\/><line class=\"cls-1\" x1=\"1119.74\" y1=\"417.29\" x2=\"975.74\" y2=\"454.42\"\/><line class=\"cls-1\" x1=\"1111.04\" y1=\"387.15\" x2=\"1036.23\" y2=\"406.42\"\/><line class=\"cls-1\" x1=\"925.24\" y1=\"434.01\" x2=\"885.41\" y2=\"444.59\"\/><line class=\"cls-1\" x1=\"1033.56\" y1=\"378.45\" x2=\"981.79\" y2=\"391.43\"\/><line class=\"cls-1\" x1=\"1207.71\" y1=\"482.67\" x2=\"1198.35\" y2=\"496.99\"\/><line class=\"cls-1\" x1=\"1174.54\" y1=\"529.44\" x2=\"1160.37\" y2=\"552.12\"\/><line class=\"cls-1\" x1=\"1195.8\" y1=\"535.11\" x2=\"1165.47\" y2=\"586.42\"\/><line class=\"cls-1\" x1=\"1219.98\" y1=\"532.29\" x2=\"1208.27\" y2=\"551.55\"\/><line class=\"cls-1\" x1=\"1107.64\" y1=\"615.62\" x2=\"1048.14\" y2=\"615.62\"\/><line class=\"cls-1\" x1=\"1077.89\" y1=\"560.77\" x2=\"933.03\" y2=\"558.74\"\/><line class=\"cls-1\" x1=\"727.23\" y1=\"662.67\" x2=\"571.7\" y2=\"659.84\"\/><line class=\"cls-1\" x1=\"628.87\" y1=\"640.75\" x2=\"549.79\" y2=\"637.73\"\/><line class=\"cls-1\" x1=\"813.97\" y1=\"605.98\" x2=\"728.37\" y2=\"603.71\"\/><line class=\"cls-1\" x1=\"417.03\" y1=\"633.76\" x2=\"331.52\" y2=\"631.49\"\/><line class=\"cls-1\" x1=\"481.19\" y1=\"597.48\" x2=\"362.7\" y2=\"594.07\"\/><line class=\"cls-1\" x1=\"589.33\" y1=\"550.42\" x2=\"484.02\" y2=\"547.59\"\/><line class=\"cls-1\" x1=\"199.42\" y1=\"588.41\" x2=\"169.38\" y2=\"588.41\"\/><line class=\"cls-1\" x1=\"276.53\" y1=\"542.48\" x2=\"103.04\" y2=\"539.08\"\/><line class=\"cls-1\" x1=\"745.94\" y1=\"464.25\" x2=\"679.61\" y2=\"452.91\"\/><line class=\"cls-1\" x1=\"681.88\" y1=\"473.32\" x2=\"609.31\" y2=\"462.55\"\/><line class=\"cls-1\" x1=\"570.76\" y1=\"455.37\" x2=\"536.75\" y2=\"450.26\"\/><line class=\"cls-1\" x1=\"594.29\" y1=\"406.14\" x2=\"459.64\" y2=\"385.16\"\/><line class=\"cls-1\" x1=\"449.16\" y1=\"417.48\" x2=\"408.9\" y2=\"411.81\"\/><line class=\"cls-1\" x1=\"265.75\" y1=\"388.56\" x2=\"172.49\" y2=\"372.69\"\/><line class=\"cls-1\" x1=\"221.25\" y1=\"347.74\" x2=\"91.42\" y2=\"329.04\"\/><line class=\"cls-1\" x1=\"173.34\" y1=\"396.22\" x2=\"96.81\" y2=\"384.03\"\/><\/svg>\n\n    \n  <\/div>\n<\/header>\n\n\n\n<div style=\"height:52px\" aria-hidden=\"true\" class=\"wp-block-spacer\"><\/div>\n\n\n<section class=\"wide-content alignwide \">\n  <div class=\"wide-content__grid\">\n\n    \n      <div class=\"wide-content__column wide-content__column--left wide-content__column--image\" style=\"background-image: url(https:\/\/ecol.eu\/wp-content\/uploads\/2022\/10\/ecol-czyszczenie-wymiennikow-ciepla.jpg)\">\n      <\/div>\n      <div class=\"wide-content__column wide-content__column--right\">\n        <div class=\"container\">\n          <div class=\"row\">\n            <div class=\"offset-xl-6 col-xl-6 wide-content__text\">\n\n              \n                <h2 class=\"heading heading--line\">F\u00f6r vem?<\/h2>\n\n              \n              \n                <h3 class=\"heading\">utbildning f\u00f6r yrkesverksamma<\/h3>\n\n              \n              \n                <p class=\"desc\">Ecol-utbildningar h\u00e5lls regelbundet och riktar sig till specialister inom sm\u00f6rjmedelshantering, kemi, drift, diagnostik, underh\u00e5ll, produktion och reparation.  <br><br>Beslutsfattare inom ink\u00f6p, val, utbyte och sk\u00f6tsel av sm\u00f6rjmedel i&nbsp;f\u00f6retag \u00e4r ocks\u00e5 inbjudna att delta. \r\n<br><br>\r\n<p style=\"font-size: 40px\"><font face=\"poppins\">utbildning p\u00e5 plats<\/font><\/p>\r\n<br>Workshops kan h\u00e5llas b\u00e5de p\u00e5 plats och utanf\u00f6r Ecols huvudkontor i&nbsp;Rybnik. Station\u00e4ra kurser inkluderar workshops i&nbsp;Ecols oljeanalyslaboratorium. F\u00f6rutom station\u00e4r utbildning kan kunderna dra nytta av erbjudandet om webbseminarier och online-utbildning. Under kurser via Internet f\u00e5r deltagarna en virtuell rundtur i&nbsp;Ecols oljeanalyslaboratorium. \r\n<br><br>\r\nVi erbjuder ocks\u00e5 utbildning som utarbetas i&nbsp;enlighet med kundernas krav, vid en l\u00e4mplig tidpunkt, plats och \u00e4mne, som utarbetas enligt kundens behov.\r\n\r\n<\/p>\n\n              \n              \n            <\/div>\n          <\/div>\n        <\/div>\n      <\/div>\n\n    \n  <\/div>\n<\/section>\n\n\n<section class=\"wide-text-bar alignwide  \">\n  <div class=\"container\">\n    <div class=\"row\">\n      <div class=\"offset-lg-2 col-lg-8 wide-text-bar__text\">\n\n        \n          <p class=\"desc\">Alla utbildningar genomf\u00f6rs av praktiker med m\u00e5nga \u00e5rs erfarenhet. L\u00e4mpligt urval av utbildningspersonal och professionellt utarbetat st\u00f6dmaterial garanterar h\u00f6gsta niv\u00e5 p\u00e5 kursen.<\/p>\n\n        \n        \n      <\/div>\n    <\/div>\n  <\/div>\n<\/section>\n\n\n<section class=\"wide-content alignwide \">\n  <div class=\"wide-content__grid\">\n\n    \n      <div class=\"wide-content__column wide-content__column--left\">\n        <div class=\"container\">\n          <div class=\"row\">\n            <div class=\"offset-xl-2 offset-lg-5 col-xl-5 col-lg-7 wide-content__text wide-content__text--alt\">\n\n              \n                <h2 class=\"heading heading--line\">Utbildningens omfattning<\/h2>\n\n              \n              \n                <h3 class=\"heading\">Genom v\u00e5ra utbildningar kommer du att l\u00e4ra dig: <\/h3>\n\n              \n              \n                <p class=\"desc\"><ul>\r\n<li>\u2022 fysikalisk-kemiska och funktionella egenskaper hos oljor<\/li>\r\n<li>\u2022 metoder och provningsstandarder f\u00f6r oljor och sm\u00f6rjmedel (PN, ASTM, ISO)<\/li>\r\n<li>\u2022 teknik f\u00f6r att f\u00f6rbereda nya oljesystem f\u00f6r drift<\/li>\r\n<li>\u2022 teknik f\u00f6r revitalisering av oljesystem efter l\u00e5ngvarig drift<\/li>\r\n<li>\u2022 metoder f\u00f6r oljeskydd och oljebehandling under drift<\/li>\r\n<li>\u2022 grundl\u00e4ggande sm\u00f6rjteknik<\/li>\r\n<li>\u2022 problem vid anv\u00e4ndning av sm\u00f6rjmedel<\/li>\r\n<li>\u2022 regler f\u00f6r provtagning<\/li>\r\n<li>\u2022 Tolkning av diagnostiska rapporter.<\/li>\r\n<li>\u2022 metoder f\u00f6r att utf\u00f6ra grundforskning (p\u00e5 plats)<\/li>\r\n<li>\u2022 analyser och diagnoser &#8211;&nbsp;fallstudier<\/li>\r\n<\/ul><\/p>\n\n              \n              \n            <\/div>\n          <\/div>\n        <\/div>\n      <\/div>\n      <div class=\"wide-content__column wide-content__column--right wide-content__column--image\" style=\"background-image: url(https:\/\/ecol.eu\/wp-content\/uploads\/2022\/10\/ecol-czyszczenie-chemiczne-wirnikow-turbin-5.webp)\">\n      <\/div>\n\n    \n  <\/div>\n<\/section>\n\n\n<section class=\"wide-text-bar alignwide  wide-text-bar--gradient\">\n  <div class=\"container\">\n    <div class=\"row\">\n      <div class=\"offset-lg-2 col-lg-8 wide-text-bar__text\">\n\n        \n          <p class=\"desc\">Kontakta oss om du vill veta mer om: hur man minskar underh\u00e5llskostnaderna, vilken information som &#8221;lagras&#8221; i&nbsp;oljan och hur man diagnostiserar den, eller hur man f\u00f6rebygger haverier<\/p>\n\n        \n        \n      <\/div>\n    <\/div>\n  <\/div>\n<\/section>\n\n\n<section class=\"contact-persons alignwide\">\n  <div class=\"container\">\n    <div class=\"row\">\n\n      <div class=\"offset-lg-2 offset-md-0 col-lg-8\">\n\n        \n          <h2 class=\"heading heading--line\">kontakt<\/h2>\n\n        \n        \n          <h3 class=\"heading heading--large\">Har du fr\u00e5gor om tj\u00e4nsten?<\/h3>\n\n        \n        \n          <p class=\"desc\">Kontakta v\u00e5r specialist:\r\n\r\n<\/p>\n\n        \n      <\/div>\n\n      \n        <ul class=\"offset-lg-2 offset-md-0 col-lg-9 listing\">\n\n          \n            \n            <li class=\"listing__item\">\n\n\t            \n\t\t\t\t\t\t\t\t<div class=\"listing__inner-wrapper\">\n\t\t\t\t\t\t\t\t\t<div class=\"listing__image-wrapper\">\n\t\t\t\t\t\t\t\t\t\t<img decoding=\"async\" src=\"https:\/\/ecol.eu\/wp-content\/uploads\/2024\/08\/Ljungquist-Michael-ECOL-www.png\" class=\"listing__image\" alt=\"\" loading=\"lazy\">\n\t\t\t\t\t\t\t\t\t<\/div>\n\t\t\t\t\t\t\t\t\t<div class=\"listing__inner-details\">\n\n\t\t\t\t\t\t\t\t\t\t\n\t\t\t\t\t\t\t\t\t\t\t<h3 class=\"listing__heading heading heading--b\">Michael Ljungquist<\/h3>\n\n\t\t\t\t\t\t\t\t\t\t\n\t\t\t\t\t\t\t\t\t\t\n\t\t\t\t\t\t\t\t\t\t\t<p class=\"listing__position\">Regional Sales Manager for Scandinavia<\/p>\n\n\t\t\t\t\t\t\t\t\t\t\n\t\t\t\t\t\t\t\t\t\t\n\t\t\t\t\t\t\t\t\t\t\t<a href=\"tel:+46722334075\" class=\"listing__link\" target=\"\"><svg width=\"14\" height=\"14\" viewBox=\"0 0 14 14\" fill=\"none\" xmlns=\"http:\/\/www.w3.org\/2000\/svg\">\n  <path d=\"M13.1403 9.8875C13.1044 9.85906 10.5 7.98175 9.78512 8.1165C9.44387 8.17688 9.24875 8.40963 8.85719 8.87556C8.79419 8.95081 8.64281 9.13106 8.52513 9.25925C8.27767 9.17854 8.03629 9.08029 7.80281 8.96525C6.59773 8.37857 5.62406 7.4049 5.03737 6.19981C4.92225 5.96637 4.824 5.72498 4.74337 5.4775C4.872 5.35938 5.05225 5.208 5.12925 5.14325C5.593 4.75387 5.82619 4.55875 5.88656 4.21662C6.01038 3.50787 4.13437 0.8855 4.11469 0.861875C4.02957 0.740281 3.91849 0.639127 3.78948 0.565733C3.66047 0.492338 3.51676 0.448537 3.36875 0.4375C2.60837 0.4375 0.4375 3.25369 0.4375 3.72794C0.4375 3.7555 0.477313 6.55725 3.93225 10.0717C7.44319 13.5227 10.2445 13.5625 10.2721 13.5625C10.7467 13.5625 13.5625 11.3916 13.5625 10.6312C13.5516 10.4838 13.508 10.3405 13.435 10.2119C13.362 10.0833 13.2614 9.97248 13.1403 9.8875Z\" fill=\"black\"\/>\n<\/svg>\n+46 72 233 40 75<\/a>\n\n\t\t\t\t\t\t\t\t\t\t\n                    \n                      <a href=\"\" class=\"listing__link\" target=\"\"><svg xmlns=\"http:\/\/www.w3.org\/2000\/svg\" width=\"14\" height=\"14\" viewBox=\"0 0 24 24\">\n  <path d=\"M19 2c0-1.104-.896-2-2-2h-10c-1.104 0-2 .896-2 2v20c0 1.104.896 2 2 2h10c1.104 0 2-.896 2-2v-20zm-8.5 0h3c.276 0 .5.224.5.5s-.224.5-.5.5h-3c-.276 0-.5-.224-.5-.5s.224-.5.5-.5zm1.5 20c-.553 0-1-.448-1-1s.447-1 1-1c.552 0 .999.448.999 1s-.447 1-.999 1zm5-3h-10v-14.024h10v14.024z\"\/>\n<\/svg>\n<\/a>\n\n                    \n\t\t\t\t\t\t\t\t\t\t\n\t\t\t\t\t\t\t\t\t\t\t<a href=\"mailto:m.ljungquist@ecol.eu\" class=\"listing__link\" target=\"\"><svg width=\"14\" height=\"14\" viewBox=\"0 0 14 14\" fill=\"none\" xmlns=\"http:\/\/www.w3.org\/2000\/svg\">\n  <g clip-path=\"url(#clip0_447_7182)\">\n    <path d=\"M8.17001 8.57754C7.82171 8.80974 7.41713 8.93249 7 8.93249C6.5829 8.93249 6.17832 8.80974 5.83002 8.57754L0.0932148 4.75289C0.0613867 4.73167 0.0303789 4.70955 0 4.6868V10.9539C0 11.6724 0.583105 12.2427 1.28879 12.2427H12.7112C13.4297 12.2427 14 11.6596 14 10.9539V4.68677C13.9695 4.70957 13.9385 4.73175 13.9066 4.75299L8.17001 8.57754Z\" fill=\"black\"\/>\n    <path d=\"M0.548242 4.07039L6.28504 7.89507C6.50221 8.03985 6.75109 8.11223 6.99997 8.11223C7.24888 8.11223 7.49779 8.03982 7.71496 7.89507L13.4518 4.07039C13.7951 3.84166 14 3.45884 14 3.04568C14 2.33526 13.422 1.75732 12.7116 1.75732H1.28836C0.577965 1.75735 0 2.33529 0 3.04636C0 3.45884 0.204969 3.84166 0.548242 4.07039Z\" fill=\"black\"\/>\n  <\/g>\n  <defs>\n    <clipPath id=\"clip0_447_7182\">\n      <rect width=\"14\" height=\"14\" fill=\"white\"\/>\n    <\/clipPath>\n  <\/defs>\n<\/svg>\nm.ljungquist@ecol.eu<\/a>\n\n\t\t\t\t\t\t\t\t\t\t\n\t\t\t\t\t\t\t\t\t<\/div>\n\t\t\t\t\t\t\t\t<\/div>\n\n\t\t\t\t\t\t\t\n            <\/li>\n\n          \n        <\/ul>\n\n      \n    <\/div>\n  <\/div>\n<\/section>\n","protected":false},"excerpt":{"rendered":"Ta reda p\u00e5 mer om den utbildning som erbjuds av v\u00e5rt f\u00f6retag.","protected":false},"author":3,"featured_media":23543,"parent":23535,"menu_order":0,"comment_status":"closed","ping_status":"closed","template":"","meta":{"_acf_changed":false,"footnotes":""},"class_list":["post-23542","page","type-page","status-publish","has-post-thumbnail","hentry"],"acf":[],"_links":{"self":[{"href":"https:\/\/ecol.eu\/sv\/wp-json\/wp\/v2\/pages\/23542","targetHints":{"allow":["GET"]}}],"collection":[{"href":"https:\/\/ecol.eu\/sv\/wp-json\/wp\/v2\/pages"}],"about":[{"href":"https:\/\/ecol.eu\/sv\/wp-json\/wp\/v2\/types\/page"}],"author":[{"embeddable":true,"href":"https:\/\/ecol.eu\/sv\/wp-json\/wp\/v2\/users\/3"}],"replies":[{"embeddable":true,"href":"https:\/\/ecol.eu\/sv\/wp-json\/wp\/v2\/comments?post=23542"}],"version-history":[{"count":3,"href":"https:\/\/ecol.eu\/sv\/wp-json\/wp\/v2\/pages\/23542\/revisions"}],"predecessor-version":[{"id":28619,"href":"https:\/\/ecol.eu\/sv\/wp-json\/wp\/v2\/pages\/23542\/revisions\/28619"}],"up":[{"embeddable":true,"href":"https:\/\/ecol.eu\/sv\/wp-json\/wp\/v2\/pages\/23535"}],"wp:featuredmedia":[{"embeddable":true,"href":"https:\/\/ecol.eu\/sv\/wp-json\/wp\/v2\/media\/23543"}],"wp:attachment":[{"href":"https:\/\/ecol.eu\/sv\/wp-json\/wp\/v2\/media?parent=23542"}],"curies":[{"name":"wp","href":"https:\/\/api.w.org\/{rel}","templated":true}]}}