{"id":23411,"date":"2022-05-15T13:13:29","date_gmt":"2022-05-15T11:13:29","guid":{"rendered":"https:\/\/ecol.eu\/technologie-i-uslugi-2\/"},"modified":"2024-03-15T09:11:21","modified_gmt":"2024-03-15T08:11:21","slug":"teknologier-och-tjanster","status":"publish","type":"page","link":"https:\/\/ecol.eu\/sv\/teknologier-och-tjanster\/","title":{"rendered":"teknologier och tj\u00e4nster"},"content":{"rendered":"<section class=\"offer alignwide  \">\n  <div class=\"container\">\n    <div class=\"row justify-content-xl-center justify-content-lg-end\">\n      <div class=\"col-xl-8 col-lg-10 offer__content\">\n\n        \n        \n        \n        <div class=\"offer__items\">\n          <div class=\"column column--links column--auto\">\n\n            \n              \n              \n                \n                <ul class=\"offer-links offer-links--active\">\n\n                  \n                    \n                    <li class=\"offer-links__item\" style=\"--industry-color: #ac854b\">\n                      <a href=\"https:\/\/ecol.eu\/sv\/teknologier-och-tjanster\/smorjningstjanster\/\" class=\"offer-links__link\">\n\t                      <div class=\"offer-links__image-wrapper\">\n\t\t                      <img decoding=\"async\" src=\"https:\/\/ecol.eu\/wp-content\/uploads\/2023\/07\/003-Uslugi-smarownicze_resize_resize.webp\" class=\"offer-links__image\" alt=\"003 &#8211; Us\u0142ugi smarownicze_resize_resize\" loading=\"lazy\">\n\t\t                      <div class=\"offer-links__icon\">\n\n\t\t\t                      \t\t\t\t                      <svg width=\"18\" height=\"20\" viewBox=\"0 0 18 20\" fill=\"none\" xmlns=\"http:\/\/www.w3.org\/2000\/svg\">\n  <path fill-rule=\"evenodd\" clip-rule=\"evenodd\" d=\"M8.64504 20C13.41 20 17.3071 16.2725 17.3071 11.6791C17.3071 9.31785 16.3842 7.32496 14.5925 5.64636L14.5734 5.62735L8.66308 0L2.90005 5.48021C1.25662 7.0477 0 9.22476 0 11.6791C0 16.2725 3.8791 20 8.64504 20Z\" fill=\"white\"\/>\n<\/svg>\n\t\t\t                      \n\t\t                      <\/div>\n\t                      <\/div>\n\t                      <div class=\"offer-links__text\">\n\t\t                      <p class=\"offer-links__title\">Sm\u00f6rjningstj\u00e4nster f\u00f6r industrin<\/p>\n\t\t                      <svg width=\"20\" height=\"20\" viewBox=\"0 0 20 20\" fill=\"none\" xmlns=\"http:\/\/www.w3.org\/2000\/svg\">\n  <path d=\"M4.16659 10.8333H14.0499L11.0249 14.4666C10.9549 14.5509 10.9021 14.6481 10.8697 14.7528C10.8372 14.8574 10.8257 14.9675 10.8357 15.0766C10.8561 15.2969 10.9631 15.5002 11.1333 15.6416C11.3034 15.7831 11.5228 15.8511 11.7432 15.8308C11.9635 15.8105 12.1668 15.7035 12.3083 15.5333L16.4749 10.5333C16.503 10.4935 16.528 10.4517 16.5499 10.4083C16.5499 10.3666 16.5916 10.3416 16.6083 10.3C16.646 10.2044 16.6658 10.1027 16.6666 9.99996C16.6658 9.89722 16.646 9.79551 16.6083 9.69996C16.6083 9.6583 16.5666 9.6333 16.5499 9.59163C16.528 9.54818 16.503 9.5064 16.4749 9.46663L12.3083 4.46663C12.2299 4.37256 12.1318 4.29691 12.0209 4.24506C11.91 4.19321 11.789 4.16643 11.6666 4.16663C11.4719 4.16625 11.2832 4.23406 11.1333 4.35829C11.0489 4.42825 10.9791 4.51417 10.928 4.61112C10.8769 4.70808 10.8454 4.81417 10.8353 4.92332C10.8252 5.03247 10.8368 5.14253 10.8693 5.2472C10.9019 5.35187 10.9547 5.44909 11.0249 5.53329L14.0499 9.16663H4.16659C3.94557 9.16663 3.73361 9.25443 3.57733 9.41071C3.42105 9.56699 3.33325 9.77895 3.33325 9.99996C3.33325 10.221 3.42105 10.4329 3.57733 10.5892C3.73361 10.7455 3.94557 10.8333 4.16659 10.8333Z\" fill=\"black\"\/>\n<\/svg>\n\t                      <\/div>\n                      <\/a>\n                    <\/li>\n\n                  \n                    \n                    <li class=\"offer-links__item\" style=\"--industry-color: #0b5843\">\n                      <a href=\"https:\/\/ecol.eu\/sv\/teknologier-och-tjanster\/ecols-diagnostiska-tjanster\/\" class=\"offer-links__link\">\n\t                      <div class=\"offer-links__image-wrapper\">\n\t\t                      <img decoding=\"async\" src=\"https:\/\/ecol.eu\/wp-content\/uploads\/2023\/07\/006-Uslugi-diagnostyczne_resize_resize.webp\" class=\"offer-links__image\" alt=\"006 &#8211; Us\u0142ugi diagnostyczne_resize_resize\" loading=\"lazy\">\n\t\t                      <div class=\"offer-links__icon\">\n\n\t\t\t                      \t\t\t\t                      <svg width=\"18\" height=\"20\" viewBox=\"0 0 18 20\" fill=\"none\" xmlns=\"http:\/\/www.w3.org\/2000\/svg\">\n  <path fill-rule=\"evenodd\" clip-rule=\"evenodd\" d=\"M8.64504 20C13.41 20 17.3071 16.2725 17.3071 11.6791C17.3071 9.31785 16.3842 7.32496 14.5925 5.64636L14.5734 5.62735L8.66308 0L2.90005 5.48021C1.25662 7.0477 0 9.22476 0 11.6791C0 16.2725 3.8791 20 8.64504 20Z\" fill=\"white\"\/>\n<\/svg>\n\t\t\t                      \n\t\t                      <\/div>\n\t                      <\/div>\n\t                      <div class=\"offer-links__text\">\n\t\t                      <p class=\"offer-links__title\">Ecols diagnostiska tj\u00e4nster<\/p>\n\t\t                      <svg width=\"20\" height=\"20\" viewBox=\"0 0 20 20\" fill=\"none\" xmlns=\"http:\/\/www.w3.org\/2000\/svg\">\n  <path d=\"M4.16659 10.8333H14.0499L11.0249 14.4666C10.9549 14.5509 10.9021 14.6481 10.8697 14.7528C10.8372 14.8574 10.8257 14.9675 10.8357 15.0766C10.8561 15.2969 10.9631 15.5002 11.1333 15.6416C11.3034 15.7831 11.5228 15.8511 11.7432 15.8308C11.9635 15.8105 12.1668 15.7035 12.3083 15.5333L16.4749 10.5333C16.503 10.4935 16.528 10.4517 16.5499 10.4083C16.5499 10.3666 16.5916 10.3416 16.6083 10.3C16.646 10.2044 16.6658 10.1027 16.6666 9.99996C16.6658 9.89722 16.646 9.79551 16.6083 9.69996C16.6083 9.6583 16.5666 9.6333 16.5499 9.59163C16.528 9.54818 16.503 9.5064 16.4749 9.46663L12.3083 4.46663C12.2299 4.37256 12.1318 4.29691 12.0209 4.24506C11.91 4.19321 11.789 4.16643 11.6666 4.16663C11.4719 4.16625 11.2832 4.23406 11.1333 4.35829C11.0489 4.42825 10.9791 4.51417 10.928 4.61112C10.8769 4.70808 10.8454 4.81417 10.8353 4.92332C10.8252 5.03247 10.8368 5.14253 10.8693 5.2472C10.9019 5.35187 10.9547 5.44909 11.0249 5.53329L14.0499 9.16663H4.16659C3.94557 9.16663 3.73361 9.25443 3.57733 9.41071C3.42105 9.56699 3.33325 9.77895 3.33325 9.99996C3.33325 10.221 3.42105 10.4329 3.57733 10.5892C3.73361 10.7455 3.94557 10.8333 4.16659 10.8333Z\" fill=\"black\"\/>\n<\/svg>\n\t                      <\/div>\n                      <\/a>\n                    <\/li>\n\n                  \n                    \n                    <li class=\"offer-links__item\" style=\"--industry-color: #237f85\">\n                      <a href=\"https:\/\/ecol.eu\/sv\/teknologier-och-tjanster\/kemisk-rengoring\/\" class=\"offer-links__link\">\n\t                      <div class=\"offer-links__image-wrapper\">\n\t\t                      <img decoding=\"async\" src=\"https:\/\/ecol.eu\/wp-content\/uploads\/2023\/07\/005-czyszczenie-hydrodynamiczne_resize_resize.webp\" class=\"offer-links__image\" alt=\"005 &#8211; czyszczenie hydrodynamiczne_resize_resize\" loading=\"lazy\">\n\t\t                      <div class=\"offer-links__icon\">\n\n\t\t\t                      \t\t\t\t                      <svg width=\"18\" height=\"20\" viewBox=\"0 0 18 20\" fill=\"none\" xmlns=\"http:\/\/www.w3.org\/2000\/svg\">\n  <path fill-rule=\"evenodd\" clip-rule=\"evenodd\" d=\"M8.64504 20C13.41 20 17.3071 16.2725 17.3071 11.6791C17.3071 9.31785 16.3842 7.32496 14.5925 5.64636L14.5734 5.62735L8.66308 0L2.90005 5.48021C1.25662 7.0477 0 9.22476 0 11.6791C0 16.2725 3.8791 20 8.64504 20Z\" fill=\"white\"\/>\n<\/svg>\n\t\t\t                      \n\t\t                      <\/div>\n\t                      <\/div>\n\t                      <div class=\"offer-links__text\">\n\t\t                      <p class=\"offer-links__title\">Kemisk reng\u00f6ring<\/p>\n\t\t                      <svg width=\"20\" height=\"20\" viewBox=\"0 0 20 20\" fill=\"none\" xmlns=\"http:\/\/www.w3.org\/2000\/svg\">\n  <path d=\"M4.16659 10.8333H14.0499L11.0249 14.4666C10.9549 14.5509 10.9021 14.6481 10.8697 14.7528C10.8372 14.8574 10.8257 14.9675 10.8357 15.0766C10.8561 15.2969 10.9631 15.5002 11.1333 15.6416C11.3034 15.7831 11.5228 15.8511 11.7432 15.8308C11.9635 15.8105 12.1668 15.7035 12.3083 15.5333L16.4749 10.5333C16.503 10.4935 16.528 10.4517 16.5499 10.4083C16.5499 10.3666 16.5916 10.3416 16.6083 10.3C16.646 10.2044 16.6658 10.1027 16.6666 9.99996C16.6658 9.89722 16.646 9.79551 16.6083 9.69996C16.6083 9.6583 16.5666 9.6333 16.5499 9.59163C16.528 9.54818 16.503 9.5064 16.4749 9.46663L12.3083 4.46663C12.2299 4.37256 12.1318 4.29691 12.0209 4.24506C11.91 4.19321 11.789 4.16643 11.6666 4.16663C11.4719 4.16625 11.2832 4.23406 11.1333 4.35829C11.0489 4.42825 10.9791 4.51417 10.928 4.61112C10.8769 4.70808 10.8454 4.81417 10.8353 4.92332C10.8252 5.03247 10.8368 5.14253 10.8693 5.2472C10.9019 5.35187 10.9547 5.44909 11.0249 5.53329L14.0499 9.16663H4.16659C3.94557 9.16663 3.73361 9.25443 3.57733 9.41071C3.42105 9.56699 3.33325 9.77895 3.33325 9.99996C3.33325 10.221 3.42105 10.4329 3.57733 10.5892C3.73361 10.7455 3.94557 10.8333 4.16659 10.8333Z\" fill=\"black\"\/>\n<\/svg>\n\t                      <\/div>\n                      <\/a>\n                    <\/li>\n\n                  \n                    \n                    <li class=\"offer-links__item\" style=\"--industry-color: #146999\">\n                      <a href=\"https:\/\/ecol.eu\/sv\/teknologier-och-tjanster\/hydrodynamisk-rengoring\/\" class=\"offer-links__link\">\n\t                      <div class=\"offer-links__image-wrapper\">\n\t\t                      <img decoding=\"async\" src=\"https:\/\/ecol.eu\/wp-content\/uploads\/2023\/07\/001-czyszczenie-hydrodynamiczne_resize_resize.webp\" class=\"offer-links__image\" alt=\"001 &#8211; czyszczenie hydrodynamiczne_resize_resize\" loading=\"lazy\">\n\t\t                      <div class=\"offer-links__icon\">\n\n\t\t\t                      \t\t\t\t                      <svg width=\"18\" height=\"20\" viewBox=\"0 0 18 20\" fill=\"none\" xmlns=\"http:\/\/www.w3.org\/2000\/svg\">\n  <path fill-rule=\"evenodd\" clip-rule=\"evenodd\" d=\"M8.64504 20C13.41 20 17.3071 16.2725 17.3071 11.6791C17.3071 9.31785 16.3842 7.32496 14.5925 5.64636L14.5734 5.62735L8.66308 0L2.90005 5.48021C1.25662 7.0477 0 9.22476 0 11.6791C0 16.2725 3.8791 20 8.64504 20Z\" fill=\"white\"\/>\n<\/svg>\n\t\t\t                      \n\t\t                      <\/div>\n\t                      <\/div>\n\t                      <div class=\"offer-links__text\">\n\t\t                      <p class=\"offer-links__title\">Hydrodynamisk reng\u00f6ring<\/p>\n\t\t                      <svg width=\"20\" height=\"20\" viewBox=\"0 0 20 20\" fill=\"none\" xmlns=\"http:\/\/www.w3.org\/2000\/svg\">\n  <path d=\"M4.16659 10.8333H14.0499L11.0249 14.4666C10.9549 14.5509 10.9021 14.6481 10.8697 14.7528C10.8372 14.8574 10.8257 14.9675 10.8357 15.0766C10.8561 15.2969 10.9631 15.5002 11.1333 15.6416C11.3034 15.7831 11.5228 15.8511 11.7432 15.8308C11.9635 15.8105 12.1668 15.7035 12.3083 15.5333L16.4749 10.5333C16.503 10.4935 16.528 10.4517 16.5499 10.4083C16.5499 10.3666 16.5916 10.3416 16.6083 10.3C16.646 10.2044 16.6658 10.1027 16.6666 9.99996C16.6658 9.89722 16.646 9.79551 16.6083 9.69996C16.6083 9.6583 16.5666 9.6333 16.5499 9.59163C16.528 9.54818 16.503 9.5064 16.4749 9.46663L12.3083 4.46663C12.2299 4.37256 12.1318 4.29691 12.0209 4.24506C11.91 4.19321 11.789 4.16643 11.6666 4.16663C11.4719 4.16625 11.2832 4.23406 11.1333 4.35829C11.0489 4.42825 10.9791 4.51417 10.928 4.61112C10.8769 4.70808 10.8454 4.81417 10.8353 4.92332C10.8252 5.03247 10.8368 5.14253 10.8693 5.2472C10.9019 5.35187 10.9547 5.44909 11.0249 5.53329L14.0499 9.16663H4.16659C3.94557 9.16663 3.73361 9.25443 3.57733 9.41071C3.42105 9.56699 3.33325 9.77895 3.33325 9.99996C3.33325 10.221 3.42105 10.4329 3.57733 10.5892C3.73361 10.7455 3.94557 10.8333 4.16659 10.8333Z\" fill=\"black\"\/>\n<\/svg>\n\t                      <\/div>\n                      <\/a>\n                    <\/li>\n\n                  \n                    \n                    <li class=\"offer-links__item\" style=\"--industry-color: #35465e\">\n                      <a href=\"https:\/\/ecol.eu\/sv\/teknologier-och-tjanster\/tekniska-konsultforetag\/\" class=\"offer-links__link\">\n\t                      <div class=\"offer-links__image-wrapper\">\n\t\t                      <img decoding=\"async\" src=\"https:\/\/ecol.eu\/wp-content\/uploads\/2023\/07\/002-Doradztwo-inzynieryjne_resize_resize.webp\" class=\"offer-links__image\" alt=\"002 &#8211; Doradztwo in\u017cynieryjne_resize_resize\" loading=\"lazy\">\n\t\t                      <div class=\"offer-links__icon\">\n\n\t\t\t                      \t\t\t\t                      <svg width=\"18\" height=\"20\" viewBox=\"0 0 18 20\" fill=\"none\" xmlns=\"http:\/\/www.w3.org\/2000\/svg\">\n  <path fill-rule=\"evenodd\" clip-rule=\"evenodd\" d=\"M8.64504 20C13.41 20 17.3071 16.2725 17.3071 11.6791C17.3071 9.31785 16.3842 7.32496 14.5925 5.64636L14.5734 5.62735L8.66308 0L2.90005 5.48021C1.25662 7.0477 0 9.22476 0 11.6791C0 16.2725 3.8791 20 8.64504 20Z\" fill=\"white\"\/>\n<\/svg>\n\t\t\t                      \n\t\t                      <\/div>\n\t                      <\/div>\n\t                      <div class=\"offer-links__text\">\n\t\t                      <p class=\"offer-links__title\">Tekniska konsultf\u00f6retag<\/p>\n\t\t                      <svg width=\"20\" height=\"20\" viewBox=\"0 0 20 20\" fill=\"none\" xmlns=\"http:\/\/www.w3.org\/2000\/svg\">\n  <path d=\"M4.16659 10.8333H14.0499L11.0249 14.4666C10.9549 14.5509 10.9021 14.6481 10.8697 14.7528C10.8372 14.8574 10.8257 14.9675 10.8357 15.0766C10.8561 15.2969 10.9631 15.5002 11.1333 15.6416C11.3034 15.7831 11.5228 15.8511 11.7432 15.8308C11.9635 15.8105 12.1668 15.7035 12.3083 15.5333L16.4749 10.5333C16.503 10.4935 16.528 10.4517 16.5499 10.4083C16.5499 10.3666 16.5916 10.3416 16.6083 10.3C16.646 10.2044 16.6658 10.1027 16.6666 9.99996C16.6658 9.89722 16.646 9.79551 16.6083 9.69996C16.6083 9.6583 16.5666 9.6333 16.5499 9.59163C16.528 9.54818 16.503 9.5064 16.4749 9.46663L12.3083 4.46663C12.2299 4.37256 12.1318 4.29691 12.0209 4.24506C11.91 4.19321 11.789 4.16643 11.6666 4.16663C11.4719 4.16625 11.2832 4.23406 11.1333 4.35829C11.0489 4.42825 10.9791 4.51417 10.928 4.61112C10.8769 4.70808 10.8454 4.81417 10.8353 4.92332C10.8252 5.03247 10.8368 5.14253 10.8693 5.2472C10.9019 5.35187 10.9547 5.44909 11.0249 5.53329L14.0499 9.16663H4.16659C3.94557 9.16663 3.73361 9.25443 3.57733 9.41071C3.42105 9.56699 3.33325 9.77895 3.33325 9.99996C3.33325 10.221 3.42105 10.4329 3.57733 10.5892C3.73361 10.7455 3.94557 10.8333 4.16659 10.8333Z\" fill=\"black\"\/>\n<\/svg>\n\t                      <\/div>\n                      <\/a>\n                    <\/li>\n\n                  \n                    \n                    <li class=\"offer-links__item\" style=\"--industry-color: #5c0100\">\n                      <a href=\"https:\/\/ecol.eu\/sv\/?page_id=23545\" class=\"offer-links__link\">\n\t                      <div class=\"offer-links__image-wrapper\">\n\t\t                      <img decoding=\"async\" src=\"https:\/\/ecol.eu\/wp-content\/uploads\/2023\/07\/004-Sprzedaz-srodkow-smarnych_resize_resize.webp\" class=\"offer-links__image\" alt=\"004 &#8211; Sprzeda\u017c \u015brodk\u00f3w smarnych_resize_resize\" loading=\"lazy\">\n\t\t                      <div class=\"offer-links__icon\">\n\n\t\t\t                      \t\t\t\t                      <svg width=\"18\" height=\"20\" viewBox=\"0 0 18 20\" fill=\"none\" xmlns=\"http:\/\/www.w3.org\/2000\/svg\">\n  <path fill-rule=\"evenodd\" clip-rule=\"evenodd\" d=\"M8.64504 20C13.41 20 17.3071 16.2725 17.3071 11.6791C17.3071 9.31785 16.3842 7.32496 14.5925 5.64636L14.5734 5.62735L8.66308 0L2.90005 5.48021C1.25662 7.0477 0 9.22476 0 11.6791C0 16.2725 3.8791 20 8.64504 20Z\" fill=\"white\"\/>\n<\/svg>\n\t\t\t                      \n\t\t                      <\/div>\n\t                      <\/div>\n\t                      <div class=\"offer-links__text\">\n\t\t                      <p class=\"offer-links__title\">F\u00f6rs\u00e4ljning av sm\u00f6rjmedel<\/p>\n\t\t                      <svg width=\"20\" height=\"20\" viewBox=\"0 0 20 20\" fill=\"none\" xmlns=\"http:\/\/www.w3.org\/2000\/svg\">\n  <path d=\"M4.16659 10.8333H14.0499L11.0249 14.4666C10.9549 14.5509 10.9021 14.6481 10.8697 14.7528C10.8372 14.8574 10.8257 14.9675 10.8357 15.0766C10.8561 15.2969 10.9631 15.5002 11.1333 15.6416C11.3034 15.7831 11.5228 15.8511 11.7432 15.8308C11.9635 15.8105 12.1668 15.7035 12.3083 15.5333L16.4749 10.5333C16.503 10.4935 16.528 10.4517 16.5499 10.4083C16.5499 10.3666 16.5916 10.3416 16.6083 10.3C16.646 10.2044 16.6658 10.1027 16.6666 9.99996C16.6658 9.89722 16.646 9.79551 16.6083 9.69996C16.6083 9.6583 16.5666 9.6333 16.5499 9.59163C16.528 9.54818 16.503 9.5064 16.4749 9.46663L12.3083 4.46663C12.2299 4.37256 12.1318 4.29691 12.0209 4.24506C11.91 4.19321 11.789 4.16643 11.6666 4.16663C11.4719 4.16625 11.2832 4.23406 11.1333 4.35829C11.0489 4.42825 10.9791 4.51417 10.928 4.61112C10.8769 4.70808 10.8454 4.81417 10.8353 4.92332C10.8252 5.03247 10.8368 5.14253 10.8693 5.2472C10.9019 5.35187 10.9547 5.44909 11.0249 5.53329L14.0499 9.16663H4.16659C3.94557 9.16663 3.73361 9.25443 3.57733 9.41071C3.42105 9.56699 3.33325 9.77895 3.33325 9.99996C3.33325 10.221 3.42105 10.4329 3.57733 10.5892C3.73361 10.7455 3.94557 10.8333 4.16659 10.8333Z\" fill=\"black\"\/>\n<\/svg>\n\t                      <\/div>\n                      <\/a>\n                    <\/li>\n\n                  \n                <\/ul>\n\n              \n                \n                <ul class=\"offer-links \">\n\n                  \n                <\/ul>\n\n              \n            \n          <\/div>\n        <\/div>\n      <\/div>\n    <\/div>\n  <\/div>\n<\/section>\n","protected":false},"excerpt":{"rendered":"","protected":false},"author":2,"featured_media":23412,"parent":0,"menu_order":0,"comment_status":"closed","ping_status":"closed","template":"","meta":{"_acf_changed":false,"footnotes":""},"class_list":["post-23411","page","type-page","status-publish","has-post-thumbnail","hentry"],"acf":[],"_links":{"self":[{"href":"https:\/\/ecol.eu\/sv\/wp-json\/wp\/v2\/pages\/23411","targetHints":{"allow":["GET"]}}],"collection":[{"href":"https:\/\/ecol.eu\/sv\/wp-json\/wp\/v2\/pages"}],"about":[{"href":"https:\/\/ecol.eu\/sv\/wp-json\/wp\/v2\/types\/page"}],"author":[{"embeddable":true,"href":"https:\/\/ecol.eu\/sv\/wp-json\/wp\/v2\/users\/2"}],"replies":[{"embeddable":true,"href":"https:\/\/ecol.eu\/sv\/wp-json\/wp\/v2\/comments?post=23411"}],"version-history":[{"count":4,"href":"https:\/\/ecol.eu\/sv\/wp-json\/wp\/v2\/pages\/23411\/revisions"}],"predecessor-version":[{"id":23949,"href":"https:\/\/ecol.eu\/sv\/wp-json\/wp\/v2\/pages\/23411\/revisions\/23949"}],"wp:featuredmedia":[{"embeddable":true,"href":"https:\/\/ecol.eu\/sv\/wp-json\/wp\/v2\/media\/23412"}],"wp:attachment":[{"href":"https:\/\/ecol.eu\/sv\/wp-json\/wp\/v2\/media?parent=23411"}],"curies":[{"name":"wp","href":"https:\/\/api.w.org\/{rel}","templated":true}]}}