{"id":23253,"date":"2022-07-19T12:08:08","date_gmt":"2022-07-19T10:08:08","guid":{"rendered":"https:\/\/ecol.eu\/?page_id=23253"},"modified":"2024-08-16T12:27:07","modified_gmt":"2024-08-16T10:27:07","slug":"mekanisk-service","status":"publish","type":"page","link":"https:\/\/ecol.eu\/sv\/teknologier-och-tjanster\/tekniska-konsultforetag\/mekanisk-service\/","title":{"rendered":"Mekanisk service"},"content":{"rendered":"<header class=\"page-hero alignwide\">\n  <div class=\"container\">\n    <div class=\"row\">\n      <div class=\"col-lg-7 offset-lg-1 page-hero__text\">\n\n        <nav aria-label=\"Okruszki\" role=\"navigation\">\n  <ul class=\"breadcrumbs\" aria-label=\"lista okruszk\u00f3w\">\n\n    \n      <li class=\"breadcrumbs__item\">\n\n                  <a href=\"https:\/\/ecol.eu\/sv\/\" class=\"breadcrumbs__link\">Hemsida<\/a>\n        \n      <\/li>\n\n    \n  <\/ul>\n<\/nav>\n\n        <h1 class=\"heading heading--sb\">Mekanisk service<\/h1>\n\n                  <p class=\"desc\">Vi bist\u00e5r industrianl\u00e4ggningar med reparation och underh\u00e5ll av industrimaskiner och utrustning. Vi ser till att utrustningen fungerar s\u00e4kert och tillf\u00f6rlitligt och att anl\u00e4ggningen \u00e4r f\u00f6rberedd f\u00f6r planerade renoveringsarbeten.<\/p>\n        \n      <\/div>\n\n      <ul class=\"col-lg-7 offset-lg-1 links\" data-links><\/ul>\n\n    <\/div>\n\n    \n      <svg class=\"page-hero__bg page-hero__bg--oil\" xmlns=\"http:\/\/www.w3.org\/2000\/svg\" xmlns:xlink=\"http:\/\/www.w3.org\/1999\/xlink\" width=\"694mm\" height=\"318mm\" viewBox=\"100 0 195.87 303.01\">\r\n  <polygon points=\"131.95 29.25 146.73 28.73 139.87 88.2 115.64 90.68 131.95 29.25\" fill=\"#005198\" fill-rule=\"evenodd\" stroke-width=\"0\"\/>\r\n  <polygon points=\"131.95 29.25 146.73 28.73 139.87 88.2 115.64 90.68 131.95 29.25\" fill=\"none\" stroke=\"#005198\" stroke-linecap=\"round\" stroke-linejoin=\"round\" stroke-width=\".93\"\/>\r\n  <path d=\"M151.02,29.89l-4.29-1.16-6.86,59.48,23.3,28.9,16.98,5.84.44.14c-2.2-31-9.49-66.18-29.57-93.2Z\" fill=\"none\" stroke=\"#005198\" stroke-linecap=\"round\" stroke-linejoin=\"round\" stroke-width=\".93\"\/>\r\n  <path d=\"M163.17,117.11l-23.3-28.9-24.23,2.47,8.27,12.68,8.37,2.93.56-3.64c-.12-1.22-.1-1.23-.66-2.31l-3.34-4.96,1.16-3.86,16.72,19.69-14.44-4.92,30.88,10.81Z\" fill=\"none\" stroke=\"#005198\" stroke-linecap=\"round\" stroke-linejoin=\"round\" stroke-width=\".93\"\/>\r\n  <path d=\"M98.16,302.53l-14.72-.07c2.4-38.04-9.49-76.51-32.02-113.5-12.09-19.85-34.13-52.9-41.02-63.89C-4.73,100.89.78,81.59,5.15,66.87,15.44,32.18,40.99,11.71,64.23,1.09c2.72-1.24,6.42-.3,9.37-.05-27.1,17.16-37.14,36.1-43.93,59.17-6.73,22.87-1.15,47.83,9.26,63.91.72,1.52-2.54,2.42-1.82,3.9,33.33,69.32,61.06,97.05,61.06,174.5Z\" fill=\"#005198\" fill-rule=\"evenodd\" stroke-width=\"0\"\/>\r\n  <path d=\"M98.16,302.53l-14.72-.07c2.4-38.04-9.49-76.51-32.02-113.5-12.09-19.85-34.13-52.9-41.02-63.89C-4.73,100.89.78,81.59,5.15,66.87,15.44,32.18,40.99,11.71,64.23,1.09c2.72-1.24,6.42-.3,9.37-.05-27.1,17.16-37.14,36.1-43.93,59.17-6.73,22.87-1.15,47.83,9.26,63.91.72,1.52-2.54,2.42-1.82,3.9,33.33,69.32,61.06,97.05,61.06,174.5Z\" fill=\"none\" stroke=\"#005198\" stroke-linecap=\"round\" stroke-linejoin=\"round\" stroke-width=\".93\"\/>\r\n  <path d=\"M79.87,2.53l-5.74-1.82c-27.5,17.25-37.62,36.28-44.46,59.51-6.73,22.87-1.15,47.83,9.26,63.91l58.99,20.55,4.88-13.67,49.17,16.61-.35,8.83c.61,2.48.6,2.46,2.1,4.53,3.35,1.16,5.23,1.67,8.73,2.26,1.86-.33,4.02-2.58,5.08-4.13l12.86-35.97-64.94-22.74c-24.43-9.81-30.23-9.22-44.35-29.67l9.74-63.8c-.23-1.54-.72-2.86-.96-4.4Z\" fill=\"none\" stroke=\"#005198\" stroke-linecap=\"round\" stroke-linejoin=\"round\" stroke-width=\".93\"\/>\r\n  <polygon points=\"102.79 131.01 151.88 147.65 147.58 159.83 146.15 163.85 131.61 204.99 81.79 189.85 102.79 131.01\" fill=\"none\" stroke=\"#005198\" stroke-linecap=\"round\" stroke-linejoin=\"round\" stroke-width=\".93\"\/>\r\n  <path d=\"M79.87,2.53l-5.74-1.82c-27.5,17.25-37.62,36.28-44.46,59.51-6.73,22.87-1.15,47.83,9.26,63.91l58.99,20.55,4.88-13.67,49.17,16.61-.35,8.83c.61,2.48.6,2.46,2.1,4.53,3.35,1.16,5.23,1.67,8.73,2.26,1.86-.33,4.02-2.58,5.08-4.13l12.86-35.97-64.94-22.74c-24.43-9.81-30.23-9.22-44.35-29.67l9.74-63.8c-.23-1.54-.72-2.86-.96-4.4Z\" fill=\"none\" stroke=\"#005198\" stroke-linecap=\"round\" stroke-linejoin=\"round\" stroke-width=\".93\"\/>\r\n  <path d=\"M194.18,168c3.8-11.58-1.62-11.58-10.99-21.65l-5.61-15.41-10.06,28.19-5.45,9.59c0,.41,3.28,1.76,5.75,1.51,2.2-1.78,4.55-4.51,6.4-6.64.84-1.09,2.4-1.3,3.49-.47,1.09.84,1.63,2.33.79,3.42-2.2,2.91-4.51,5.16-7.22,5.06h-.03c.55.8,3.99,1.47,5.75.98,2.65-1.63,5.07-4,8.05-7.47l9.12,2.89Z\" fill=\"none\" stroke=\"#005198\" stroke-linecap=\"round\" stroke-linejoin=\"round\" stroke-width=\".93\"\/>\r\n  <path d=\"M167.16,159.77l-5.09,8.96c2.61-.03,4.85-2.23,6.99-5.06.84-1.09.3-2.58-.79-3.42-.34-.26-.71-.41-1.1-.48Z\" fill=\"none\" stroke=\"#005198\" stroke-linecap=\"round\" stroke-linejoin=\"round\" stroke-width=\".93\"\/>\r\n  <path d=\"M130.01,91.52l16.72,19.69-14.45-4.92.56-3.64c-.12-1.22-.1-1.23-.66-2.31l-3.34-4.96,1.16-3.86Z\" fill=\"none\" stroke=\"#005198\" stroke-linecap=\"round\" stroke-linejoin=\"round\" stroke-width=\".93\"\/>\r\n  <path d=\"M110.25,230.9l.51-.06c5.83-.72,10.94,4.93,11.48,10.79l5.57,60.91h-21.81l-4.99-58.32c-.5-5.86,3.41-12.59,9.25-13.31Z\" fill=\"none\" stroke=\"#005198\" stroke-linecap=\"round\" stroke-linejoin=\"round\" stroke-width=\".93\"\/>\r\n  <path d=\"M108.56,263.37c-.06-.5.04-.91.3-1.22.26-.31.67-.5,1.22-.57.61-.08,1.66.23,3.14.93l.13.07,6.73,3.19c.73.34,1.3.74,1.69,1.2.4.46.63.99.7,1.59.08.68-.04,1.21-.36,1.6-.33.39-.86.63-1.6.72l-8.2,1.01.18,1.46c.06.46-.01.83-.21,1.09-.2.27-.51.43-.94.48-.44.05-.79-.02-1.04-.23-.25-.21-.41-.55-.47-1.01l-.18-1.46-2.08.26c-.56.07-1.01-.02-1.34-.25-.33-.24-.53-.62-.59-1.14-.07-.54.03-.96.29-1.27.26-.31.68-.5,1.25-.57l2.08-.26-.7-5.62ZM118.33,267.94l-6.97-3.11.48,3.92,6.49-.8Z\" fill=\"none\" stroke=\"#005198\" stroke-miterlimit=\"22.93\" stroke-width=\".57\"\/>\r\n  <path d=\"M123.2,276.2h0c.12,1-.6,1.93-1.6,2.05l-3.77.47c-1,.12-1.93-.6-2.05-1.6h0c-.12-1,.6-1.93,1.6-2.05l3.77-.47c1-.12,1.93.6,2.05,1.6Z\" fill=\"none\" stroke=\"#005198\" stroke-miterlimit=\"22.93\" stroke-width=\".57\"\/>\r\n  <path d=\"M123.8,281.05h0c.12,1-.6,1.93-1.6,2.05l-3.77.47c-1,.12-1.93-.6-2.05-1.6h0c-.12-1,.6-1.93,1.6-2.05l3.77-.47c1-.12,1.93.6,2.05,1.6Z\" fill=\"none\" stroke=\"#005198\" stroke-miterlimit=\"22.93\" stroke-width=\".57\"\/>\r\n  <path d=\"M112.69,224.29l.68-.08c7.71-.88,14.43,5.98,15.16,13.07l6.67,65.24h-7.39l-5.57-60.91c-.53-5.85-5.64-11.51-11.48-10.79l-.51.06c-5.83.72-9.75,7.46-9.25,13.31l3.86,45.11-4.2-48c-.62-7.1,4.32-16.14,12.03-17.02Z\" fill=\"#005198\" fill-rule=\"evenodd\" stroke-width=\"0\"\/>\r\n  <path d=\"M112.69,224.29l.68-.08c7.71-.88,14.43,5.98,15.16,13.07l6.67,65.24h-7.39l-5.57-60.91c-.53-5.85-5.64-11.51-11.48-10.79l-.51.06c-5.83.72-9.75,7.46-9.25,13.31l3.86,45.11-4.2-48c-.62-7.1,4.32-16.14,12.03-17.02Z\" fill=\"none\" stroke=\"#005198\" stroke-linecap=\"round\" stroke-linejoin=\"round\" stroke-width=\".97\"\/>\r\n  <path d=\"M162.07,168.73c-35.85,57.05-23.49,103.95-18.46,133.8\" fill=\"none\" stroke=\"#005198\" stroke-linecap=\"round\" stroke-linejoin=\"round\" stroke-width=\".93\"\/>\r\n  <polygon points=\"102.79 131.01 151.88 147.65 147.58 159.83 146.15 163.85 131.61 204.99 81.79 189.85 102.79 131.01\" fill=\"none\" stroke=\"#005198\" stroke-linecap=\"round\" stroke-linejoin=\"round\" stroke-width=\".93\"\/>\r\n  <path d=\"M143.19,162.95l-14.54,41.14-46.92-14.23,19.07-53.39-3.61,10.28,3.55,1.25c1.74-1.77,3.47-3.98,4.89-5.79.78-1.13,2.34-1.41,3.47-.63,1.13.78,1.73,2.25.95,3.38-.43.63-.76,1.09-1.21,1.66.95.98,1.77,2.2,2.45,3.6,1.48-1.61,2.8-3.32,4.02-4.86.78-1.13,2.34-1.41,3.47-.63,1.13.78,1.73,2.25.95,3.38-.44.64-.88,1.24-1.33,1.8,1.06,1.05,1.97,2.38,2.7,3.94,1.62-1.7,3.21-3.74,4.54-5.42.78-1.13,2.34-1.41,3.47-.63,1.13.79,1.73,2.25.95,3.38-.49.72-.99,1.39-1.5,2.01.88.92,1.64,2.04,2.28,3.33,1.52-1.64,3.01-3.54,4.26-5.12.78-1.13,2.34-1.41,3.47-.63,1.13.78,1.73,2.25.95,3.38-1.34,2.56-1.76,3.55-3.03,6.41l6.72,2.37Z\" fill=\"#fff\" fill-rule=\"evenodd\" stroke-width=\"0\"\/>\r\n  <path d=\"M143.19,162.95l-14.54,41.14-46.92-14.23,19.07-53.39-3.61,10.28,3.55,1.25c1.74-1.77,3.47-3.98,4.89-5.79.78-1.13,2.34-1.41,3.47-.63,1.13.78,1.73,2.25.95,3.38-.43.63-.76,1.09-1.21,1.66.95.98,1.77,2.2,2.45,3.6,1.48-1.61,2.8-3.32,4.02-4.86.78-1.13,2.34-1.41,3.47-.63,1.13.78,1.73,2.25.95,3.38-.44.64-.88,1.24-1.33,1.8,1.06,1.05,1.97,2.38,2.7,3.94,1.62-1.7,3.21-3.74,4.54-5.42.78-1.13,2.34-1.41,3.47-.63,1.13.79,1.73,2.25.95,3.38-.49.72-.99,1.39-1.5,2.01.88.92,1.64,2.04,2.28,3.33,1.52-1.64,3.01-3.54,4.26-5.12.78-1.13,2.34-1.41,3.47-.63,1.13.79,1.73,2.25.95,3.38-1.34,2.56-1.76,3.55-3.03,6.41l6.72,2.37Z\" fill=\"none\" stroke=\"#005198\" stroke-linecap=\"round\" stroke-linejoin=\"round\" stroke-width=\".93\"\/>\r\n  <line x1=\"37\" y1=\"127.69\" x2=\"96.35\" y2=\"148.89\" fill=\"none\" stroke=\"#005198\" stroke-linecap=\"round\" stroke-linejoin=\"round\" stroke-width=\".93\"\/>\r\n  <path d=\"M37,127.69l59.35,21.2-14.64,40.97,49.89,15.13,14.46-40.92,15.47,5.5c-7.68,14.59-13.99,21.26-20.57,49.05-3.13,15.68-6.93,35.54,2.54,83.91h-16.02l-5.27-60.91c-.51-5.85-5.64-11.51-11.48-10.79l-.51.06c-5.83.72-9.72,7.45-9.25,13.31l4.71,58.32h-7.55l-.05-1.78c-2.34-76.1-27.95-103.93-61-172.71-.06-.12-.09-.23-.1-.34Z\" fill=\"none\" stroke=\"#005198\" stroke-linecap=\"round\" stroke-linejoin=\"round\" stroke-width=\".93\"\/>\r\n  <path d=\"M162.07,168.73c-35.85,57.05-23.49,103.95-18.46,133.8\" fill=\"none\" stroke=\"#005198\" stroke-linecap=\"round\" stroke-linejoin=\"round\" stroke-width=\".93\"\/>\r\n  <path d=\"M98.16,302.53l-14.72-.07c2.4-38.04-9.49-76.51-32.02-113.5-5.33-8.76-12.61-20.08-19.66-30.95-8.93-13.76-17.51-26.79-21.36-32.94C-4.73,100.89.78,81.59,5.15,66.87,15.44,32.18,40.99,11.71,64.23,1.09c2.72-1.24,6.42-.3,9.37-.05-27.1,17.16-37.14,36.1-43.93,59.17-6.73,22.87-1.15,47.83,9.26,63.91.72,1.52-2.54,2.42-1.82,3.9,33.33,69.32,61.06,97.05,61.06,174.5Z\" fill=\"none\" stroke=\"#005198\" stroke-linecap=\"round\" stroke-linejoin=\"round\" stroke-width=\".93\"\/>\r\n  <path d=\"M106.95,134.41l38.87,13.26c1.01,1.25,1.15,1.41,1.73,2.91l-2.95,8.35-1.42,4.02-6.72-2.37c1.27-2.86,1.69-3.85,3.03-6.41.78-1.13.18-2.59-.95-3.38-1.13-.78-2.68-.5-3.47.63-1.25,1.58-2.74,3.48-4.26,5.12-.64-1.29-1.41-2.41-2.28-3.33.51-.62,1.01-1.3,1.5-2.01.78-1.13.18-2.59-.95-3.38-1.13-.78-2.68-.5-3.47.63-1.33,1.68-2.92,3.71-4.54,5.42-.73-1.56-1.64-2.9-2.7-3.94.45-.56.89-1.17,1.33-1.8.78-1.13.18-2.59-.95-3.38-1.13-.78-2.68-.5-3.47.63-1.22,1.54-2.54,3.25-4.02,4.86-.67-1.4-1.5-2.62-2.45-3.6.45-.56.78-1.02,1.21-1.66.78-1.13.18-2.59-.95-3.38-1.13-.78-2.68-.5-3.47.63-1.43,1.8-3.16,4.01-4.89,5.79l-3.55-1.25,3.61-10.28c.88-2.64,2.43-3.32,6.16-2.06Z\" fill=\"none\" stroke=\"#005198\" stroke-linecap=\"round\" stroke-linejoin=\"round\" stroke-width=\".93\"\/>\r\n  <path d=\"M113.77,147.45c7.77,1.84,11.49,13.98,8.3,27.12-3.19,13.14-11.89,22.39-19.41,20.63-2.05-.48-3.8-1.73-5.2-3.56.07-.02.14-.05.21-.07.86.64,1.81,1.1,2.84,1.34,6.92,1.64,15.24-8.25,17.86-19.2,2.62-10.95-.52-21.86-5.62-24.83l1.02-1.44Z\" fill=\"#fff\" fill-rule=\"evenodd\" stroke-width=\"0\"\/>\r\n  <path d=\"M113.77,147.45c7.77,1.84,11.49,13.98,8.3,27.12-3.19,13.14-11.89,22.39-19.41,20.63-2.05-.48-3.8-1.73-5.2-3.56.07-.02.14-.05.21-.07.86.64,1.81,1.1,2.84,1.34,6.92,1.64,15.24-8.25,17.86-19.2,2.62-10.95-.52-21.86-5.62-24.83l1.02-1.44Z\" fill=\"none\" stroke=\"#005198\" stroke-miterlimit=\"22.93\" stroke-width=\".57\"\/>\r\n  <path d=\"M104.45,144.25c7.48,1.81,10.96,13.87,7.77,26.99-3.2,13.16-11.89,22.39-19.41,20.63-1.96-.46-3.64-1.62-5.01-3.31.1-.04.2-.08.3-.12.78.54,1.64.92,2.55,1.14,6.92,1.64,15.07-7.61,17.86-19.2,2.63-10.93.44-20.14-4.39-23.84-.29-.22-.6-.62-.91-.8l1.23-1.5Z\" fill=\"#fff\" fill-rule=\"evenodd\" stroke-width=\"0\"\/>\r\n  <path d=\"M104.45,144.25c7.48,1.81,10.96,13.87,7.77,26.99-3.2,13.16-11.89,22.39-19.41,20.63-1.96-.46-3.64-1.62-5.01-3.31.1-.04.2-.08.3-.12.78.54,1.64.92,2.55,1.14,6.92,1.64,15.07-7.61,17.86-19.2,2.63-10.93.44-20.14-4.39-23.84-.29-.22-.6-.62-.91-.8l1.23-1.5Z\" fill=\"none\" stroke=\"#005198\" stroke-miterlimit=\"22.93\" stroke-width=\".57\"\/>\r\n  <path d=\"M106.95,134.41l38.87,13.26c1.01,1.25,1.15,1.41,1.73,2.91l-2.95,8.35-1.42,4.02-6.72-2.37c1.27-2.86,1.69-3.85,3.03-6.41.78-1.13.18-2.59-.95-3.38-1.13-.78-2.68-.5-3.47.63-1.25,1.58-2.74,3.48-4.26,5.12-.64-1.29-1.41-2.41-2.28-3.33.51-.62,1.01-1.3,1.5-2.01.78-1.13.18-2.59-.95-3.38-1.13-.78-2.68-.5-3.47.63-1.33,1.68-2.92,3.71-4.54,5.42-.73-1.56-1.64-2.9-2.7-3.94.45-.56.89-1.17,1.33-1.8.78-1.13.18-2.59-.95-3.38-1.13-.78-2.68-.5-3.47.63-1.22,1.54-2.54,3.25-4.02,4.86-.67-1.4-1.5-2.62-2.45-3.6.45-.56.78-1.02,1.21-1.66.78-1.13.18-2.59-.95-3.38-1.13-.78-2.68-.5-3.47.63-1.43,1.8-3.16,4.01-4.89,5.79l-3.55-1.25,3.61-10.28c.88-2.64,2.43-3.32,6.16-2.06Z\" fill=\"none\" stroke=\"#005198\" stroke-linecap=\"round\" stroke-linejoin=\"round\" stroke-width=\".93\"\/>\r\n  <path d=\"M123.25,165.07c1.36,2.5,1.77,6.37.76,10.84-1.01,4.47-3.81,8.23-6.33,9.6,1.67-3.03,3.36-6.67,4.24-10.35.88-3.68,1.36-6.91,1.33-10.09Z\" fill=\"#fff\" fill-rule=\"evenodd\" stroke-width=\"0\"\/>\r\n  <path d=\"M123.25,165.07c1.36,2.5,1.77,6.37.76,10.84-1.01,4.47-3.81,8.23-6.33,9.6,1.67-3.03,3.36-6.67,4.24-10.35.88-3.68,1.36-6.91,1.33-10.09Z\" fill=\"none\" stroke=\"#005198\" stroke-miterlimit=\"22.93\" stroke-width=\".57\"\/>\r\n  <path d=\"M132.84,163.71c2.87,1.71,4.11,7.8,2.76,14.42-1.34,6.62-5.36,11.43-8.59,11.38,1.89-3.21,3.75-6.77,4.87-11.48,1.12-4.71,1.57-9.99.95-14.32Z\" fill=\"#fff\" fill-rule=\"evenodd\" stroke-width=\"0\"\/>\r\n  <path d=\"M132.84,163.71c2.87,1.71,4.11,7.8,2.76,14.42-1.34,6.62-5.36,11.43-8.59,11.38,1.89-3.21,3.75-6.77,4.87-11.48,1.12-4.71,1.57-9.99.95-14.32Z\" fill=\"none\" stroke=\"#005198\" stroke-miterlimit=\"22.93\" stroke-width=\".57\"\/>\r\n  <path d=\"M124.16,150.61c7.52,1.76,11.02,13.85,7.83,27-3.2,13.16-11.89,22.39-19.41,20.63-1.97-.46-3.67-1.63-5.04-3.35.1-.03.2-.07.3-.1.79.55,1.66.94,2.59,1.17,6.92,1.64,14.92-6.96,17.86-19.2,2.67-11.08.27-21.35-5.34-24.41l1.02-1.79c.07.01.13.03.2.04Z\" fill=\"#fff\" fill-rule=\"evenodd\" stroke-width=\"0\"\/>\r\n  <path d=\"M124.16,150.61c7.52,1.76,11.02,13.85,7.83,27-3.2,13.16-11.89,22.39-19.41,20.63-1.97-.46-3.67-1.63-5.04-3.35.1-.03.2-.07.3-.1.79.55,1.66.94,2.59,1.17,6.92,1.64,14.92-6.96,17.86-19.2,2.67-11.08.27-21.35-5.34-24.41l1.02-1.79c.07.01.13.03.2.04Z\" fill=\"none\" stroke=\"#005198\" stroke-miterlimit=\"22.93\" stroke-width=\".57\"\/>\r\n  <path d=\"M113.36,163.47c1.14,2.6,1.2,6.64-.07,10.8-1.3,4.26-3.67,7.58-6.1,8.95,2.16-3.33,3.93-7.42,5.04-11.99.65-2.66,1.02-5.27,1.14-7.76Z\" fill=\"#fff\" fill-rule=\"evenodd\" stroke-width=\"0\"\/>\r\n  <path d=\"M113.36,163.47c1.14,2.6,1.2,6.64-.07,10.8-1.3,4.26-3.67,7.58-6.1,8.95,2.16-3.33,3.93-7.42,5.04-11.99.65-2.66,1.02-5.27,1.14-7.76Z\" fill=\"none\" stroke=\"#005198\" stroke-miterlimit=\"22.93\" stroke-width=\".57\"\/>\r\n  <line x1=\"146.82\" y1=\"164.31\" x2=\"161.11\" y2=\"169.41\" fill=\"none\" stroke=\"#005198\" stroke-linecap=\"round\" stroke-linejoin=\"round\" stroke-width=\".93\"\/>\r\n  <path d=\"M124.16,150.61c7.52,1.76,11.02,13.85,7.83,27-3.2,13.16-11.89,22.39-19.41,20.63-1.97-.46-3.67-1.63-5.04-3.35.1-.03.2-.07.3-.1.79.55,1.66.94,2.59,1.17,6.92,1.64,14.92-6.96,17.86-19.2,2.56-10.65.45-20.55-4.7-24.02-.21-.14-.78-.45-.99-.57l1.37-1.61c.07.01.13.03.2.04Z\" fill=\"#fff\" fill-rule=\"evenodd\" stroke-width=\"0\"\/>\r\n  <path d=\"M124.16,150.61c7.52,1.76,11.02,13.85,7.83,27-3.2,13.16-11.89,22.39-19.41,20.63-1.97-.46-3.67-1.63-5.04-3.35.1-.03.2-.07.3-.1.79.55,1.66.94,2.59,1.17,6.92,1.64,14.92-6.96,17.86-19.2,2.56-10.65.45-20.55-4.7-24.02-.21-.14-.78-.45-.99-.57l1.37-1.61c.07.01.13.03.2.04Z\" fill=\"none\" stroke=\"#005198\" stroke-miterlimit=\"22.93\" stroke-width=\".57\"\/>\r\n  <path d=\"M98.27,143.41l.06.06-1.15,3.28,3.55,1.25c.13-.13.26-.27.39-.41,2.34,5.12,2.83,12.64.91,20.55-3.2,13.16-12.28,23.01-19.41,20.63l-.34-.11.71-2.01c6.24-.63,12.75-8.58,15.34-19.36,1.9-7.92,1.23-15.42-1.36-20.18l1.28-3.61.03-.08Z\" fill=\"none\" stroke=\"#005198\" stroke-miterlimit=\"22.93\" stroke-width=\".57\"\/>\r\n  <path d=\"M103.14,160.91c1.01,2.61,1.02,6.48-.2,10.48-1.3,4.25-3.65,7.55-6.08,8.94,2.22-3.36,4.04-7.53,5.17-12.19.6-2.46.96-4.89,1.11-7.22Z\" fill=\"#fff\" fill-rule=\"evenodd\" stroke-width=\"0\"\/>\r\n  <path d=\"M103.14,160.91c1.01,2.61,1.02,6.48-.2,10.48-1.3,4.25-3.65,7.55-6.08,8.94,2.22-3.36,4.04-7.53,5.17-12.19.6-2.46.96-4.89,1.11-7.22Z\" fill=\"none\" stroke=\"#005198\" stroke-miterlimit=\"22.93\" stroke-width=\".57\"\/>\r\n  <path d=\"M94.2,155.38c1.36,2.86,1.32,7.8-.37,12.86-1.8,5.39-4.93,9.33-7.78,10.2,2.72-7.69,5.43-15.36,8.15-23.06Z\" fill=\"#fff\" fill-rule=\"evenodd\" stroke-width=\"0\"\/>\r\n  <path d=\"M94.2,155.38c1.36,2.86,1.32,7.8-.37,12.86-1.8,5.39-4.93,9.33-7.78,10.2,2.72-7.69,5.43-15.36,8.15-23.06Z\" fill=\"none\" stroke=\"#005198\" stroke-miterlimit=\"22.93\" stroke-width=\".57\"\/>\r\n  <path d=\"M167.83,170.24c4.31,3.17,7.6.39,10.68-3.69.84-1.09.3-2.58-.79-3.42-1.09-.84-2.66-.63-3.49.47-1.85,2.13-4.2,4.86-6.4,6.64Z\" fill=\"none\" stroke=\"#005198\" stroke-linecap=\"round\" stroke-linejoin=\"round\" stroke-width=\".93\"\/>\r\n<\/svg>\n\n    \n  <\/div>\n<\/header>\n\n\n\n<div style=\"height:52px\" aria-hidden=\"true\" class=\"wp-block-spacer\"><\/div>\n\n\n<section class=\"normal-content alignwide \">\n  <div class=\"container\">\n    <div class=\"row justify-content-center\">\n\n\t    \n\t\t    <div class=\"col-xl-5 col-lg-6 normal-content__text normal-content__text--col\">\n\t\t\t    <div class=\"normal-content__text-wrapper\">\n\n\t\t\t\t    \n\t\t\t\t\t    <h2 class=\"heading heading--line\">mekanisk service &#8211;&nbsp;v\u00e5ra tj\u00e4nster<\/h2>\n\n\t\t\t\t    \n\t\t\t\t    \n\t\t\t\t\t    <h3 class=\"heading\">reparation och underh\u00e5ll av industrimaskiner och utrustning<\/h3>\n\n\t\t\t\t    \n\t\t\t\t    \n\t\t\t\t\t    <p class=\"desc\"><b>Mekanisk service<\/b> best\u00e5r i&nbsp;reperation och underh\u00e5ll av industrimaskiner och anordningar.  Detta omfattar reparationer av olika slags maskiner, fr\u00e5n enkla verktyg till avancerade tillverkningsmaskiner. Mekanisk service inkluderar ocks\u00e5 regelbundna maskinbesiktningar, byte av begagnade delar och underh\u00e5ll i&nbsp;syfte att s\u00e4kerst\u00e4lla att utrustningen fungerar s\u00e4kert och felfritt.\r\n<br><br>\r\nVi erbjuder professionell hj\u00e4lp vid tekniska fel eller maskinskador. Vi hj\u00e4lper \u00e4ven v\u00e5ra kunder med att f\u00f6rbereda anl\u00e4ggningar inf\u00f6r planerade renoverings- och sm\u00f6rjningsarbeten.\r\n<\/p>\n\n\t\t\t\t    \n\t\t\t\t    \n\t\t\t    <\/div>\n\t\t    <\/div>\n\t\t    <div class=\"col-xl-5 col-lg-6 normal-content__image-wrapper\">\n\n\t\t\t    \t\t\t\t    <img decoding=\"async\" src=\"https:\/\/ecol.eu\/wp-content\/uploads\/2023\/07\/ecol-przemyslowy-serwis-mechaniczny.webp\" class=\"normal-content__image\" alt=\"ecol-przemyslowy-serwis-mechaniczny\" loading=\"lazy\">\n\t\t\t    \n\t\t    <\/div>\n\n\t\t\t\n    <\/div>\n  <\/div>\n<\/section>\n\n\n<section class=\"editor alignwide\">\n  <div class=\"container\">\n    <div class=\"row\">\n      <article class=\"offset-lg-2 col-xl-9 col-lg-10 editor__text\">\n\n        \n          \n            \n\t\t\t\t\t      <div class=\"post\">\n\t\t\t\t\t\t      \n\t\t\t\t\t\t      \t\t\t\t\t\t\t      <div class=\"post\">\n\t\t\t\t\t\t\t\t      <p class=\"post__paragraph\">Som en del av v\u00e5r mekaniska service erbjuder vi tekniskt st\u00f6d avseende industrimaskiner och anordningar, bl.a.:<\/p>\n<ul class=\"post__list post__list--nonordered\">\n<li class=\"post__list-item\">fels\u00f6kning och \u00e5tg\u00e4rdande av fel<\/li>\n<li class=\"post__list-item\">regelbundna inspektioner samt inspektioner i\u00a0f\u00f6rebyggande syfte<\/li>\n<li class=\"post__list-item\">modernisering och underh\u00e5ll av utrustning<\/li>\n<li class=\"post__list-item\">montering och demontering av maskindelar och komponenter<\/li>\n<li class=\"post__list-item\">inf\u00f6rande av nya teknologiska l\u00f6sningar<\/li>\n<li class=\"post__list-item\">teknisk r\u00e5dgivning i\u00a0fr\u00e5ga om underh\u00e5ll<\/li>\n<\/ul>\n<p class=\"post__paragraph\">Som en del av v\u00e5r mekaniska service erbjuder vi \u00e4ven tj\u00e4nster inom besiktning och reparation av hydrauliska, pneumatiska system och framdrivningssystem.<\/p>\n\n\t\t\t\t\t\t\t      <\/div>\n\t\t\t\t\t\t      \t\t\t\t\t      <\/div>\n                \n          \n        \n      <\/article>\n    <\/div>\n  <\/div>\n<\/section>\n\n\n<section class=\"contact-persons alignwide\">\n  <div class=\"container\">\n    <div class=\"row\">\n\n      <div class=\"offset-lg-2 offset-md-0 col-lg-8\">\n\n        \n          <h2 class=\"heading heading--line\">kontakt<\/h2>\n\n        \n        \n          <h3 class=\"heading heading--large\">Har du fr\u00e5gor om tj\u00e4nsten?<\/h3>\n\n        \n        \n          <p class=\"desc\">Kontakta v\u00e5r specialist:\r\n\r\n<\/p>\n\n        \n      <\/div>\n\n      \n        <ul class=\"offset-lg-2 offset-md-0 col-lg-9 listing\">\n\n          \n            \n            <li class=\"listing__item\">\n\n\t            \n\t\t\t\t\t\t\t\t<div class=\"listing__inner-wrapper\">\n\t\t\t\t\t\t\t\t\t<div class=\"listing__image-wrapper\">\n\t\t\t\t\t\t\t\t\t\t<img decoding=\"async\" src=\"https:\/\/ecol.eu\/wp-content\/uploads\/2024\/08\/Ljungquist-Michael-ECOL-www.png\" class=\"listing__image\" alt=\"\" loading=\"lazy\">\n\t\t\t\t\t\t\t\t\t<\/div>\n\t\t\t\t\t\t\t\t\t<div class=\"listing__inner-details\">\n\n\t\t\t\t\t\t\t\t\t\t\n\t\t\t\t\t\t\t\t\t\t\t<h3 class=\"listing__heading heading heading--b\">Michael Ljungquist<\/h3>\n\n\t\t\t\t\t\t\t\t\t\t\n\t\t\t\t\t\t\t\t\t\t\n\t\t\t\t\t\t\t\t\t\t\t<p class=\"listing__position\">Regional Sales Manager for Scandinavia<\/p>\n\n\t\t\t\t\t\t\t\t\t\t\n\t\t\t\t\t\t\t\t\t\t\n\t\t\t\t\t\t\t\t\t\t\t<a href=\"tel:+46722334075\" class=\"listing__link\" target=\"\"><svg width=\"14\" height=\"14\" viewBox=\"0 0 14 14\" fill=\"none\" xmlns=\"http:\/\/www.w3.org\/2000\/svg\">\n  <path d=\"M13.1403 9.8875C13.1044 9.85906 10.5 7.98175 9.78512 8.1165C9.44387 8.17688 9.24875 8.40963 8.85719 8.87556C8.79419 8.95081 8.64281 9.13106 8.52513 9.25925C8.27767 9.17854 8.03629 9.08029 7.80281 8.96525C6.59773 8.37857 5.62406 7.4049 5.03737 6.19981C4.92225 5.96637 4.824 5.72498 4.74337 5.4775C4.872 5.35938 5.05225 5.208 5.12925 5.14325C5.593 4.75387 5.82619 4.55875 5.88656 4.21662C6.01038 3.50787 4.13437 0.8855 4.11469 0.861875C4.02957 0.740281 3.91849 0.639127 3.78948 0.565733C3.66047 0.492338 3.51676 0.448537 3.36875 0.4375C2.60837 0.4375 0.4375 3.25369 0.4375 3.72794C0.4375 3.7555 0.477313 6.55725 3.93225 10.0717C7.44319 13.5227 10.2445 13.5625 10.2721 13.5625C10.7467 13.5625 13.5625 11.3916 13.5625 10.6312C13.5516 10.4838 13.508 10.3405 13.435 10.2119C13.362 10.0833 13.2614 9.97248 13.1403 9.8875Z\" fill=\"black\"\/>\n<\/svg>\n+46 72 233 40 75<\/a>\n\n\t\t\t\t\t\t\t\t\t\t\n                    \n                      <a href=\"\" class=\"listing__link\" target=\"\"><svg xmlns=\"http:\/\/www.w3.org\/2000\/svg\" width=\"14\" height=\"14\" viewBox=\"0 0 24 24\">\n  <path d=\"M19 2c0-1.104-.896-2-2-2h-10c-1.104 0-2 .896-2 2v20c0 1.104.896 2 2 2h10c1.104 0 2-.896 2-2v-20zm-8.5 0h3c.276 0 .5.224.5.5s-.224.5-.5.5h-3c-.276 0-.5-.224-.5-.5s.224-.5.5-.5zm1.5 20c-.553 0-1-.448-1-1s.447-1 1-1c.552 0 .999.448.999 1s-.447 1-.999 1zm5-3h-10v-14.024h10v14.024z\"\/>\n<\/svg>\n<\/a>\n\n                    \n\t\t\t\t\t\t\t\t\t\t\n\t\t\t\t\t\t\t\t\t\t\t<a href=\"mailto:m.ljungquist@ecol.eu\" class=\"listing__link\" target=\"\"><svg width=\"14\" height=\"14\" viewBox=\"0 0 14 14\" fill=\"none\" xmlns=\"http:\/\/www.w3.org\/2000\/svg\">\n  <g clip-path=\"url(#clip0_447_7182)\">\n    <path d=\"M8.17001 8.57754C7.82171 8.80974 7.41713 8.93249 7 8.93249C6.5829 8.93249 6.17832 8.80974 5.83002 8.57754L0.0932148 4.75289C0.0613867 4.73167 0.0303789 4.70955 0 4.6868V10.9539C0 11.6724 0.583105 12.2427 1.28879 12.2427H12.7112C13.4297 12.2427 14 11.6596 14 10.9539V4.68677C13.9695 4.70957 13.9385 4.73175 13.9066 4.75299L8.17001 8.57754Z\" fill=\"black\"\/>\n    <path d=\"M0.548242 4.07039L6.28504 7.89507C6.50221 8.03985 6.75109 8.11223 6.99997 8.11223C7.24888 8.11223 7.49779 8.03982 7.71496 7.89507L13.4518 4.07039C13.7951 3.84166 14 3.45884 14 3.04568C14 2.33526 13.422 1.75732 12.7116 1.75732H1.28836C0.577965 1.75735 0 2.33529 0 3.04636C0 3.45884 0.204969 3.84166 0.548242 4.07039Z\" fill=\"black\"\/>\n  <\/g>\n  <defs>\n    <clipPath id=\"clip0_447_7182\">\n      <rect width=\"14\" height=\"14\" fill=\"white\"\/>\n    <\/clipPath>\n  <\/defs>\n<\/svg>\nm.ljungquist@ecol.eu<\/a>\n\n\t\t\t\t\t\t\t\t\t\t\n\t\t\t\t\t\t\t\t\t<\/div>\n\t\t\t\t\t\t\t\t<\/div>\n\n\t\t\t\t\t\t\t\n            <\/li>\n\n          \n        <\/ul>\n\n      \n    <\/div>\n  <\/div>\n<\/section>\n","protected":false},"excerpt":{"rendered":"Vi bist\u00e5r industrianl\u00e4ggningar med reparation och underh\u00e5ll av industrimaskiner och utrustning. Vi ser till att utrustningen fungerar s\u00e4kert och tillf\u00f6rlitligt och att anl\u00e4ggningen \u00e4r f\u00f6rberedd f\u00f6r planerade renoveringsarbeten.","protected":false},"author":3,"featured_media":23256,"parent":23535,"menu_order":0,"comment_status":"closed","ping_status":"closed","template":"","meta":{"_acf_changed":false,"footnotes":""},"class_list":["post-23253","page","type-page","status-publish","has-post-thumbnail","hentry"],"acf":[],"_links":{"self":[{"href":"https:\/\/ecol.eu\/sv\/wp-json\/wp\/v2\/pages\/23253","targetHints":{"allow":["GET"]}}],"collection":[{"href":"https:\/\/ecol.eu\/sv\/wp-json\/wp\/v2\/pages"}],"about":[{"href":"https:\/\/ecol.eu\/sv\/wp-json\/wp\/v2\/types\/page"}],"author":[{"embeddable":true,"href":"https:\/\/ecol.eu\/sv\/wp-json\/wp\/v2\/users\/3"}],"replies":[{"embeddable":true,"href":"https:\/\/ecol.eu\/sv\/wp-json\/wp\/v2\/comments?post=23253"}],"version-history":[{"count":2,"href":"https:\/\/ecol.eu\/sv\/wp-json\/wp\/v2\/pages\/23253\/revisions"}],"predecessor-version":[{"id":28601,"href":"https:\/\/ecol.eu\/sv\/wp-json\/wp\/v2\/pages\/23253\/revisions\/28601"}],"up":[{"embeddable":true,"href":"https:\/\/ecol.eu\/sv\/wp-json\/wp\/v2\/pages\/23535"}],"wp:featuredmedia":[{"embeddable":true,"href":"https:\/\/ecol.eu\/sv\/wp-json\/wp\/v2\/media\/23256"}],"wp:attachment":[{"href":"https:\/\/ecol.eu\/sv\/wp-json\/wp\/v2\/media?parent=23253"}],"curies":[{"name":"wp","href":"https:\/\/api.w.org\/{rel}","templated":true}]}}