{"id":23092,"date":"2022-10-28T11:29:36","date_gmt":"2022-10-28T09:29:36","guid":{"rendered":"https:\/\/ecol.eu\/allmanna-villkor\/"},"modified":"2024-08-16T13:14:37","modified_gmt":"2024-08-16T11:14:37","slug":"allmanna-villkor","status":"publish","type":"page","link":"https:\/\/ecol.eu\/sv\/allmanna-villkor\/","title":{"rendered":"Allm\u00e4nna villkor"},"content":{"rendered":"\n<div style=\"height:100px\" aria-hidden=\"true\" class=\"wp-block-spacer\"><\/div>\n\n\n<section class=\"editor alignwide\">\n  <div class=\"container\">\n    <div class=\"row\">\n      <article class=\"offset-lg-2 col-xl-9 col-lg-10 editor__text\">\n\n        \n          \n            \n\t\t\t\t\t      <div class=\"post\">\n\t\t\t\t\t\t      \n\t\t\t\t\t\t      \t\t\t\t\t\t\t      <div class=\"post\">\n\t\t\t\t\t\t\t\t      <h2 class=\"post__header heading heading--line\">Anv\u00e4ndarvillkor f\u00f6r Ecol.eu<\/h2>\n<h3 class=\"post__header heading heading--line\"><strong>Generella f\u00f6rbeh\u00e5ll<\/strong><\/h3>\n<p class=\"post__paragraph\">I denna text och p\u00e5 webbsidan st\u00e5r Ecol f\u00f6r Ecol Sp. z\u00a0o.o. med s\u00e4te i\u00a0Rybnik, ul. Podmiejska 71 A, 44-207 Rybnik.  <\/p>\n<p class=\"post__paragraph\">Med \u201dTj\u00e4nsten\u201d i\u00a0dessa villkor avses webbsidan: www.ecol.eu<\/p>\n<h3 class=\"post__header heading heading--line\"><strong>Undantag fr\u00e5n ansvar<\/strong><\/h3>\n<p class=\"post__paragraph\">Alla uppgifter p\u00e5 Ecols webbsida \u00e4r endast av informativ karakt\u00e4r. Ecol l\u00e4mnar inga garantier avseende form och inneh\u00e5ll av de uppgifter som finns p\u00e5 Webbsidan, i\u00a0synnerhet n\u00e4r det g\u00e4ller huruvida de \u00e4r aktuella, noggranna, fullst\u00e4ndiga och anv\u00e4ndbara f\u00f6r syftet ifr\u00e5ga. Ecol b\u00e4r inte ansvar f\u00f6r eventuella skador som drabbat Webbsidans anv\u00e4ndare eller tredje parter i\u00a0samband med anv\u00e4ndning av uppgifterna som finns p\u00e5 Webbsidan. Det \u00e4r anv\u00e4ndaren som f\u00e5r st\u00e5 f\u00f6r alla risker med att anv\u00e4nda de uppgifter som finns p\u00e5 Ecols webbsida. Ecol uppdaterar webbsidans inneh\u00e5ll regelbundet. Det kan dock f\u00f6rekomma fel.<\/p>\n<h3 class=\"post__header heading heading--line\"><strong>Upphovsr\u00e4tt<\/strong><\/h3>\n<p class=\"post__paragraph\">Alla r\u00e4ttigheter till hela inneh\u00e5llet p\u00e5 Ecols webbsida f\u00f6rbeh\u00e5lls. Webbplatsen och alla dess delar skyddas av g\u00e4llande lagar, bl.a. lagen av den 4 februari 1994 om upphovsr\u00e4tt och liknande r\u00e4ttigheter (konsoliderad version) Polens f\u00f6rfattningssamling 00.80.904 med senare \u00e4ndringar), lagen av den 16 april 1993 om bek\u00e4mpning av o\u00e4rlig konkurrens (Polens f\u00f6rfattningssamling 93.47.211 med senare \u00e4ndringar) samt lagen av den 27 juli 2001 om skydd av databaser (Polens f\u00f6rfattningssamling 01.128.1402).  Anv\u00e4ndaren har r\u00e4tt att anv\u00e4nda Ecols webbsida, s\u00e5vida hen inte g\u00f6r intr\u00e5ng i\u00a0upphovsr\u00e4tten och r\u00e4ttigheterna h\u00e4nf\u00f6rliga till varum\u00e4rken tillh\u00f6rande Ecol eller andra enheter som visas p\u00e5 webbsidan. Kopiering och tillf\u00e4llig lagring av inneh\u00e5llen p\u00e5 denna webbplats \u00e4r till\u00e5tet, f\u00f6rutsatt att det endast anv\u00e4nds f\u00f6r personligt bruk. Spridning, kopiering och reproduktion i\u00a0marknadsf\u00f6ringssyften utan skriftligt godk\u00e4nnande fr\u00e5n Ecol eller dess samarbets partners \u00e4r inte till\u00e5ten med undantag av offentliga material som finns i\u00a0sektionen \u201dFiler att ladda ned\u201d och \u201dS\u00e4kerhetsdatablad\u201d.  <\/p>\n<h3 class=\"post__header heading heading--line\"><strong>Varum\u00e4rken<\/strong><\/h3>\n<p class=\"post__paragraph\">Ecols logotyp \u00e4r ett varum\u00e4rke som tillh\u00f6r Ecol Sp. z\u00a0o.o. och endast f\u00e5r anv\u00e4ndas om det l\u00e4mnat sitt samtycke. Om Webbsidans anv\u00e4ndare anv\u00e4nder varum\u00e4rket utan att ha ing\u00e5tt skriftligt avtal med Ecol, ska hen anses ha \u00f6vertr\u00e4tt lagen av den 30 juni 2000 om industriell upphovsr\u00e4tt (Polens f\u00f6rfattningssamling 01.49.508 med senare \u00e4ndringar), andra best\u00e4mmelser som n\u00e4mns i\u00a0denna lag eller lagen av den 16 april 1993 om bek\u00e4mpning av o\u00e4rlig konkurrens (Polens f\u00f6rfattningssamling 93.47.211 med senare \u00e4ndringar). En l\u00e4nk till v\u00e5r webbsida f\u00e5r inte placeras p\u00e5 en annan webbsida f\u00f6rr\u00e4n Ecol l\u00e4mnat ett skriftligt godk\u00e4nnande, med undantag av diskussionssidor. Varum\u00e4rken (logotyper) som tillh\u00f6r andra parter och som f\u00f6rekommer p\u00e5 Ecols webbplats \u00e4r deras enskilda egendom och skyddas av lagen.  <\/p>\n<h3 class=\"post__header heading heading--line\"><strong>Cookiefiler, dvs. kakor<\/strong><\/h3>\n<p class=\"post__paragraph\">F\u00f6r att kunna anpassa inneh\u00e5llet till anv\u00e4ndarnas behov anv\u00e4nder Ecol s.k. cookies. Cookies \u00e4r textinformation som lagras av Ecol-servern p\u00e5 anv\u00e4ndarens dator och som kan l\u00e4sas av servern varje g\u00e5ng anv\u00e4ndaren ansluter fr\u00e5n den datorn. Ecol anv\u00e4nder data fr\u00e5n cookiefiler f\u00f6r att f\u00f6rvalta webbsidan, f\u00f6ra statistik \u00f6ver bes\u00f6k och s\u00e4kerst\u00e4lla att den fungerar korrekt. Anv\u00e4ndaren har m\u00f6jlighet att avaktivera cookies p\u00e5 sin dator genom att \u00e4ndra webbl\u00e4sarinst\u00e4llningarna. Detta kommer dock att begr\u00e4nsa webbsidans funktionalitet och leda till att det inte g\u00e5r att ta del av inneh\u00e5ll som \u00e4r avsett f\u00f6r registrerade anv\u00e4ndare. Hur cookiefiler kan avaktiveras beror p\u00e5 vilken webbl\u00e4sare bes\u00f6karen anv\u00e4nder. H\u00e4r \u00e4r n\u00e5gra tips p\u00e5 hur du kan begr\u00e4nsa cookies i\u00a0de vanligaste webbl\u00e4sarna:    <\/p>\n<p><strong>Mozilla Firefox<\/strong><br>\nI menyn \u201dVerktyg\u201d v\u00e4ljer du \u201dAlternativ\u201d och d\u00e4r fliken \u201dSekretess\u201d. I webbl\u00e4saren har du m\u00f6jlighet att v\u00e4lja om du vill anv\u00e4nda cookies eller radera enskilda cookies fr\u00e5n enskilda webbplatser.<\/p>\n<p><strong>Microsoft Internet Explorer<\/strong><br>\nI menyn \u201dVerktyg\u201d v\u00e4ljer du \u201dInternetalternativ\u201d och d\u00e4r fliken \u201dSekretess\u201d. Det finns ett reglage du kan anv\u00e4nda f\u00f6r att justera den generella integritetsniv\u00e5n eller klicka p\u00e5 knappen \u201dWebbsidor\u201d f\u00f6r att \u00e4ndra inst\u00e4llningar f\u00f6r olika webbsidor.<\/p>\n<p><strong>Google Chrome<\/strong><br>\nI alternativmenyn (klicka p\u00e5 knappen i\u00a0\u00f6vre h\u00f6gra h\u00f6rnet) beh\u00f6ver du v\u00e4lja \u201dVerktyg\u201d och sedan \u201dRensa surfdata\u2026\u201d. F\u00f6rutom rensning av cookiefiler finns det \u00e4ven en l\u00e4nk \u201dMer information\u201d till mer detaljerad information om webbl\u00e4sarens integritetsfunktion. <\/p>\n<p><strong>Opera<\/strong><br>\nKlicka p\u00e5 knappen \u201dOpera\u201d i\u00a0\u00f6vre v\u00e4nstra h\u00f6rnet f\u00f6r att \u00f6ppna alternativmenyn och v\u00e4lja \u201dInst\u00e4llningar\u201d och sedan \u201dRensa s\u00f6kningshistoriken\u2026\u201d. F\u00f6rutom radering av cookiefiler finns det \u00e4ven en knapp \u201dHantera kakor\u2026\u201d till mer avancerade alternativ f\u00f6r olika webbsidor. <\/p>\n<p><strong>Apple Safari<\/strong><br>\nI menyn \u201dSafari\u201d v\u00e4ljer du \u201dInst\u00e4llningar\u201d och d\u00e4r fliken \u201dSekretess\u201d. D\u00e4r finns det flera olika alternativ f\u00f6r cookiefiler. <\/p>\n<p class=\"post__paragraph\">P\u00e5 mobiltelefoner, surfplattor och andra mobila enheter Varje telefonmodell kan hantera denna funktion p\u00e5 ett annat s\u00e4tt. Vi rekommenderar d\u00e4rf\u00f6r att du g\u00e5r igenom sekretessalternativen i\u00a0dokumentationen p\u00e5 mobiltillverkarens webbplats.<\/p>\n<p class=\"post__paragraph\">Du hittar detaljerad och aktuell information om hur du konfigurerar din webbl\u00e4sare p\u00e5 utgivarens webbplats.<\/p>\n<h3 class=\"post__header heading heading--line\"><strong>Till\u00e4mplig lag<\/strong><\/h3>\n<p class=\"post__paragraph\">Till\u00e4mpningen av dessa villkor och anv\u00e4ndningen av webbplatsen regleras av polsk lag. Om n\u00e5gon best\u00e4mmelse i\u00a0dessa villkor anses vara ogiltig, olaglig eller sakna r\u00e4ttslig verkan enligt polsk lag, ska den inte g\u00e4lla. I \u00f6vrigt kommer villkoren att forts\u00e4tta att g\u00e4lla och forts\u00e4tta att ha r\u00e4ttslig verkan.  <\/p>\n<h3 class=\"post__header heading heading--line\"><strong>Kontakt<\/strong><\/h3>\n<p class=\"post__paragraph\">Anv\u00e4ndare som har n\u00e5gra fr\u00e5gor eller kommentarer avseende anv\u00e4ndarvillkoren \u00e4r v\u00e4lkomna att kontakta oss via: <a class=\"post__link\" href=\"mailto:webmaster@ecol.eu\">webmaster@ecol.eu<\/a> eller ringa <a class=\"post__link\" href=\"tel:+48%2032%20739%2063%2075\">+48 32 739 63 75.<\/a><\/p>\n\n\t\t\t\t\t\t\t      <\/div>\n\t\t\t\t\t\t      \t\t\t\t\t      <\/div>\n                \n          \n        \n      <\/article>\n    <\/div>\n  <\/div>\n<\/section>\n\n\n\n<div style=\"height:55px\" aria-hidden=\"true\" class=\"wp-block-spacer\"><\/div>\n","protected":false},"excerpt":{"rendered":"","protected":false},"author":3,"featured_media":23073,"parent":0,"menu_order":0,"comment_status":"closed","ping_status":"closed","template":"","meta":{"_acf_changed":false,"footnotes":""},"class_list":["post-23092","page","type-page","status-publish","has-post-thumbnail","hentry"],"acf":[],"_links":{"self":[{"href":"https:\/\/ecol.eu\/sv\/wp-json\/wp\/v2\/pages\/23092","targetHints":{"allow":["GET"]}}],"collection":[{"href":"https:\/\/ecol.eu\/sv\/wp-json\/wp\/v2\/pages"}],"about":[{"href":"https:\/\/ecol.eu\/sv\/wp-json\/wp\/v2\/types\/page"}],"author":[{"embeddable":true,"href":"https:\/\/ecol.eu\/sv\/wp-json\/wp\/v2\/users\/3"}],"replies":[{"embeddable":true,"href":"https:\/\/ecol.eu\/sv\/wp-json\/wp\/v2\/comments?post=23092"}],"version-history":[{"count":5,"href":"https:\/\/ecol.eu\/sv\/wp-json\/wp\/v2\/pages\/23092\/revisions"}],"predecessor-version":[{"id":28653,"href":"https:\/\/ecol.eu\/sv\/wp-json\/wp\/v2\/pages\/23092\/revisions\/28653"}],"wp:featuredmedia":[{"embeddable":true,"href":"https:\/\/ecol.eu\/sv\/wp-json\/wp\/v2\/media\/23073"}],"wp:attachment":[{"href":"https:\/\/ecol.eu\/sv\/wp-json\/wp\/v2\/media?parent=23092"}],"curies":[{"name":"wp","href":"https:\/\/api.w.org\/{rel}","templated":true}]}}