{"id":33433,"date":"2024-12-10T13:31:05","date_gmt":"2024-12-10T12:31:05","guid":{"rendered":"https:\/\/ecol.eu\/?page_id=33433"},"modified":"2024-12-19T10:21:37","modified_gmt":"2024-12-19T09:21:37","slug":"rodo-information-clause-newsletter","status":"publish","type":"page","link":"https:\/\/ecol.eu\/en\/rodo-information-clause-newsletter\/","title":{"rendered":"RODO information clause (newsletter)"},"content":{"rendered":"\n<div style=\"height:100px\" aria-hidden=\"true\" class=\"wp-block-spacer\"><\/div>\n\n\n<section class=\"editor alignwide\">\n  <div class=\"container\">\n    <div class=\"row\">\n      <article class=\"offset-lg-2 col-xl-9 col-lg-10 editor__text\">\n\n        \n          \n            \n\t\t\t\t\t      <div class=\"post\">\n\t\t\t\t\t\t      \n\t\t\t\t\t\t      \t\t\t\t\t\t\t      <div class=\"post\">\n\t\t\t\t\t\t\t\t      <h2 class=\"post__header heading heading--line\">RODO information clause \u2013\u00a0newsletter<\/h2>\n<p class=\"post__paragraph\">In accordance with Article 13(1) and (2) of the General Data Protection Regulation of 27 April 2016. (OJ.EU.L.2016.119.1 of 2016.05.04); hereinafter referred to as the Regulation, we inform you that:<\/p>\n<ol class=\"post__list post__list--ordered\">\n<li class=\"post__list-item\">1. The controller of your personal data is:<br>\n<b>Ecol sp. z\u00a0o.o., based in Rybnik (44-207), at 71 A Podmiejska Street,<br>\nNIP: 642-000-05-76, tel: ecol@ecol.eu<\/b><\/li>\n<li class=\"post__list-item\">2. Your personal data are processed for the purpose of delivering the newsletter, on the basis of Article 6(1)(a) of the Regulation.<\/li>\n<li class=\"post__list-item\">3. Your personal data will be processed for the duration of the newsletter mailing and, after the duration of the newsletter mailing, for the period necessary to secure claims arising therefrom and the period resulting from generally applicable laws.<\/li>\n<li class=\"post__list-item\">4. Data resulting from subscription to the newsletter in the form located on the domain ecol.eu will be transferred to the database of GetResponse Sp\u00f3\u0142ka Akcyjna, with its registered office in Gda\u0144sk, at 413 Grunwaldzka Avenue, 80-309 Gda\u0144sk, KRS 0000942075, NIP 9581468984. Legal documents are available at <a class=\"post__link\" href=\"https:\/\/app.getresponse.com\/privacy-center\" target=\"blank\" rel=\"noopener\"><u>Privacy settings<\/u><\/a><\/li>\n<li class=\"post__list-item\">5. You have the right of access to the content of your data, the right to rectification, erasure, restriction of processing and the right to portability of your data, as well as the right to withdraw your consent to processing where the processing was based on your consent.<\/li>\n<li class=\"post__list-item\">6. You have the right to lodge a\u00a0complaint with a\u00a0supervisory authority if you consider that the processing of personal data concerning you is in breach of the Regulation.<\/li>\n<li class=\"post__list-item\">7. The provision of personal data is voluntary, but is a\u00a0condition for the delivery of the newsletter.<\/li>\n<li class=\"post__list-item\">8. Decisions based on the data you provide will not be made by automated means.<\/li>\n<\/ol>\n\n\t\t\t\t\t\t\t      <\/div>\n\t\t\t\t\t\t      \t\t\t\t\t      <\/div>\n                \n          \n        \n      <\/article>\n    <\/div>\n  <\/div>\n<\/section>\n","protected":false},"excerpt":{"rendered":"","protected":false},"author":3,"featured_media":9436,"parent":0,"menu_order":0,"comment_status":"closed","ping_status":"closed","template":"","meta":{"_acf_changed":false,"footnotes":""},"class_list":["post-33433","page","type-page","status-publish","has-post-thumbnail","hentry"],"acf":[],"_links":{"self":[{"href":"https:\/\/ecol.eu\/en\/wp-json\/wp\/v2\/pages\/33433","targetHints":{"allow":["GET"]}}],"collection":[{"href":"https:\/\/ecol.eu\/en\/wp-json\/wp\/v2\/pages"}],"about":[{"href":"https:\/\/ecol.eu\/en\/wp-json\/wp\/v2\/types\/page"}],"author":[{"embeddable":true,"href":"https:\/\/ecol.eu\/en\/wp-json\/wp\/v2\/users\/3"}],"replies":[{"embeddable":true,"href":"https:\/\/ecol.eu\/en\/wp-json\/wp\/v2\/comments?post=33433"}],"version-history":[{"count":1,"href":"https:\/\/ecol.eu\/en\/wp-json\/wp\/v2\/pages\/33433\/revisions"}],"predecessor-version":[{"id":33434,"href":"https:\/\/ecol.eu\/en\/wp-json\/wp\/v2\/pages\/33433\/revisions\/33434"}],"wp:featuredmedia":[{"embeddable":true,"href":"https:\/\/ecol.eu\/en\/wp-json\/wp\/v2\/media\/9436"}],"wp:attachment":[{"href":"https:\/\/ecol.eu\/en\/wp-json\/wp\/v2\/media?parent=33433"}],"curies":[{"name":"wp","href":"https:\/\/api.w.org\/{rel}","templated":true}]}}