{"id":26319,"date":"2022-07-19T12:08:08","date_gmt":"2022-07-19T10:08:08","guid":{"rendered":"https:\/\/ecol.eu\/?page_id=26319"},"modified":"2024-06-25T13:08:57","modified_gmt":"2024-06-25T11:08:57","slug":"mechanischer-service","status":"publish","type":"page","link":"https:\/\/ecol.eu\/de\/technologien-und-dienstleistungen\/technische-beratung\/mechanischer-service\/","title":{"rendered":"Mechanischer Service"},"content":{"rendered":"<header class=\"page-hero alignwide\">\n  <div class=\"container\">\n    <div class=\"row\">\n      <div class=\"col-lg-7 offset-lg-1 page-hero__text\">\n\n        <nav aria-label=\"Okruszki\" role=\"navigation\">\n  <ul class=\"breadcrumbs\" aria-label=\"lista okruszk\u00f3w\">\n\n    \n      <li class=\"breadcrumbs__item\">\n\n                  <a href=\"https:\/\/ecol.eu\/de\/\" class=\"breadcrumbs__link\">Startseite<\/a>\n        \n      <\/li>\n\n    \n  <\/ul>\n<\/nav>\n\n        <h1 class=\"heading heading--sb\">Mechanischer Service<\/h1>\n\n                  <p class=\"desc\">Unterst\u00fctzung von Industriebetrieben bei der Reparatur und Wartung von Industriemaschinen und -anlagen. Wir sorgen daf\u00fcr, dass die Anlagen sicher und zuverl\u00e4ssig arbeiten und dass sie f\u00fcr geplante Sanierungsma\u00dfnahmen angemessen vorbereitet sind.<\/p>\n        \n      <\/div>\n\n      <ul class=\"col-lg-7 offset-lg-1 links\" data-links><\/ul>\n\n    <\/div>\n\n    \n      <svg class=\"page-hero__bg page-hero__bg--oil\" xmlns=\"http:\/\/www.w3.org\/2000\/svg\" xmlns:xlink=\"http:\/\/www.w3.org\/1999\/xlink\" width=\"694mm\" height=\"318mm\" viewBox=\"100 0 195.87 303.01\">\r\n  <polygon points=\"131.95 29.25 146.73 28.73 139.87 88.2 115.64 90.68 131.95 29.25\" fill=\"#005198\" fill-rule=\"evenodd\" stroke-width=\"0\"\/>\r\n  <polygon points=\"131.95 29.25 146.73 28.73 139.87 88.2 115.64 90.68 131.95 29.25\" fill=\"none\" stroke=\"#005198\" stroke-linecap=\"round\" stroke-linejoin=\"round\" stroke-width=\".93\"\/>\r\n  <path d=\"M151.02,29.89l-4.29-1.16-6.86,59.48,23.3,28.9,16.98,5.84.44.14c-2.2-31-9.49-66.18-29.57-93.2Z\" fill=\"none\" stroke=\"#005198\" stroke-linecap=\"round\" stroke-linejoin=\"round\" stroke-width=\".93\"\/>\r\n  <path d=\"M163.17,117.11l-23.3-28.9-24.23,2.47,8.27,12.68,8.37,2.93.56-3.64c-.12-1.22-.1-1.23-.66-2.31l-3.34-4.96,1.16-3.86,16.72,19.69-14.44-4.92,30.88,10.81Z\" fill=\"none\" stroke=\"#005198\" stroke-linecap=\"round\" stroke-linejoin=\"round\" stroke-width=\".93\"\/>\r\n  <path d=\"M98.16,302.53l-14.72-.07c2.4-38.04-9.49-76.51-32.02-113.5-12.09-19.85-34.13-52.9-41.02-63.89C-4.73,100.89.78,81.59,5.15,66.87,15.44,32.18,40.99,11.71,64.23,1.09c2.72-1.24,6.42-.3,9.37-.05-27.1,17.16-37.14,36.1-43.93,59.17-6.73,22.87-1.15,47.83,9.26,63.91.72,1.52-2.54,2.42-1.82,3.9,33.33,69.32,61.06,97.05,61.06,174.5Z\" fill=\"#005198\" fill-rule=\"evenodd\" stroke-width=\"0\"\/>\r\n  <path d=\"M98.16,302.53l-14.72-.07c2.4-38.04-9.49-76.51-32.02-113.5-12.09-19.85-34.13-52.9-41.02-63.89C-4.73,100.89.78,81.59,5.15,66.87,15.44,32.18,40.99,11.71,64.23,1.09c2.72-1.24,6.42-.3,9.37-.05-27.1,17.16-37.14,36.1-43.93,59.17-6.73,22.87-1.15,47.83,9.26,63.91.72,1.52-2.54,2.42-1.82,3.9,33.33,69.32,61.06,97.05,61.06,174.5Z\" fill=\"none\" stroke=\"#005198\" stroke-linecap=\"round\" stroke-linejoin=\"round\" stroke-width=\".93\"\/>\r\n  <path d=\"M79.87,2.53l-5.74-1.82c-27.5,17.25-37.62,36.28-44.46,59.51-6.73,22.87-1.15,47.83,9.26,63.91l58.99,20.55,4.88-13.67,49.17,16.61-.35,8.83c.61,2.48.6,2.46,2.1,4.53,3.35,1.16,5.23,1.67,8.73,2.26,1.86-.33,4.02-2.58,5.08-4.13l12.86-35.97-64.94-22.74c-24.43-9.81-30.23-9.22-44.35-29.67l9.74-63.8c-.23-1.54-.72-2.86-.96-4.4Z\" fill=\"none\" stroke=\"#005198\" stroke-linecap=\"round\" stroke-linejoin=\"round\" stroke-width=\".93\"\/>\r\n  <polygon points=\"102.79 131.01 151.88 147.65 147.58 159.83 146.15 163.85 131.61 204.99 81.79 189.85 102.79 131.01\" fill=\"none\" stroke=\"#005198\" stroke-linecap=\"round\" stroke-linejoin=\"round\" stroke-width=\".93\"\/>\r\n  <path d=\"M79.87,2.53l-5.74-1.82c-27.5,17.25-37.62,36.28-44.46,59.51-6.73,22.87-1.15,47.83,9.26,63.91l58.99,20.55,4.88-13.67,49.17,16.61-.35,8.83c.61,2.48.6,2.46,2.1,4.53,3.35,1.16,5.23,1.67,8.73,2.26,1.86-.33,4.02-2.58,5.08-4.13l12.86-35.97-64.94-22.74c-24.43-9.81-30.23-9.22-44.35-29.67l9.74-63.8c-.23-1.54-.72-2.86-.96-4.4Z\" fill=\"none\" stroke=\"#005198\" stroke-linecap=\"round\" stroke-linejoin=\"round\" stroke-width=\".93\"\/>\r\n  <path d=\"M194.18,168c3.8-11.58-1.62-11.58-10.99-21.65l-5.61-15.41-10.06,28.19-5.45,9.59c0,.41,3.28,1.76,5.75,1.51,2.2-1.78,4.55-4.51,6.4-6.64.84-1.09,2.4-1.3,3.49-.47,1.09.84,1.63,2.33.79,3.42-2.2,2.91-4.51,5.16-7.22,5.06h-.03c.55.8,3.99,1.47,5.75.98,2.65-1.63,5.07-4,8.05-7.47l9.12,2.89Z\" fill=\"none\" stroke=\"#005198\" stroke-linecap=\"round\" stroke-linejoin=\"round\" stroke-width=\".93\"\/>\r\n  <path d=\"M167.16,159.77l-5.09,8.96c2.61-.03,4.85-2.23,6.99-5.06.84-1.09.3-2.58-.79-3.42-.34-.26-.71-.41-1.1-.48Z\" fill=\"none\" stroke=\"#005198\" stroke-linecap=\"round\" stroke-linejoin=\"round\" stroke-width=\".93\"\/>\r\n  <path d=\"M130.01,91.52l16.72,19.69-14.45-4.92.56-3.64c-.12-1.22-.1-1.23-.66-2.31l-3.34-4.96,1.16-3.86Z\" fill=\"none\" stroke=\"#005198\" stroke-linecap=\"round\" stroke-linejoin=\"round\" stroke-width=\".93\"\/>\r\n  <path d=\"M110.25,230.9l.51-.06c5.83-.72,10.94,4.93,11.48,10.79l5.57,60.91h-21.81l-4.99-58.32c-.5-5.86,3.41-12.59,9.25-13.31Z\" fill=\"none\" stroke=\"#005198\" stroke-linecap=\"round\" stroke-linejoin=\"round\" stroke-width=\".93\"\/>\r\n  <path d=\"M108.56,263.37c-.06-.5.04-.91.3-1.22.26-.31.67-.5,1.22-.57.61-.08,1.66.23,3.14.93l.13.07,6.73,3.19c.73.34,1.3.74,1.69,1.2.4.46.63.99.7,1.59.08.68-.04,1.21-.36,1.6-.33.39-.86.63-1.6.72l-8.2,1.01.18,1.46c.06.46-.01.83-.21,1.09-.2.27-.51.43-.94.48-.44.05-.79-.02-1.04-.23-.25-.21-.41-.55-.47-1.01l-.18-1.46-2.08.26c-.56.07-1.01-.02-1.34-.25-.33-.24-.53-.62-.59-1.14-.07-.54.03-.96.29-1.27.26-.31.68-.5,1.25-.57l2.08-.26-.7-5.62ZM118.33,267.94l-6.97-3.11.48,3.92,6.49-.8Z\" fill=\"none\" stroke=\"#005198\" stroke-miterlimit=\"22.93\" stroke-width=\".57\"\/>\r\n  <path d=\"M123.2,276.2h0c.12,1-.6,1.93-1.6,2.05l-3.77.47c-1,.12-1.93-.6-2.05-1.6h0c-.12-1,.6-1.93,1.6-2.05l3.77-.47c1-.12,1.93.6,2.05,1.6Z\" fill=\"none\" stroke=\"#005198\" stroke-miterlimit=\"22.93\" stroke-width=\".57\"\/>\r\n  <path d=\"M123.8,281.05h0c.12,1-.6,1.93-1.6,2.05l-3.77.47c-1,.12-1.93-.6-2.05-1.6h0c-.12-1,.6-1.93,1.6-2.05l3.77-.47c1-.12,1.93.6,2.05,1.6Z\" fill=\"none\" stroke=\"#005198\" stroke-miterlimit=\"22.93\" stroke-width=\".57\"\/>\r\n  <path d=\"M112.69,224.29l.68-.08c7.71-.88,14.43,5.98,15.16,13.07l6.67,65.24h-7.39l-5.57-60.91c-.53-5.85-5.64-11.51-11.48-10.79l-.51.06c-5.83.72-9.75,7.46-9.25,13.31l3.86,45.11-4.2-48c-.62-7.1,4.32-16.14,12.03-17.02Z\" fill=\"#005198\" fill-rule=\"evenodd\" stroke-width=\"0\"\/>\r\n  <path d=\"M112.69,224.29l.68-.08c7.71-.88,14.43,5.98,15.16,13.07l6.67,65.24h-7.39l-5.57-60.91c-.53-5.85-5.64-11.51-11.48-10.79l-.51.06c-5.83.72-9.75,7.46-9.25,13.31l3.86,45.11-4.2-48c-.62-7.1,4.32-16.14,12.03-17.02Z\" fill=\"none\" stroke=\"#005198\" stroke-linecap=\"round\" stroke-linejoin=\"round\" stroke-width=\".97\"\/>\r\n  <path d=\"M162.07,168.73c-35.85,57.05-23.49,103.95-18.46,133.8\" fill=\"none\" stroke=\"#005198\" stroke-linecap=\"round\" stroke-linejoin=\"round\" stroke-width=\".93\"\/>\r\n  <polygon points=\"102.79 131.01 151.88 147.65 147.58 159.83 146.15 163.85 131.61 204.99 81.79 189.85 102.79 131.01\" fill=\"none\" stroke=\"#005198\" stroke-linecap=\"round\" stroke-linejoin=\"round\" stroke-width=\".93\"\/>\r\n  <path d=\"M143.19,162.95l-14.54,41.14-46.92-14.23,19.07-53.39-3.61,10.28,3.55,1.25c1.74-1.77,3.47-3.98,4.89-5.79.78-1.13,2.34-1.41,3.47-.63,1.13.78,1.73,2.25.95,3.38-.43.63-.76,1.09-1.21,1.66.95.98,1.77,2.2,2.45,3.6,1.48-1.61,2.8-3.32,4.02-4.86.78-1.13,2.34-1.41,3.47-.63,1.13.78,1.73,2.25.95,3.38-.44.64-.88,1.24-1.33,1.8,1.06,1.05,1.97,2.38,2.7,3.94,1.62-1.7,3.21-3.74,4.54-5.42.78-1.13,2.34-1.41,3.47-.63,1.13.79,1.73,2.25.95,3.38-.49.72-.99,1.39-1.5,2.01.88.92,1.64,2.04,2.28,3.33,1.52-1.64,3.01-3.54,4.26-5.12.78-1.13,2.34-1.41,3.47-.63,1.13.78,1.73,2.25.95,3.38-1.34,2.56-1.76,3.55-3.03,6.41l6.72,2.37Z\" fill=\"#fff\" fill-rule=\"evenodd\" stroke-width=\"0\"\/>\r\n  <path d=\"M143.19,162.95l-14.54,41.14-46.92-14.23,19.07-53.39-3.61,10.28,3.55,1.25c1.74-1.77,3.47-3.98,4.89-5.79.78-1.13,2.34-1.41,3.47-.63,1.13.78,1.73,2.25.95,3.38-.43.63-.76,1.09-1.21,1.66.95.98,1.77,2.2,2.45,3.6,1.48-1.61,2.8-3.32,4.02-4.86.78-1.13,2.34-1.41,3.47-.63,1.13.78,1.73,2.25.95,3.38-.44.64-.88,1.24-1.33,1.8,1.06,1.05,1.97,2.38,2.7,3.94,1.62-1.7,3.21-3.74,4.54-5.42.78-1.13,2.34-1.41,3.47-.63,1.13.79,1.73,2.25.95,3.38-.49.72-.99,1.39-1.5,2.01.88.92,1.64,2.04,2.28,3.33,1.52-1.64,3.01-3.54,4.26-5.12.78-1.13,2.34-1.41,3.47-.63,1.13.79,1.73,2.25.95,3.38-1.34,2.56-1.76,3.55-3.03,6.41l6.72,2.37Z\" fill=\"none\" stroke=\"#005198\" stroke-linecap=\"round\" stroke-linejoin=\"round\" stroke-width=\".93\"\/>\r\n  <line x1=\"37\" y1=\"127.69\" x2=\"96.35\" y2=\"148.89\" fill=\"none\" stroke=\"#005198\" stroke-linecap=\"round\" stroke-linejoin=\"round\" stroke-width=\".93\"\/>\r\n  <path d=\"M37,127.69l59.35,21.2-14.64,40.97,49.89,15.13,14.46-40.92,15.47,5.5c-7.68,14.59-13.99,21.26-20.57,49.05-3.13,15.68-6.93,35.54,2.54,83.91h-16.02l-5.27-60.91c-.51-5.85-5.64-11.51-11.48-10.79l-.51.06c-5.83.72-9.72,7.45-9.25,13.31l4.71,58.32h-7.55l-.05-1.78c-2.34-76.1-27.95-103.93-61-172.71-.06-.12-.09-.23-.1-.34Z\" fill=\"none\" stroke=\"#005198\" stroke-linecap=\"round\" stroke-linejoin=\"round\" stroke-width=\".93\"\/>\r\n  <path d=\"M162.07,168.73c-35.85,57.05-23.49,103.95-18.46,133.8\" fill=\"none\" stroke=\"#005198\" stroke-linecap=\"round\" stroke-linejoin=\"round\" stroke-width=\".93\"\/>\r\n  <path d=\"M98.16,302.53l-14.72-.07c2.4-38.04-9.49-76.51-32.02-113.5-5.33-8.76-12.61-20.08-19.66-30.95-8.93-13.76-17.51-26.79-21.36-32.94C-4.73,100.89.78,81.59,5.15,66.87,15.44,32.18,40.99,11.71,64.23,1.09c2.72-1.24,6.42-.3,9.37-.05-27.1,17.16-37.14,36.1-43.93,59.17-6.73,22.87-1.15,47.83,9.26,63.91.72,1.52-2.54,2.42-1.82,3.9,33.33,69.32,61.06,97.05,61.06,174.5Z\" fill=\"none\" stroke=\"#005198\" stroke-linecap=\"round\" stroke-linejoin=\"round\" stroke-width=\".93\"\/>\r\n  <path d=\"M106.95,134.41l38.87,13.26c1.01,1.25,1.15,1.41,1.73,2.91l-2.95,8.35-1.42,4.02-6.72-2.37c1.27-2.86,1.69-3.85,3.03-6.41.78-1.13.18-2.59-.95-3.38-1.13-.78-2.68-.5-3.47.63-1.25,1.58-2.74,3.48-4.26,5.12-.64-1.29-1.41-2.41-2.28-3.33.51-.62,1.01-1.3,1.5-2.01.78-1.13.18-2.59-.95-3.38-1.13-.78-2.68-.5-3.47.63-1.33,1.68-2.92,3.71-4.54,5.42-.73-1.56-1.64-2.9-2.7-3.94.45-.56.89-1.17,1.33-1.8.78-1.13.18-2.59-.95-3.38-1.13-.78-2.68-.5-3.47.63-1.22,1.54-2.54,3.25-4.02,4.86-.67-1.4-1.5-2.62-2.45-3.6.45-.56.78-1.02,1.21-1.66.78-1.13.18-2.59-.95-3.38-1.13-.78-2.68-.5-3.47.63-1.43,1.8-3.16,4.01-4.89,5.79l-3.55-1.25,3.61-10.28c.88-2.64,2.43-3.32,6.16-2.06Z\" fill=\"none\" stroke=\"#005198\" stroke-linecap=\"round\" stroke-linejoin=\"round\" stroke-width=\".93\"\/>\r\n  <path d=\"M113.77,147.45c7.77,1.84,11.49,13.98,8.3,27.12-3.19,13.14-11.89,22.39-19.41,20.63-2.05-.48-3.8-1.73-5.2-3.56.07-.02.14-.05.21-.07.86.64,1.81,1.1,2.84,1.34,6.92,1.64,15.24-8.25,17.86-19.2,2.62-10.95-.52-21.86-5.62-24.83l1.02-1.44Z\" fill=\"#fff\" fill-rule=\"evenodd\" stroke-width=\"0\"\/>\r\n  <path d=\"M113.77,147.45c7.77,1.84,11.49,13.98,8.3,27.12-3.19,13.14-11.89,22.39-19.41,20.63-2.05-.48-3.8-1.73-5.2-3.56.07-.02.14-.05.21-.07.86.64,1.81,1.1,2.84,1.34,6.92,1.64,15.24-8.25,17.86-19.2,2.62-10.95-.52-21.86-5.62-24.83l1.02-1.44Z\" fill=\"none\" stroke=\"#005198\" stroke-miterlimit=\"22.93\" stroke-width=\".57\"\/>\r\n  <path d=\"M104.45,144.25c7.48,1.81,10.96,13.87,7.77,26.99-3.2,13.16-11.89,22.39-19.41,20.63-1.96-.46-3.64-1.62-5.01-3.31.1-.04.2-.08.3-.12.78.54,1.64.92,2.55,1.14,6.92,1.64,15.07-7.61,17.86-19.2,2.63-10.93.44-20.14-4.39-23.84-.29-.22-.6-.62-.91-.8l1.23-1.5Z\" fill=\"#fff\" fill-rule=\"evenodd\" stroke-width=\"0\"\/>\r\n  <path d=\"M104.45,144.25c7.48,1.81,10.96,13.87,7.77,26.99-3.2,13.16-11.89,22.39-19.41,20.63-1.96-.46-3.64-1.62-5.01-3.31.1-.04.2-.08.3-.12.78.54,1.64.92,2.55,1.14,6.92,1.64,15.07-7.61,17.86-19.2,2.63-10.93.44-20.14-4.39-23.84-.29-.22-.6-.62-.91-.8l1.23-1.5Z\" fill=\"none\" stroke=\"#005198\" stroke-miterlimit=\"22.93\" stroke-width=\".57\"\/>\r\n  <path d=\"M106.95,134.41l38.87,13.26c1.01,1.25,1.15,1.41,1.73,2.91l-2.95,8.35-1.42,4.02-6.72-2.37c1.27-2.86,1.69-3.85,3.03-6.41.78-1.13.18-2.59-.95-3.38-1.13-.78-2.68-.5-3.47.63-1.25,1.58-2.74,3.48-4.26,5.12-.64-1.29-1.41-2.41-2.28-3.33.51-.62,1.01-1.3,1.5-2.01.78-1.13.18-2.59-.95-3.38-1.13-.78-2.68-.5-3.47.63-1.33,1.68-2.92,3.71-4.54,5.42-.73-1.56-1.64-2.9-2.7-3.94.45-.56.89-1.17,1.33-1.8.78-1.13.18-2.59-.95-3.38-1.13-.78-2.68-.5-3.47.63-1.22,1.54-2.54,3.25-4.02,4.86-.67-1.4-1.5-2.62-2.45-3.6.45-.56.78-1.02,1.21-1.66.78-1.13.18-2.59-.95-3.38-1.13-.78-2.68-.5-3.47.63-1.43,1.8-3.16,4.01-4.89,5.79l-3.55-1.25,3.61-10.28c.88-2.64,2.43-3.32,6.16-2.06Z\" fill=\"none\" stroke=\"#005198\" stroke-linecap=\"round\" stroke-linejoin=\"round\" stroke-width=\".93\"\/>\r\n  <path d=\"M123.25,165.07c1.36,2.5,1.77,6.37.76,10.84-1.01,4.47-3.81,8.23-6.33,9.6,1.67-3.03,3.36-6.67,4.24-10.35.88-3.68,1.36-6.91,1.33-10.09Z\" fill=\"#fff\" fill-rule=\"evenodd\" stroke-width=\"0\"\/>\r\n  <path d=\"M123.25,165.07c1.36,2.5,1.77,6.37.76,10.84-1.01,4.47-3.81,8.23-6.33,9.6,1.67-3.03,3.36-6.67,4.24-10.35.88-3.68,1.36-6.91,1.33-10.09Z\" fill=\"none\" stroke=\"#005198\" stroke-miterlimit=\"22.93\" stroke-width=\".57\"\/>\r\n  <path d=\"M132.84,163.71c2.87,1.71,4.11,7.8,2.76,14.42-1.34,6.62-5.36,11.43-8.59,11.38,1.89-3.21,3.75-6.77,4.87-11.48,1.12-4.71,1.57-9.99.95-14.32Z\" fill=\"#fff\" fill-rule=\"evenodd\" stroke-width=\"0\"\/>\r\n  <path d=\"M132.84,163.71c2.87,1.71,4.11,7.8,2.76,14.42-1.34,6.62-5.36,11.43-8.59,11.38,1.89-3.21,3.75-6.77,4.87-11.48,1.12-4.71,1.57-9.99.95-14.32Z\" fill=\"none\" stroke=\"#005198\" stroke-miterlimit=\"22.93\" stroke-width=\".57\"\/>\r\n  <path d=\"M124.16,150.61c7.52,1.76,11.02,13.85,7.83,27-3.2,13.16-11.89,22.39-19.41,20.63-1.97-.46-3.67-1.63-5.04-3.35.1-.03.2-.07.3-.1.79.55,1.66.94,2.59,1.17,6.92,1.64,14.92-6.96,17.86-19.2,2.67-11.08.27-21.35-5.34-24.41l1.02-1.79c.07.01.13.03.2.04Z\" fill=\"#fff\" fill-rule=\"evenodd\" stroke-width=\"0\"\/>\r\n  <path d=\"M124.16,150.61c7.52,1.76,11.02,13.85,7.83,27-3.2,13.16-11.89,22.39-19.41,20.63-1.97-.46-3.67-1.63-5.04-3.35.1-.03.2-.07.3-.1.79.55,1.66.94,2.59,1.17,6.92,1.64,14.92-6.96,17.86-19.2,2.67-11.08.27-21.35-5.34-24.41l1.02-1.79c.07.01.13.03.2.04Z\" fill=\"none\" stroke=\"#005198\" stroke-miterlimit=\"22.93\" stroke-width=\".57\"\/>\r\n  <path d=\"M113.36,163.47c1.14,2.6,1.2,6.64-.07,10.8-1.3,4.26-3.67,7.58-6.1,8.95,2.16-3.33,3.93-7.42,5.04-11.99.65-2.66,1.02-5.27,1.14-7.76Z\" fill=\"#fff\" fill-rule=\"evenodd\" stroke-width=\"0\"\/>\r\n  <path d=\"M113.36,163.47c1.14,2.6,1.2,6.64-.07,10.8-1.3,4.26-3.67,7.58-6.1,8.95,2.16-3.33,3.93-7.42,5.04-11.99.65-2.66,1.02-5.27,1.14-7.76Z\" fill=\"none\" stroke=\"#005198\" stroke-miterlimit=\"22.93\" stroke-width=\".57\"\/>\r\n  <line x1=\"146.82\" y1=\"164.31\" x2=\"161.11\" y2=\"169.41\" fill=\"none\" stroke=\"#005198\" stroke-linecap=\"round\" stroke-linejoin=\"round\" stroke-width=\".93\"\/>\r\n  <path d=\"M124.16,150.61c7.52,1.76,11.02,13.85,7.83,27-3.2,13.16-11.89,22.39-19.41,20.63-1.97-.46-3.67-1.63-5.04-3.35.1-.03.2-.07.3-.1.79.55,1.66.94,2.59,1.17,6.92,1.64,14.92-6.96,17.86-19.2,2.56-10.65.45-20.55-4.7-24.02-.21-.14-.78-.45-.99-.57l1.37-1.61c.07.01.13.03.2.04Z\" fill=\"#fff\" fill-rule=\"evenodd\" stroke-width=\"0\"\/>\r\n  <path d=\"M124.16,150.61c7.52,1.76,11.02,13.85,7.83,27-3.2,13.16-11.89,22.39-19.41,20.63-1.97-.46-3.67-1.63-5.04-3.35.1-.03.2-.07.3-.1.79.55,1.66.94,2.59,1.17,6.92,1.64,14.92-6.96,17.86-19.2,2.56-10.65.45-20.55-4.7-24.02-.21-.14-.78-.45-.99-.57l1.37-1.61c.07.01.13.03.2.04Z\" fill=\"none\" stroke=\"#005198\" stroke-miterlimit=\"22.93\" stroke-width=\".57\"\/>\r\n  <path d=\"M98.27,143.41l.06.06-1.15,3.28,3.55,1.25c.13-.13.26-.27.39-.41,2.34,5.12,2.83,12.64.91,20.55-3.2,13.16-12.28,23.01-19.41,20.63l-.34-.11.71-2.01c6.24-.63,12.75-8.58,15.34-19.36,1.9-7.92,1.23-15.42-1.36-20.18l1.28-3.61.03-.08Z\" fill=\"none\" stroke=\"#005198\" stroke-miterlimit=\"22.93\" stroke-width=\".57\"\/>\r\n  <path d=\"M103.14,160.91c1.01,2.61,1.02,6.48-.2,10.48-1.3,4.25-3.65,7.55-6.08,8.94,2.22-3.36,4.04-7.53,5.17-12.19.6-2.46.96-4.89,1.11-7.22Z\" fill=\"#fff\" fill-rule=\"evenodd\" stroke-width=\"0\"\/>\r\n  <path d=\"M103.14,160.91c1.01,2.61,1.02,6.48-.2,10.48-1.3,4.25-3.65,7.55-6.08,8.94,2.22-3.36,4.04-7.53,5.17-12.19.6-2.46.96-4.89,1.11-7.22Z\" fill=\"none\" stroke=\"#005198\" stroke-miterlimit=\"22.93\" stroke-width=\".57\"\/>\r\n  <path d=\"M94.2,155.38c1.36,2.86,1.32,7.8-.37,12.86-1.8,5.39-4.93,9.33-7.78,10.2,2.72-7.69,5.43-15.36,8.15-23.06Z\" fill=\"#fff\" fill-rule=\"evenodd\" stroke-width=\"0\"\/>\r\n  <path d=\"M94.2,155.38c1.36,2.86,1.32,7.8-.37,12.86-1.8,5.39-4.93,9.33-7.78,10.2,2.72-7.69,5.43-15.36,8.15-23.06Z\" fill=\"none\" stroke=\"#005198\" stroke-miterlimit=\"22.93\" stroke-width=\".57\"\/>\r\n  <path d=\"M167.83,170.24c4.31,3.17,7.6.39,10.68-3.69.84-1.09.3-2.58-.79-3.42-1.09-.84-2.66-.63-3.49.47-1.85,2.13-4.2,4.86-6.4,6.64Z\" fill=\"none\" stroke=\"#005198\" stroke-linecap=\"round\" stroke-linejoin=\"round\" stroke-width=\".93\"\/>\r\n<\/svg>\n\n    \n  <\/div>\n<\/header>\n\n\n\n<div style=\"height:52px\" aria-hidden=\"true\" class=\"wp-block-spacer\"><\/div>\n\n\n<section class=\"normal-content alignwide \">\n  <div class=\"container\">\n    <div class=\"row justify-content-center\">\n\n\t    \n\t\t    <div class=\"col-xl-5 col-lg-6 normal-content__text normal-content__text--col\">\n\t\t\t    <div class=\"normal-content__text-wrapper\">\n\n\t\t\t\t    \n\t\t\t\t\t    <h2 class=\"heading heading--line\">Industriemechanischer Service \u2013 Beschreibung der Dienstleistung<\/h2>\n\n\t\t\t\t    \n\t\t\t\t    \n\t\t\t\t\t    <h3 class=\"heading\">Reparatur und Wartung von Industriemaschinen und -anlagen<\/h3>\n\n\t\t\t\t    \n\t\t\t\t    \n\t\t\t\t\t    <p class=\"desc\">Der industriemechanische Service ist eine spezialisierte Dienstleistung im Zusammenhang mit der Reparatur und Wartung von Industriemaschinen und -anlagen. Der Service umfasst die Reparatur verschiedener Maschinentypen, von einfachen Werkzeugen bis hin zu komplexen Produktionsmaschinen. Zu den Aufgaben des mechanischen Services geh\u00f6ren auch die regelm\u00e4\u00dfige Inspektion von Industriemaschinen, der Austausch von Verschlei\u00dfteilen und die Wartung, um einen sicheren und zuverl\u00e4ssigen Betrieb der Anlagen zu gew\u00e4hrleisten.\r\n<br><br>\r\nUnser industriemechanischer Service bietet fachkundige Hilfe bei Maschinenausf\u00e4llen oder -sch\u00e4den. Er bietet auch zus\u00e4tzliche Unterst\u00fctzung bei der Vorbereitung eines Werks auf geplante \u00dcberholungen und Schmierdienste.\r\n<\/p>\n\n\t\t\t\t    \n\t\t\t\t    \n\t\t\t    <\/div>\n\t\t    <\/div>\n\t\t    <div class=\"col-xl-5 col-lg-6 normal-content__image-wrapper\">\n\n\t\t\t    \t\t\t\t    <img decoding=\"async\" src=\"https:\/\/ecol.eu\/wp-content\/uploads\/2023\/07\/ecol-przemyslowy-serwis-mechaniczny.webp\" class=\"normal-content__image\" alt=\"ecol-przemyslowy-serwis-mechaniczny\" loading=\"lazy\">\n\t\t\t    \n\t\t    <\/div>\n\n\t\t\t\n    <\/div>\n  <\/div>\n<\/section>\n\n\n<section class=\"editor alignwide\">\n  <div class=\"container\">\n    <div class=\"row\">\n      <article class=\"offset-lg-2 col-xl-9 col-lg-10 editor__text\">\n\n        \n          \n            \n\t\t\t\t\t      <div class=\"post\">\n\t\t\t\t\t\t      \n\t\t\t\t\t\t      \t\t\t\t\t\t\t      <div class=\"post\">\n\t\t\t\t\t\t\t\t      <p class=\"post__paragraph\">Im Rahmen unseres industriemechanischen Services bieten wir einen umfassenden Service f\u00fcr Industriemaschinen und -anlagen an, der unter anderem Folgendes umfasst:<\/p>\n<ul class=\"post__list post__list--nonordered\">\n<li class=\"post__list-item\">Diagnose und Fehlerbehebung<\/li>\n<li class=\"post__list-item\">Periodische und pr\u00e4ventive Wartung<\/li>\n<li class=\"post__list-item\">Modernisierung und Wartung von Anlagen<\/li>\n<li class=\"post__list-item\">Montage und Demontage von Maschinenteilen und Komponenten<\/li>\n<li class=\"post__list-item\">Einf\u00fchrung neuer technologischer L\u00f6sungen<\/li>\n<li class=\"post__list-item\">Technische Beratung bei der Instandhaltung<\/li>\n<\/ul>\n<p class=\"post__paragraph\">Im Rahmen des industriemechanischen Services werden auch zus\u00e4tzliche Dienstleistungen f\u00fcr die Inspektion und Reparatur von Hydraulik-, Pneumatik- und Antriebssystemen angeboten.<\/p>\n\n\t\t\t\t\t\t\t      <\/div>\n\t\t\t\t\t\t      \t\t\t\t\t      <\/div>\n                \n          \n        \n      <\/article>\n    <\/div>\n  <\/div>\n<\/section>\n\n\n<section class=\"contact alignwide\">\n  <div class=\"container\">\n    <div class=\"row\">\n\n      <div class=\"offset-lg-2 offset-md-0 col-lg-6 contact__text\">\n\n        \n          <h2 class=\"heading heading--line\"><a id=\"kontakt\">kontakt<\/a><\/h2>\n\n        \n        \n          <h3 class=\"heading heading--large\">Haben Sie Fragen zu den Dienstleistungen?<\/h3>\n\n        \n        \n          <p class=\"desc\">Nehmen Sie Kontakt mit uns auf &#8211;&nbsp;rufen Sie uns an oder schicken Sie uns eine Nachricht:<\/p>\n\n        \n      <\/div>\n\n      \n        <div class=\"offset-lg-2 offset-md-0 col-lg-9 tiles__items\">\n\n          \n            <div class=\"tiles__item\">\n              <h4 class=\"tiles__heading heading\">Ecol Sp. z&nbsp;o.o.<\/h4>\n\n              <ul class=\"contact-details\">\n\n                \n                  <li class=\"contact-details__item\"><a href=\"https:\/\/g.page\/r\/CTBn48MobweNEBA\" target=\"_blank\">Podmiejska 71A, 44-207 Rybnik<\/a><\/li>\n\n                \n                \n                  <li class=\"contact-details__item\"><a href=\"tel:+48327391830\" class=\"contact-details__link\">T: +48 32 739 18 30<\/a><\/li>\n\n                \n                \n                  <li class=\"contact-details__item\"><a href=\"tel:+48327391829\" class=\"contact-details__link\">F: +48 32 739 18 29<\/a><\/li>\n\n                \n                \n                  <li class=\"contact-details__item\"><a href=\"mailto:ecol@ecol.eu\" class=\"contact-details__link\">ecol@ecol.eu<\/a><\/li>\n\n                \n              <\/ul>\n            <\/div>\n\n          \n          \n        <\/div>\n\n      \n    <\/div>\n  <\/div>\n<\/section>\n","protected":false},"excerpt":{"rendered":"","protected":false},"author":3,"featured_media":26322,"parent":27348,"menu_order":0,"comment_status":"closed","ping_status":"closed","template":"","meta":{"_acf_changed":false,"footnotes":""},"class_list":["post-26319","page","type-page","status-publish","has-post-thumbnail","hentry"],"acf":[],"_links":{"self":[{"href":"https:\/\/ecol.eu\/de\/wp-json\/wp\/v2\/pages\/26319","targetHints":{"allow":["GET"]}}],"collection":[{"href":"https:\/\/ecol.eu\/de\/wp-json\/wp\/v2\/pages"}],"about":[{"href":"https:\/\/ecol.eu\/de\/wp-json\/wp\/v2\/types\/page"}],"author":[{"embeddable":true,"href":"https:\/\/ecol.eu\/de\/wp-json\/wp\/v2\/users\/3"}],"replies":[{"embeddable":true,"href":"https:\/\/ecol.eu\/de\/wp-json\/wp\/v2\/comments?post=26319"}],"version-history":[{"count":1,"href":"https:\/\/ecol.eu\/de\/wp-json\/wp\/v2\/pages\/26319\/revisions"}],"predecessor-version":[{"id":26320,"href":"https:\/\/ecol.eu\/de\/wp-json\/wp\/v2\/pages\/26319\/revisions\/26320"}],"up":[{"embeddable":true,"href":"https:\/\/ecol.eu\/de\/wp-json\/wp\/v2\/pages\/27348"}],"wp:featuredmedia":[{"embeddable":true,"href":"https:\/\/ecol.eu\/de\/wp-json\/wp\/v2\/media\/26322"}],"wp:attachment":[{"href":"https:\/\/ecol.eu\/de\/wp-json\/wp\/v2\/media?parent=26319"}],"curies":[{"name":"wp","href":"https:\/\/api.w.org\/{rel}","templated":true}]}}