{"id":24553,"date":"2022-10-28T10:36:32","date_gmt":"2022-10-28T08:36:32","guid":{"rendered":"https:\/\/ecol.eu\/?page_id=24553"},"modified":"2024-08-16T13:38:30","modified_gmt":"2024-08-16T11:38:30","slug":"informationen-zur-bildverarbeitung","status":"publish","type":"page","link":"https:\/\/ecol.eu\/de\/informationen-zur-bildverarbeitung\/","title":{"rendered":"Informationen zur Bildverarbeitung"},"content":{"rendered":"\n<div style=\"height:100px\" aria-hidden=\"true\" class=\"wp-block-spacer\"><\/div>\n\n\n<section class=\"editor alignwide\">\n  <div class=\"container\">\n    <div class=\"row\">\n      <article class=\"offset-lg-2 col-xl-9 col-lg-10 editor__text\">\n\n        \n          \n            \n\t\t\t\t\t      <div class=\"post\">\n\t\t\t\t\t\t      \n\t\t\t\t\t\t      \t\t\t\t\t\t\t      <div class=\"post\">\n\t\t\t\t\t\t\t\t      <h2 class=\"post__header heading heading--line\">Informationen \u00fcber die Verarbeitung personenbezogener Daten von Personen, die sich in den R\u00e4umlichkeiten von Ecol Sp. z\u00a0o.o. aufhalten, mittels eines \u00dcberwachungssystems.<\/h2>\n<p class=\"post__paragraph\"><b>In den Geb\u00e4uden, R\u00e4umlichkeiten und auf dem Gel\u00e4nde von Ecol sp. z\u00a0o.o. findet eine Video\u00fcberwachung (CCTV) statt.<\/b><\/p>\n<ol class=\"post__list post__list--ordered\">\n<li class=\"post__list-item\">\n<\/li><li class=\"post__list-item\">1.\tDas Unternehmen Ecol sp. z\u00a0o.o. mit Sitz in Rybnik, ul. Podmiejska 71A, teilt Ihnen mit, dass es der f\u00fcr die Verarbeitung Ihrer personenbezogenen Daten Verantwortliche ist.<\/li>\n<li class=\"post__list-item\">2.\tF\u00fcr die Kontaktaufnahme mit dem f\u00fcr die Verarbeitung Ihrer personenbezogenen Daten Verantwortlichen bei Ecol Sp z\u00a0o.o. wird die folgende E-Mail-Adresse verwendet: ecol@ecol.eu.<\/li>\n<li class=\"post__list-item\">3.\tIhre personenbezogenen Daten werden zum Schutz des Eigentums und zur Gew\u00e4hrleistung der Sicherheit aller Personen auf dem Gel\u00e4nde des Unternehmens Ecol sp. z\u00a0o.o. verarbeitet.<\/li>\n<li class=\"post__list-item\">4.\tDie Rechtsgrundlage f\u00fcr die Verarbeitung personenbezogener Daten durch Ecol Sp. z\u00a0o.o. zu dem in Absatz 3 genannten Zweck ist das berechtigte Interesse von Ecol Sp. z\u00a0o.o. (gem\u00e4\u00df Artikel 6 Absatz 1 Buchstabe f der DSGVO) an der Sicherheit von Geb\u00e4uden, R\u00e4umlichkeiten und dem Schutz von Personen und Sachen.<\/li>\n<li class=\"post__list-item\">5.\tPersonenbezogene Daten k\u00f6nnen von Ecol Sp. z\u00a0o.o. an Stellen weitergegeben werden, die personenbezogene Daten im Auftrag des Verantwortlichen verarbeiten und mit denen der Verantwortliche einen Vertrag \u00fcber die Verarbeitung personenbezogener Daten abgeschlossen hat, sowie in F\u00e4llen, in denen sich eine solche Verpflichtung aus allgemein verbindlichen Rechtsvorschriften ergibt, die Ecol Sp. z\u00a0o.o. obliegen.<\/li>\n<li class=\"post__list-item\">6.\tPersonenbezogene Daten werden bis zu einem Monat ab dem Datum der Erfassung gespeichert, danach werden sie automatisch \u00fcberschrieben. Die genaue Speicherdauer h\u00e4ngt von der Anzahl der Ereignisse und der Kapazit\u00e4t der Festplatte des Rekorders ab.<\/li>\n<li class=\"post__list-item\">7.\tSie haben das Recht auf Einsicht in Ihre Daten, auf L\u00f6schung und auf Einschr\u00e4nkung der Verarbeitung. Das Einsichtsrecht einer Person kann in begr\u00fcndeten F\u00e4llen eingeschr\u00e4nkt werden, beispielsweise zum Schutz personenbezogener Daten anderer Personen, die in den \u00dcberwachungsbereich fallen, oder zur Untersuchung von Anspr\u00fcchen und Verfahren durch gesetzlich befugte Beh\u00f6rden.<\/li>\n<li class=\"post__list-item\">8.\tSie haben das Recht, eine Beschwerde beim Pr\u00e4sidenten der Datenschutzbeh\u00f6rde einzureichen.<\/li>\n<li class=\"post__list-item\">9.\tIhre personenbezogenen Daten werden nicht au\u00dferhalb des Europ\u00e4ischen Wirtschaftsraums oder an eine internationale Organisation \u00fcbermittelt.<\/li>\n<li class=\"post__list-item\">10.\tIhre personenbezogenen Daten werden nicht als Grundlage f\u00fcr automatisierte Entscheidungen, einschlie\u00dflich Profiling, herangezogen.<\/li>\n<\/ol>\n\n\t\t\t\t\t\t\t      <\/div>\n\t\t\t\t\t\t      \t\t\t\t\t      <\/div>\n                \n          \n        \n      <\/article>\n    <\/div>\n  <\/div>\n<\/section>\n","protected":false},"excerpt":{"rendered":"","protected":false},"author":3,"featured_media":24482,"parent":0,"menu_order":0,"comment_status":"closed","ping_status":"closed","template":"","meta":{"_acf_changed":false,"footnotes":""},"class_list":["post-24553","page","type-page","status-publish","has-post-thumbnail","hentry"],"acf":[],"_links":{"self":[{"href":"https:\/\/ecol.eu\/de\/wp-json\/wp\/v2\/pages\/24553","targetHints":{"allow":["GET"]}}],"collection":[{"href":"https:\/\/ecol.eu\/de\/wp-json\/wp\/v2\/pages"}],"about":[{"href":"https:\/\/ecol.eu\/de\/wp-json\/wp\/v2\/types\/page"}],"author":[{"embeddable":true,"href":"https:\/\/ecol.eu\/de\/wp-json\/wp\/v2\/users\/3"}],"replies":[{"embeddable":true,"href":"https:\/\/ecol.eu\/de\/wp-json\/wp\/v2\/comments?post=24553"}],"version-history":[{"count":3,"href":"https:\/\/ecol.eu\/de\/wp-json\/wp\/v2\/pages\/24553\/revisions"}],"predecessor-version":[{"id":28690,"href":"https:\/\/ecol.eu\/de\/wp-json\/wp\/v2\/pages\/24553\/revisions\/28690"}],"wp:featuredmedia":[{"embeddable":true,"href":"https:\/\/ecol.eu\/de\/wp-json\/wp\/v2\/media\/24482"}],"wp:attachment":[{"href":"https:\/\/ecol.eu\/de\/wp-json\/wp\/v2\/media?parent=24553"}],"curies":[{"name":"wp","href":"https:\/\/api.w.org\/{rel}","templated":true}]}}