{"id":24551,"date":"2022-10-28T12:41:03","date_gmt":"2022-10-28T10:41:03","guid":{"rendered":"https:\/\/ecol.eu\/?page_id=24551"},"modified":"2024-08-16T13:39:15","modified_gmt":"2024-08-16T11:39:15","slug":"dsgvo-informationsklausel","status":"publish","type":"page","link":"https:\/\/ecol.eu\/de\/dsgvo-informationsklausel\/","title":{"rendered":"DSGVO-Informationsklausel"},"content":{"rendered":"\n<div style=\"height:100px\" aria-hidden=\"true\" class=\"wp-block-spacer\"><\/div>\n\n\n<section class=\"editor alignwide\">\n  <div class=\"container\">\n    <div class=\"row\">\n      <article class=\"offset-lg-2 col-xl-9 col-lg-10 editor__text\">\n\n        \n          \n            \n\t\t\t\t\t      <div class=\"post\">\n\t\t\t\t\t\t      \n\t\t\t\t\t\t      \t\t\t\t\t\t\t      <div class=\"post\">\n\t\t\t\t\t\t\t\t      <h2 class=\"post__header heading heading--line\">DSGVO-Informationsklausel<\/h2>\n<p class=\"post__paragraph\">Gem\u00e4\u00df Artikel 13 Absatz 1 und 2 der Datenschutz-Grundverordnung vom 27. April 2016. (ABl.EU.L.2016.119.1 vom 2016.05.04), im Folgenden als Verordnung bezeichnet, teilen wir Ihnen \u00fcber Folgendes mit:<\/p>\n<ol class=\"post__list post__list--ordered\">\n<li class=\"post__list-item\">1. Der f\u00fcr die Verarbeitung personenbezogener Daten Verantwortliche ist:<br>\n<b>Ecol sp. z\u00a0o.o., mit Sitz in Rybnik (44-207), ul. Podmiejska 71 A,<br>\nNIP (Steuernummer): 642-000-05-76, Tel. +48 32 739 18 30, E-Mail: ecol@ecol.eu<br>\n<\/b><\/li>\n<li class=\"post__list-item\">2. Ihre personenbezogenen Daten werden zum Zweck der Beantwortung einer an uns gerichteten Nachricht bzw. der Kontaktaufnahme und einer m\u00f6glichen weiteren Zusammenarbeit auf der Grundlage von Artikel 6 Absatz 1 Buchstaben a\u00a0und b der Verordnung verarbeitet.<\/li>\n<li class=\"post__list-item\">3. Ihre personenbezogenen Daten werden f\u00fcr die Dauer der Korrespondenz bzw. der Vertragserf\u00fcllung und nach Ablauf des Vertrages f\u00fcr den Zeitraum, der zur Sicherung der daraus resultierenden Anspr\u00fcche erforderlich ist, sowie f\u00fcr den Zeitraum, der sich aus den allgemein geltenden Gesetzen ergibt, verarbeitet.<\/li>\n<li class=\"post__list-item\">4. Die Daten werden nicht an ein Drittland oder eine internationale Organisation \u00fcbermittelt.<\/li>\n<li class=\"post__list-item\">5. Ihre personenbezogenen Daten werden Dritten \u2013 Empf\u00e4ngern im Sinne von Artikel 4 Absatz 9 der Verordnung \u2013 nicht zur Verf\u00fcgung gestellt, es sei denn, eine solche Verpflichtung ergibt sich aus allgemein geltenden gesetzlichen Bestimmungen.<\/li>\n<li class=\"post__list-item\">6. Sie haben das Recht auf Auskunft \u00fcber den Inhalt Ihrer Daten, das Recht auf Berichtigung, L\u00f6schung, Einschr\u00e4nkung der Verarbeitung und das Recht auf \u00dcbertragbarkeit Ihrer Daten sowie das Recht, Ihre Einwilligung zur Verarbeitung zu widerrufen, wenn die Verarbeitung auf Ihrer Einwilligung beruhte.<\/li>\n<li class=\"post__list-item\">7. Sie haben das Recht, sich bei einer Aufsichtsbeh\u00f6rde zu beschweren, wenn Sie der Ansicht sind, dass die Verarbeitung der Sie betreffenden personenbezogenen Daten gegen die Verordnung verst\u00f6\u00dft.<\/li>\n<li class=\"post__list-item\">8. Die Bereitstellung Ihrer personenbezogenen Daten ist freiwillig.<\/li>\n<li class=\"post__list-item\">9. Entscheidungen auf der Grundlage der von Ihnen bereitgestellten Daten werden nicht auf automatisierte Weise getroffen.<\/li>\n<\/ol>\n\n\t\t\t\t\t\t\t      <\/div>\n\t\t\t\t\t\t      \t\t\t\t\t      <\/div>\n                \n          \n        \n      <\/article>\n    <\/div>\n  <\/div>\n<\/section>\n","protected":false},"excerpt":{"rendered":"","protected":false},"author":3,"featured_media":24482,"parent":0,"menu_order":0,"comment_status":"closed","ping_status":"closed","template":"","meta":{"_acf_changed":false,"footnotes":""},"class_list":["post-24551","page","type-page","status-publish","has-post-thumbnail","hentry"],"acf":[],"_links":{"self":[{"href":"https:\/\/ecol.eu\/de\/wp-json\/wp\/v2\/pages\/24551","targetHints":{"allow":["GET"]}}],"collection":[{"href":"https:\/\/ecol.eu\/de\/wp-json\/wp\/v2\/pages"}],"about":[{"href":"https:\/\/ecol.eu\/de\/wp-json\/wp\/v2\/types\/page"}],"author":[{"embeddable":true,"href":"https:\/\/ecol.eu\/de\/wp-json\/wp\/v2\/users\/3"}],"replies":[{"embeddable":true,"href":"https:\/\/ecol.eu\/de\/wp-json\/wp\/v2\/comments?post=24551"}],"version-history":[{"count":2,"href":"https:\/\/ecol.eu\/de\/wp-json\/wp\/v2\/pages\/24551\/revisions"}],"predecessor-version":[{"id":28692,"href":"https:\/\/ecol.eu\/de\/wp-json\/wp\/v2\/pages\/24551\/revisions\/28692"}],"wp:featuredmedia":[{"embeddable":true,"href":"https:\/\/ecol.eu\/de\/wp-json\/wp\/v2\/media\/24482"}],"wp:attachment":[{"href":"https:\/\/ecol.eu\/de\/wp-json\/wp\/v2\/media?parent=24551"}],"curies":[{"name":"wp","href":"https:\/\/api.w.org\/{rel}","templated":true}]}}