{"id":24480,"date":"2022-10-28T11:29:36","date_gmt":"2022-10-28T09:29:36","guid":{"rendered":"https:\/\/ecol.eu\/?page_id=24480"},"modified":"2024-08-16T13:41:05","modified_gmt":"2024-08-16T11:41:05","slug":"nutzungsbedingungen-der-website-ecol-eu","status":"publish","type":"page","link":"https:\/\/ecol.eu\/de\/nutzungsbedingungen-der-website-ecol-eu\/","title":{"rendered":"Nutzungsbedingungen der Website Ecol.eu"},"content":{"rendered":"\n<div style=\"height:100px\" aria-hidden=\"true\" class=\"wp-block-spacer\"><\/div>\n\n\n<section class=\"editor alignwide\">\n  <div class=\"container\">\n    <div class=\"row\">\n      <article class=\"offset-lg-2 col-xl-9 col-lg-10 editor__text\">\n\n        \n          \n            \n\t\t\t\t\t      <div class=\"post\">\n\t\t\t\t\t\t      \n\t\t\t\t\t\t      \t\t\t\t\t\t\t      <div class=\"post\">\n\t\t\t\t\t\t\t\t      <h2 class=\"post__header heading heading--line\">Nutzungsbedingungen der Website Ecol.eu<\/h2>\n<h3 class=\"post__header heading heading--line\"><strong>Allgemeine Vorbehalte<\/strong><\/h3>\n<p class=\"post__paragraph\">Der in diesem Text und auf der Website verwendete Begriff Ecol steht f\u00fcr Ecol Sp. z\u00a0o.o. mit Sitz in Rybnik, ul. Podmiejska 71 A, 44-207 Rybnik.<\/p>\n<p class=\"post__paragraph\">Im Sinne dieser Nutzungsbedingungen bezeichnet der Begriff Website die Website: www.ecol.eu<\/p>\n<h3 class=\"post__header heading heading--line\"><strong>Haftungsausschluss<\/strong><\/h3>\n<p class=\"post__paragraph\">Alle Informationen auf der Ecol-Website dienen nur der allgemeinen Information. Ecol \u00fcbernimmt keine Garantie f\u00fcr die Form und den Inhalt der auf der Website enthaltenen Informationen, insbesondere nicht f\u00fcr deren Aktualit\u00e4t, Richtigkeit, Vollst\u00e4ndigkeit und Eignung f\u00fcr einen bestimmten Zweck. Ecol kann nicht f\u00fcr Sch\u00e4den haftbar gemacht werden, die den Nutzern der Website oder Dritten im Zusammenhang mit der Nutzung und Anwendung der darin enthaltenen Informationen entstehen. Alle mit der Nutzung und Anwendung der auf den Ecol-Seiten bereitgestellten Informationen verbundenen Risiken gehen zu Lasten des Benutzers der Website. Ecol aktualisiert die Informationen laufend, dennoch k\u00f6nnen unbeabsichtigte Fehler und Irrt\u00fcmer im Inhalt dieser Informationen auftreten.<\/p>\n<h3 class=\"post__header heading heading--line\"><strong>Urheberrechte<\/strong><\/h3>\n<p class=\"post__paragraph\">Alle Rechte am gesamten Inhalt der Ecol-Website sind vorbehalten. Die Website und alle ihre Elemente sind durch die gesetzlichen Bestimmungen, einschlie\u00dflich des Gesetzes vom 4. Februar 1994 \u00fcber Urheberrecht und verwandte Schutzrechte (konsolidierter Text: Gesetzblatt 00.80.904, in ge\u00e4nderter Fassung), des Gesetzes zur Bek\u00e4mpfung des unlauteren Wettbewerbs vom 16. April 1993 (Gesetzblatt 93.47.211, in ge\u00e4nderter Fassung) und des Gesetzes zum Schutz von Datenbanken vom 27. Juli 2001 (Gesetzblatt 01.128.1402), gesch\u00fctzt. Der Benutzer hat das Recht, die Ecol-Webseite zu benutzen, unter der Bedingung, dass er die Urheberrechte und die Rechte auf die Eintragung von Warenzeichen nicht verletzt, die Ecol oder anderen Unternehmen geh\u00f6ren, deren Warenzeichen auf der Webseite platziert sind. Die Vervielf\u00e4ltigung und vor\u00fcbergehende Speicherung des Inhalts dieser Website ist gestattet, sofern sie nur zum pers\u00f6nlichen Gebrauch erfolgt. Die Verbreitung, Vervielf\u00e4ltigung, Fixierung und Reproduktion zu kommerziellen Zwecken ist ohne die schriftliche Zustimmung von Ecol oder seinen verbundenen Unternehmen nicht gestattet, mit Ausnahme des Materials, das in den Abschnitten \u201eDownloads\u201c und \u201eProduktsicherheitskarten\u201c ver\u00f6ffentlicht wird..<\/p>\n<h3 class=\"post__header heading heading--line\"><strong>Warenzeichen<\/strong><\/h3>\n<p>Das Ecol-Logo ist eine eingetragene Marke von Ecol Sp. z\u00a0o.o. und wird nur mit Zustimmung von Ecol Sp. z\u00a0o.o. verwendet. Die Verwendung der Marke durch die Benutzer der Website ohne vorherige schriftliche Vereinbarung mit Ecol stellt einen Versto\u00df gegen das Gesetz vom 30. Juni 2000 \u2013 Gesetz \u00fcber das gewerbliche Eigentum (Gesetzblatt 01.49.508, in ge\u00e4nderter Fassung) oder gegen die durch dieses Gesetz in Kraft gebliebenen Bestimmungen sowie gegen das Gesetz vom 16. April 1993 zur Bek\u00e4mpfung des unlauteren Wettbewerbs (Gesetzblatt 93.47.211, in ge\u00e4nderter Fassung) dar. Die Aufnahme eines Verweises auf unsere Website auf einer anderen Website bedarf der schriftlichen Zustimmung von Ecol, ausgenommen Diskussionsseiten.<br>\nDie Marken (Logos) anderer Parteien, die sich auf der Ecol-Webseite befinden, sind deren Eigentum und sind gesetzlich gesch\u00fctzt.<\/p>\n<h3 class=\"post__header heading heading--line\"><strong>Cookies<\/strong><\/h3>\n<p>Um die Inhalte an die Bed\u00fcrfnisse der Benutzer anzupassen, verwendet Ecol sogenannte Cookies. Cookies sind Textinformationen, die vom Ecol-Server auf dem Computer des Benutzers gespeichert werden und vom Server jedes Mal gelesen werden k\u00f6nnen, wenn der Benutzer von diesem Computer aus eine Verbindung herstellt. Die von den Cookies gelieferten Informationen werden von Ecol verwendet, um die Website zu verwalten, Besucherstatistiken zu erstellen und das korrekte Funktionieren der Website zu erm\u00f6glichen. Der Benutzer hat die M\u00f6glichkeit, die Annahme von Cookies auf seinem Computer in den Optionen seines Webbrowsers zu deaktivieren. Dadurch wird jedoch die Funktionalit\u00e4t der Website eingeschr\u00e4nkt und die Nutzung von Ressourcen, die nur registrierten Nutzern zur Verf\u00fcgung stehen, wird unm\u00f6glich.<br>\nDie Methode zur Deaktivierung von Cookies h\u00e4ngt von dem vom Besucher der Website verwendeten Webbrowser ab. Hier finden Sie einige Tipps, wie Sie Cookies in den g\u00e4ngigsten Browsern einschr\u00e4nken k\u00f6nnen:<\/p>\n<p><strong>Mozilla Firefox<\/strong><br>\nW\u00e4hlen Sie im Men\u00fc \u201eExtras\u201c \u201eOptionen\u201c und den Reiter \u201eDatenschutz\u201c.<br>\nDer Browser gibt Ihnen die M\u00f6glichkeit zu w\u00e4hlen, ob Sie Cookies verwenden oder einzelne Cookies einzelner Seiten l\u00f6schen m\u00f6chten.<\/p>\n<p><strong>Microsoft Internet Explorer<\/strong><br>\nW\u00e4hlen Sie im Men\u00fc \u201eExtras\u201c \u201eInternetoptionen\u201c und den Reiter \u201eDatenschutz\u201c.<br>\nMit einem speziellen Schieberegler kann das gesamte Datenschutzniveau angepasst werden, oder die Schaltfl\u00e4che \u201eWebsites\u201c kann verwendet werden, um die Einstellungen f\u00fcr einzelne Websites zu verwalten.<\/p>\n<p><strong>Google Chrome<\/strong><br>\nW\u00e4hlen Sie im Optionsmen\u00fc (erreichbar durch Klicken auf die Schaltfl\u00e4che in der oberen rechten Ecke des Browsers) die Option \u201eExtras\u201c und dann \u201eBrowserdaten l\u00f6schen\u2026\u201c. Neben der Option, Cookies zu l\u00f6schen, gibt es einen Link \u201eeitere Informationen\u201c der zu einer detaillierten Beschreibung, der Datenschutzfunktionen des Browsers f\u00fchrt.<\/p>\n<p><strong>Opera<\/strong><br>\n\u00d6ffnen Sie \u00fcber die \u201eOpera\u201c-Schaltfl\u00e4che in der linken oberen Ecke das Optionsmen\u00fc und w\u00e4hlen Sie dort \u201eEinstellungen\u201c und dann \u201eBrowserdaten l\u00f6schen\u2026\u201c. Neben der M\u00f6glichkeit, bereits gesetzte Cookies zu l\u00f6schen, gibt es auch eine Schaltfl\u00e4che \u201eCookies verwalten\u2026\u201c, die zu erweiterten Optionen f\u00fcr einzelne Websites f\u00fchrt.<\/p>\n<p><strong>Apple Safari<\/strong><br>\nW\u00e4hlen Sie im Men\u00fc \u201eSafari\u201d die Option \u201eEinstellungen\u201c und dort den Reiter \u201eDatenschutz\u201c. Es gibt zahlreiche M\u00f6glichkeiten f\u00fcr Cookies.<\/p>\n<p>Auf Handys, Tablets und anderen mobilen Ger\u00e4ten<br>\nJedes Telefonmodell unterst\u00fctzt diese Funktion m\u00f6glicherweise auf unterschiedliche Weise. Wir empfehlen Ihnen daher, die Datenschutzoptionen in der Dokumentation auf der Website des Herstellers des mobilen Ger\u00e4tes zu lesen.<\/p>\n<p class=\"post__paragraph\">Ausf\u00fchrliche und aktuelle Informationen zur Konfiguration Ihres Browsers finden Sie auf der Website des Herausgebers.<\/p>\n<h3 class=\"post__header heading heading--line\"><strong>Anwendbares Recht<\/strong><\/h3>\n<p class=\"post__paragraph\">Die Anwendung der vorliegenden Bedingungen und die Nutzung der Website unterliegen dem polnischen Recht. Sollte eine der in diesen Bedingungen enthaltenen Bestimmungen nach polnischem Recht ung\u00fcltig, rechtswidrig oder unwirksam sein, so ist sie nicht anwendbar. Im \u00dcbrigen bleiben die Bedingungen in Kraft und behalten ihre Rechtswirkung.<\/p>\n<h3 class=\"post__header heading heading--line\"><strong>Kontakt<\/strong><\/h3>\n<p class=\"post__paragraph\">Wenn Sie Fragen oder Kommentare von Benutzern der Website zu den Nutzungsbedingungen haben, kontaktieren Sie uns bitte per E-Mail unter:  <a class=\"post__link\" href=\"mailto:webmaster@ecol.eu\">webmaster@ecol.eu<\/a> oder telefonisch unter: <a class=\"post__link\" href=\"tel:+48%2032%20739%2063%2075\">+48 32 739 63 75.<\/a><\/p>\n\n\t\t\t\t\t\t\t      <\/div>\n\t\t\t\t\t\t      \t\t\t\t\t      <\/div>\n                \n          \n        \n      <\/article>\n    <\/div>\n  <\/div>\n<\/section>\n\n\n\n<div style=\"height:55px\" aria-hidden=\"true\" class=\"wp-block-spacer\"><\/div>\n","protected":false},"excerpt":{"rendered":"","protected":false},"author":3,"featured_media":24482,"parent":0,"menu_order":0,"comment_status":"closed","ping_status":"closed","template":"","meta":{"_acf_changed":false,"footnotes":""},"class_list":["post-24480","page","type-page","status-publish","has-post-thumbnail","hentry"],"acf":[],"_links":{"self":[{"href":"https:\/\/ecol.eu\/de\/wp-json\/wp\/v2\/pages\/24480","targetHints":{"allow":["GET"]}}],"collection":[{"href":"https:\/\/ecol.eu\/de\/wp-json\/wp\/v2\/pages"}],"about":[{"href":"https:\/\/ecol.eu\/de\/wp-json\/wp\/v2\/types\/page"}],"author":[{"embeddable":true,"href":"https:\/\/ecol.eu\/de\/wp-json\/wp\/v2\/users\/3"}],"replies":[{"embeddable":true,"href":"https:\/\/ecol.eu\/de\/wp-json\/wp\/v2\/comments?post=24480"}],"version-history":[{"count":3,"href":"https:\/\/ecol.eu\/de\/wp-json\/wp\/v2\/pages\/24480\/revisions"}],"predecessor-version":[{"id":28696,"href":"https:\/\/ecol.eu\/de\/wp-json\/wp\/v2\/pages\/24480\/revisions\/28696"}],"wp:featuredmedia":[{"embeddable":true,"href":"https:\/\/ecol.eu\/de\/wp-json\/wp\/v2\/media\/24482"}],"wp:attachment":[{"href":"https:\/\/ecol.eu\/de\/wp-json\/wp\/v2\/media?parent=24480"}],"curies":[{"name":"wp","href":"https:\/\/api.w.org\/{rel}","templated":true}]}}