{"id":33686,"date":"2023-07-10T14:38:16","date_gmt":"2023-07-10T12:38:16","guid":{"rendered":"https:\/\/ecol.eu\/?page_id=33686"},"modified":"2025-08-13T12:39:57","modified_gmt":"2025-08-13T10:39:57","slug":"proplachovani-vodovodnich-instalaci","status":"publish","type":"page","link":"https:\/\/ecol.eu\/cs\/technologie-a-sluzby\/hydrodynamicke-cisteni\/proplachovani-vodovodnich-instalaci\/","title":{"rendered":"Proplachov\u00e1n\u00ed vodovodn\u00edch instalac\u00ed"},"content":{"rendered":"<header class=\"page-hero alignwide\">\n  <div class=\"container\">\n    <div class=\"row\">\n      <div class=\"col-lg-7 offset-lg-1 page-hero__text\">\n\n        <nav aria-label=\"Okruszki\" role=\"navigation\">\n  <ul class=\"breadcrumbs\" aria-label=\"lista okruszk\u00f3w\">\n\n    \n      <li class=\"breadcrumbs__item\">\n\n                  <a href=\"https:\/\/ecol.eu\/cs\/\" class=\"breadcrumbs__link\">Domovsk\u00e1 str\u00e1nka<\/a>\n        \n      <\/li>\n\n    \n  <\/ul>\n<\/nav>\n\n        <h1 class=\"heading heading--sb\">Pr\u016fmyslov\u00e9 proplachov\u00e1n\u00ed vodovodn\u00edch instalac\u00ed<\/h1>\n\n                  <p class=\"desc\">Pravideln\u00e9 proplachov\u00e1n\u00ed vodovodn\u00edch syst\u00e9m\u016f je kl\u00ed\u010dem k zaji\u0161t\u011bn\u00ed jejich \u00fa\u010dinnosti a&nbsp;dlouh\u00e9 \u017eivotnosti. Usazeniny, vodn\u00ed k\u00e1men a&nbsp;dal\u0161\u00ed ne\u010distoty mohou v\u00e9st ke sn\u00ed\u017een\u00ed v\u00fdkonu syst\u00e9mu, zv\u00fd\u0161en\u00ed rizika koroze a&nbsp;poruchy. Pou\u017eit\u00edm vhodn\u00fdch proplachovac\u00edch technologi\u00ed je mo\u017en\u00e9 \u00fa\u010dinn\u011b odstranit kontaminanty, a&nbsp;t\u00edm zlep\u0161it v\u00fdkonnost za\u0159\u00edzen\u00ed.<\/p>\n        \n      <\/div>\n\n      <ul class=\"col-lg-7 offset-lg-1 links\" data-links><\/ul>\n\n    <\/div>\n\n    \n      <svg class=\"page-hero__bg page-hero__bg--hydrodynamic\" xmlns=\"http:\/\/www.w3.org\/2000\/svg\" viewBox=\"0 0 1294.63 1053.44\"><defs><style>.cls-1,.cls-2,.cls-3,.cls-4{fill:none;stroke:#1d1d1b;stroke-miterlimit:10;}.cls-1,.cls-2,.cls-4{stroke-width:.5px;}.cls-2{stroke-dasharray:0 0 5.99 2;}.cls-4{stroke-dasharray:0 0 6 2;}<\/style><\/defs><path class=\"cls-3\" d=\"M953.31,523.79C930.03,231.32,697.31,3.04,440.6,2.38,192.34,1.74-1.46,215.31,.51,489.6c2.06,286.25,215.19,542.82,484.49,562.18,279.23,20.07,492.67-221.9,468.3-527.98Z\"\/><path class=\"cls-3\" d=\"M576.66,1048.85c240.78-24.49,414.26-249.34,392.16-526.93C945.55,229.44,712.82,1.16,456.12,.5c-20.84-.05-41.29,1.4-61.27,4.27\"\/><path class=\"cls-3\" d=\"M857.65,526.87c-22.18-227.32-204.45-410.66-410.52-415.83-209.21-5.25-372.86,174.44-362.32,408.04,10.89,241.25,201.96,441.64,423.17,440.34,217.7-1.28,372.55-198,349.67-432.56Z\"\/><path class=\"cls-3\" d=\"M725.92,542.88c-8.7-167.41-138.27-305.05-288.9-309.76-149.95-4.69-267.52,124.12-263.17,289.99,4.42,168.48,132.61,312.06,286.92,318.31,155.04,6.28,273.99-128.47,265.15-298.54Z\"\/><line class=\"cls-3\" x1=\"833.8\" y1=\"188.9\" x2=\"1241.49\" y2=\"211.62\"\/><line class=\"cls-3\" x1=\"970.53\" y1=\"584.47\" x2=\"1278.06\" y2=\"324.44\"\/><path class=\"cls-3\" d=\"M991.55,566.67c49.09-42.31,73.82-120.27,57.89-202.15-19.44-99.91-92.84-171.71-171.07-173.05\"\/><path class=\"cls-3\" d=\"M1094.85,479.28c37.65-31.03,56.83-89.82,44.8-151.62-14.66-75.33-70.62-129.13-129.71-128.49\"\/><path class=\"cls-3\" d=\"M1204.05,386.6c24.94-19.48,37.8-57.67,29.98-97.85-9.35-48.06-45.06-82.38-82.75-81.97\"\/><path class=\"cls-3\" d=\"M1277.71,324.8c13.18-13.54,19.53-36.08,14.93-59.69-6.13-31.48-29.58-53.92-54.27-53.48\"\/><circle class=\"cls-3\" cx=\"887.66\" cy=\"443.11\" r=\"34.13\"\/><circle class=\"cls-3\" cx=\"898.67\" cy=\"651.8\" r=\"34.13\"\/><circle class=\"cls-3\" cx=\"821.13\" cy=\"836.17\" r=\"34.13\"\/><circle class=\"cls-3\" cx=\"698.01\" cy=\"954.9\" r=\"34.13\"\/><circle class=\"cls-3\" cx=\"526.25\" cy=\"1007.46\" r=\"34.13\"\/><circle class=\"cls-3\" cx=\"363.88\" cy=\"979.92\" r=\"28.57\"\/><circle class=\"cls-3\" cx=\"227.25\" cy=\"893.25\" r=\"26.08\"\/><circle class=\"cls-3\" cx=\"120.15\" cy=\"770.25\" r=\"26.08\"\/><circle class=\"cls-3\" cx=\"61.06\" cy=\"617.41\" r=\"26.08\"\/><circle class=\"cls-3\" cx=\"52.76\" cy=\"449.31\" r=\"26.08\"\/><circle class=\"cls-3\" cx=\"96.51\" cy=\"290.03\" r=\"26.08\"\/><circle class=\"cls-3\" cx=\"182.62\" cy=\"165.19\" r=\"30.72\"\/><circle class=\"cls-3\" cx=\"315.19\" cy=\"80.51\" r=\"34.15\"\/><circle class=\"cls-3\" cx=\"477.85\" cy=\"64.22\" r=\"34.15\"\/><circle class=\"cls-3\" cx=\"648.64\" cy=\"117.48\" r=\"34.15\"\/><circle class=\"cls-3\" cx=\"802.38\" cy=\"252.31\" r=\"34.15\"\/><path class=\"cls-3\" d=\"M811.46,219.08c-15.04,3.57-26.23,17.09-26.23,33.23s11.35,29.85,26.56,33.3\"\/><path class=\"cls-3\" d=\"M885.16,408.82c-9.72,6.02-16.2,16.78-16.2,29.06,0,18.86,15.29,34.15,34.15,34.15,1.16,0,2.3-.06,3.43-.17\"\/><path class=\"cls-3\" d=\"M906.55,471.86c17.25-1.72,30.72-16.28,30.72-33.98,0-18.86-15.29-34.15-34.15-34.15-6.59,0-12.74,1.86-17.95,5.09\"\/><path class=\"cls-3\" d=\"M899.89,617.43c-7.49,6.26-12.25,15.68-12.25,26.21,0,18.63,14.92,33.78,33.47,34.14\"\/><path class=\"cls-3\" d=\"M809.67,803.21c-.04,.64-.05,1.29-.05,1.94,0,18.86,15.29,34.15,34.15,34.15,4.24,0,8.31-.77,12.05-2.19\"\/><path class=\"cls-3\" d=\"M694.91,920.52c.87,18.08,15.81,32.47,34.11,32.47,1.18,0,2.34-.06,3.49-.18\"\/><path class=\"cls-3\" d=\"M530.68,973.33c4.34,11.9,15.12,20.7,28.11,22.21\"\/><path class=\"cls-3\" d=\"M208.47,148.31c-1.77,4.13-2.75,8.67-2.75,13.45,0,6.36,1.74,12.32,4.77,17.42\"\/><path class=\"cls-3\" d=\"M346.94,66.72c-9.1,6.13-15.08,16.54-15.08,28.34,0,5.08,1.11,9.9,3.1,14.23\"\/><path class=\"cls-3\" d=\"M506.37,44.5c-13.36,4.63-22.95,17.33-22.95,32.27,0,7.4,2.35,14.25,6.35,19.84\"\/><path class=\"cls-3\" d=\"M675.08,95.23c-17.22,1.75-30.66,16.29-30.66,33.97,0,8.58,3.17,16.43,8.4,22.43\"\/><line class=\"cls-3\" x1=\"702.52\" y1=\"434.77\" x2=\"618.15\" y2=\"462.91\"\/><line class=\"cls-3\" x1=\"708.24\" y1=\"450.45\" x2=\"623.4\" y2=\"484.88\"\/><path class=\"cls-3\" d=\"M574.64,464.61l43.51-1.7s10.63,3.26,5.24,21.97l-33.73,24.8\"\/><ellipse class=\"cls-3\" cx=\"504.34\" cy=\"512.94\" rx=\"62.28\" ry=\"59.81\"\/><path class=\"cls-3\" d=\"M567.46,548.09c13.38-10.97,21.85-27.28,21.85-45.5,0-31.62-25.55-57.51-57.9-59.67\"\/><line class=\"cls-3\" x1=\"567.46\" y1=\"548.09\" x2=\"537.9\" y2=\"563.34\"\/><line class=\"cls-3\" x1=\"531.41\" y1=\"442.92\" x2=\"487.37\" y2=\"455.38\"\/><path class=\"cls-3\" d=\"M644.17,454.23s12.52,5.11,9.12,18.51\"\/><path class=\"cls-3\" d=\"M666.83,446.67s13.77,4.41,8.34,17.19\"\/><path class=\"cls-3\" d=\"M692.73,438.04s12.94,4.34,7.66,15.6\"\/><circle class=\"cls-1\" cx=\"472.11\" cy=\"524.67\" r=\"9.09\"\/><circle class=\"cls-1\" cx=\"473.56\" cy=\"523.83\" r=\"17.75\"\/><line class=\"cls-1\" x1=\"467.08\" y1=\"507.3\" x2=\"483.51\" y2=\"501.88\"\/><path class=\"cls-1\" d=\"M498.81,530.22c4.38-2.9,7.28-7.88,7.28-13.53,0-8.95-7.26-16.21-16.21-16.21-2.64,0-5.13,.63-7.33,1.75\"\/><g><g><path class=\"cls-1\" d=\"M462.84,509.68s-.65-.82-1.81-2.39\"\/><path class=\"cls-2\" d=\"M459.86,505.68c-17.93-24.88-106.77-160.9,10.7-266.13\"\/><path class=\"cls-1\" d=\"M471.3,238.88c.74-.66,1.5-1.32,2.26-1.98\"\/><\/g><path class=\"cls-4\" d=\"M410.79,834.5s226.41-53.79,73.31-296.38l14.99-8.03\"\/><path class=\"cls-4\" d=\"M455.81,527.66s-254.87,39.34,81.44,304.99\"\/><path class=\"cls-4\" d=\"M687.39,712.69c41.4-217.13-196.07-192.09-196.07-192.09,0,0,252.89-22.1-74.47-287.29\"\/><path class=\"cls-4\" d=\"M484.1,538.11s138.08,183.01,210.47-121.92\"\/><path class=\"cls-4\" d=\"M487.58,512.94s246.51-183.21,218.16,155.43\"\/><path class=\"cls-4\" d=\"M473.56,506.07s-26.78-279.33,217.5-97.25\"\/><path class=\"cls-4\" d=\"M455.81,523.83s-243.81,24.57-202.17-216.1\"\/><path class=\"cls-4\" d=\"M459.54,512.94s-153.21-204.33-233.57,183.42\"\/><path class=\"cls-4\" d=\"M448.2,538.86s-194.55,148.79-265.57-100.28\"\/><path class=\"cls-4\" d=\"M473.56,541.58s18.86,290-263.82,125.72\"\/><\/g><line class=\"cls-4\" x1=\"500.33\" y1=\"504.3\" x2=\"543.8\" y2=\"466.66\"\/><line class=\"cls-4\" x1=\"501.82\" y1=\"527.66\" x2=\"562.74\" y2=\"533.77\"\/><line class=\"cls-4\" x1=\"484.1\" y1=\"538.11\" x2=\"511.47\" y2=\"572.75\"\/><line class=\"cls-4\" x1=\"470.66\" y1=\"541.58\" x2=\"467.74\" y2=\"561.33\"\/><line class=\"cls-4\" x1=\"459.54\" y1=\"535.18\" x2=\"450.27\" y2=\"542.63\"\/><line class=\"cls-4\" x1=\"475.91\" y1=\"504.39\" x2=\"481.21\" y2=\"457.39\"\/><line class=\"cls-4\" x1=\"461.54\" y1=\"510.76\" x2=\"445.94\" y2=\"492.12\"\/><\/svg>\n\n    \n  <\/div>\n<\/header>\n\n\n\n<div style=\"height:52px\" aria-hidden=\"true\" class=\"wp-block-spacer\"><\/div>\n\n\n<section class=\"normal-content alignwide \">\n  <div class=\"container\">\n    <div class=\"row justify-content-center\">\n\n\t    \n\t\t    <div class=\"col-xl-5 col-lg-6 normal-content__image-wrapper\">\n\n\t\t\t    \t\t\t\t    <img decoding=\"async\" src=\"https:\/\/ecol.eu\/wp-content\/uploads\/2025\/06\/czyszczenie-instalacji-wodnych-2.webp\" class=\"normal-content__image\" alt=\"czyszczenie-instalacji-wodnych-2\" loading=\"lazy\">\n\t\t\t    \n\t\t    <\/div>\n\t\t    <div class=\"col-xl-5 col-lg-6 normal-content__text\">\n\t\t\t    <div class=\"normal-content__text-wrapper\">\n\n\t\t\t\t    \n\t\t\t\t\t    <h2 class=\"heading heading--line\">proplachov\u00e1n\u00ed vodovodn\u00edch instalac\u00ed<\/h2>\n\n\t\t\t\t    \n\t\t\t\t    \n\t\t\t\t\t    <h3 class=\"heading\">\u010dist\u00e9, \u00fa\u010dinn\u00e9 a&nbsp;bezpe\u010dn\u00e9 syst\u00e9my<\/h3>\n\n\t\t\t\t    \n\t\t\t\t    \n\t\t\t\t\t    <p class=\"desc\">Kontaminace vodn\u00edch syst\u00e9m\u016f je v pr\u016fmyslov\u00fdch z\u00e1vodech b\u011b\u017en\u00fdm probl\u00e9mem &#8211;&nbsp;usazeniny, vodn\u00ed k\u00e1men nebo produkty koroze mohou v\u00e9st k poruch\u00e1m, sn\u00ed\u017een\u00ed produktivity a&nbsp;zv\u00fd\u0161en\u00ed provozn\u00edch n\u00e1klad\u016f. Pravideln\u00e9 proplachov\u00e1n\u00ed potrub\u00ed a&nbsp;vodovodn\u00edch syst\u00e9m\u016f je proto nejen sou\u010d\u00e1st\u00ed preventivn\u00ed \u00fadr\u017eby, ale i&nbsp;\u00fa\u010dinn\u00fdm zp\u016fsobem, jak prodlou\u017eit \u017eivotnost syst\u00e9mu a&nbsp;zlep\u0161it jeho v\u00fdkon.<br><br>\r\nNab\u00edz\u00edme komplexn\u00ed proplachovac\u00ed slu\u017eby pro topn\u00e9, chladic\u00ed a&nbsp;glykolov\u00e9 instalace, kter\u00e9 prov\u00e1d\u00edme pomoc\u00ed modern\u00ed technologie a&nbsp;pod dohledem zku\u0161en\u00fdch odborn\u00edk\u016f.<\/p>\n\n\t\t\t\t    \n\t\t\t\t    \n\t\t\t    <\/div>\n\t\t    <\/div>\n\n\t\t\t\n    <\/div>\n  <\/div>\n<\/section>\n\n\n\n<div style=\"height:40px\" aria-hidden=\"true\" class=\"wp-block-spacer\"><\/div>\n\n\n<section class=\"editor alignwide\">\n  <div class=\"container\">\n    <div class=\"row\">\n      <article class=\"offset-lg-2 col-xl-9 col-lg-10 editor__text\">\n\n        \n          \n            \n\t\t\t\t\t      <div class=\"post\">\n\t\t\t\t\t\t      \n\t\t\t\t\t\t      \t\t\t\t\t\t\t      <div class=\"post\">\n\t\t\t\t\t\t\t\t      <h2 class=\"post__header heading heading--line\">proplachov\u00e1n\u00ed vodovodn\u00edch instalac\u00ed \u2013\u00a0rozsah dod\u00e1vek spole\u010dnosti Ecol<\/h2>\n\n\t\t\t\t\t\t\t      <\/div>\n\t\t\t\t\t\t      \t\t\t\t\t      <\/div>\n                \n          \n        \n      <\/article>\n    <\/div>\n  <\/div>\n<\/section>\n\n\n<section class=\"see-also alignwide\">\n\t<div class=\"see-also__content container\">\n\t\t<div class=\"row justify-content-center\">\n\t\t\t<div class=\"see-also__text-content offset-lg-1 offset-md-0 col-lg-9\">\n\n\t\t\t\t<div class=\"see-also__heading\">\n\n\t\t\t\t\t\n\t\t\t\t\t<div class=\"see-also__details\">\n\n\t\t\t\t\t\t\n\t\t\t\t\t\t\t\t\t\t\t\t\t<h3 class=\"heading\">proplachov\u00e1n\u00ed syst\u00e9mu topn\u00e9 vody<\/h3>\n\t\t\t\t\t\t\n\t\t\t\t\t\t\t\t\t\t\t\t\t<p class=\"desc\">Proplachov\u00e1n\u00ed topn\u00e9 vody je pro \u00fa\u010dinnost topn\u00e9ho syst\u00e9mu z\u00e1sadn\u00ed. Usazeniny, vodn\u00ed k\u00e1men a&nbsp;koroze mohou v\u00e9st ke sn\u00ed\u017een\u00ed kapacity potrub\u00ed, a&nbsp;t\u00edm ke zv\u00fd\u0161en\u00ed spot\u0159eby energie, sn\u00ed\u017een\u00ed \u00fa\u010dinnosti a&nbsp;dokonce k selh\u00e1n\u00ed syst\u00e9mu. N\u00e1\u0161 proplachovac\u00ed proces \u00fa\u010dinn\u011b odstra\u0148uje kontaminanty, \u010d\u00edm\u017e zlep\u0161uje v\u00fdkon a&nbsp;\u017eivotnost instalace.<\/p>\n\t\t\t\t\t\t\n\t\t\t\t\t<\/div>\n\n\t\t\t\t\t\n\t\t\t\t<\/div>\n\t\t\t<\/div>\n\t\t<\/div>\n\t<\/div>\n<\/section>\n\n\n<section class=\"see-also alignwide\">\n\t<div class=\"see-also__content container\">\n\t\t<div class=\"row justify-content-center\">\n\t\t\t<div class=\"see-also__text-content offset-lg-1 offset-md-0 col-lg-9\">\n\n\t\t\t\t<div class=\"see-also__heading\">\n\n\t\t\t\t\t\n\t\t\t\t\t<div class=\"see-also__details\">\n\n\t\t\t\t\t\t\n\t\t\t\t\t\t\t\t\t\t\t\t\t<h3 class=\"heading\">proplachov\u00e1n\u00ed syst\u00e9mu chladic\u00ed vody<\/h3>\n\t\t\t\t\t\t\n\t\t\t\t\t\t\t\t\t\t\t\t\t<p class=\"desc\">Chladic\u00ed syst\u00e9my vy\u017eaduj\u00ed pravideln\u00e9 proplachov\u00e1n\u00ed, aby se zajistil spr\u00e1vn\u00fd v\u00fdkon a&nbsp;p\u0159ede\u0161lo se probl\u00e9m\u016fm spojen\u00fdm s koroz\u00ed, miner\u00e1ln\u00edmi usazeninami a&nbsp;biologickou kontaminac\u00ed. Pou\u017e\u00edv\u00e1me demineralizovanou vodu a&nbsp;vysoce v\u00fdkonn\u00e9 filtry, kter\u00e9 zaru\u010duj\u00ed optim\u00e1ln\u00ed \u010distotu a&nbsp;\u00fa\u010dinnost syst\u00e9mu.<\/p>\n\t\t\t\t\t\t\n\t\t\t\t\t<\/div>\n\n\t\t\t\t\t\n\t\t\t\t<\/div>\n\t\t\t<\/div>\n\t\t<\/div>\n\t<\/div>\n<\/section>\n\n\n<section class=\"see-also alignwide\">\n\t<div class=\"see-also__content container\">\n\t\t<div class=\"row justify-content-center\">\n\t\t\t<div class=\"see-also__text-content offset-lg-1 offset-md-0 col-lg-9\">\n\n\t\t\t\t<div class=\"see-also__heading\">\n\n\t\t\t\t\t\n\t\t\t\t\t<div class=\"see-also__details\">\n\n\t\t\t\t\t\t\n\t\t\t\t\t\t\t\t\t\t\t\t\t<h3 class=\"heading\">proplachov\u00e1n\u00ed glykolov\u00e9 instalace<\/h3>\n\t\t\t\t\t\t\n\t\t\t\t\t\t\t\t\t\t\t\t\t<p class=\"desc\">Proplachov\u00e1n\u00ed instalac\u00ed obsahuj\u00edc\u00edch glykol je d\u016fle\u017eit\u00e9 pro odstran\u011bn\u00ed usazenin, produkt\u016f koroze a&nbsp;mo\u017en\u00fdch chemick\u00fdch kontaminant\u016f. Nab\u00edz\u00edme komplexn\u00ed proplachov\u00e1n\u00ed a&nbsp;v\u00fdm\u011bnu glykolu, abychom zajistili dlouhodobou ochranu syst\u00e9mu proti korozi a&nbsp;usazov\u00e1n\u00ed ne\u017e\u00e1douc\u00edch l\u00e1tek.<\/p>\n\t\t\t\t\t\t\n\t\t\t\t\t<\/div>\n\n\t\t\t\t\t\n\t\t\t\t<\/div>\n\t\t\t<\/div>\n\t\t<\/div>\n\t<\/div>\n<\/section>\n\n\n\n<div style=\"height:100px\" aria-hidden=\"true\" class=\"wp-block-spacer\"><\/div>\n\n\n<section class=\"editor alignwide\">\n  <div class=\"container\">\n    <div class=\"row\">\n      <article class=\"offset-lg-2 col-xl-9 col-lg-10 editor__text\">\n\n        \n          \n            \n\t\t\t\t\t      <div class=\"post\">\n\t\t\t\t\t\t      \n\t\t\t\t\t\t      \t\t\t\t\t\t\t      <div class=\"post\">\n\t\t\t\t\t\t\t\t      <h2 class=\"post__header heading heading--line\">proplachov\u00e1n\u00ed vodovodn\u00edch za\u0159\u00edzen\u00ed \u2013\u00a0f\u00e1ze procesu<\/h2>\n<h3 class=\"post__header heading heading--line\">1. Soupis za\u0159\u00edzen\u00ed<\/h3>\n<p class=\"post__paragraph\">P\u0159ed zah\u00e1jen\u00edm prac\u00ed provedeme podrobnou inventuru potrub\u00ed, kter\u00e1 zahrnuje:<\/p>\n<ul class=\"post__list post__list--nonordered\">\n<li class=\"post__list-item\">Pr\u016fm\u011bry a\u00a0d\u00e9lky potrub\u00ed,<\/li>\n<li class=\"post__list-item\">Po\u010det a\u00a0tvar spoj\u016f,<\/li>\n<li class=\"post__list-item\">Typ a\u00a0po\u010det kov\u00e1n\u00ed,<\/li>\n<li class=\"post__list-item\">Anal\u00fdza potenci\u00e1ln\u00edch probl\u00e9mov\u00fdch m\u00edst.<\/li>\n<\/ul>\n<p class=\"post__paragraph\">\u00a0<\/p>\n<h3 class=\"post__header heading heading--line\">2. P\u0159\u00edprava technologick\u00e9 dokumentace<\/h3>\n<ul class=\"post__list post__list--nonordered\">\n<li class=\"post__list-item\">P\u0159ipravujeme podrobnou technologickou dokumentaci procesu proplachov\u00e1n\u00ed s ohledem na specifika instalace a\u00a0po\u017eadavky na kvalitu.<\/li>\n<\/ul>\n<p class=\"post__paragraph\"><\/p>\n<h3 class=\"post__header heading heading--line\">3. Dohled nad prac\u00ed<\/h3>\n<ul class=\"post__list post__list--nonordered\">\n<li class=\"post__list-item\">Na\u0161i specialist\u00e9 dohl\u00ed\u017eej\u00ed na cel\u00fd proces proplachov\u00e1n\u00ed a\u00a0zaji\u0161\u0165uj\u00ed, aby byl v souladu s vyvinutou technologi\u00ed a\u00a0pr\u016fmyslov\u00fdmi normami.<\/li>\n<\/ul>\n<p class=\"post__paragraph\">\u00a0<\/p>\n<h3 class=\"post__header heading heading--line\">4. P\u0159\u00edprava syst\u00e9mu na proplachov\u00e1n\u00ed<\/h3>\n<ul class=\"post__list post__list--nonordered\">\n<li class=\"post__list-item\">Instalace do\u010dasn\u00e9ho proplachovac\u00edho syst\u00e9mu v\u010detn\u011b \u010derpadla a\u00a0filtra\u010dn\u00ed jednotky, hadic, rozvod\u016f a\u00a0do\u010dasn\u00e9 n\u00e1dr\u017ee.<\/li>\n<li class=\"post__list-item\">Bo\u010dn\u00ed p\u0159ipojen\u00ed dal\u0161\u00edch hadic na strategick\u00fdch m\u00edstech syst\u00e9mu.<\/li>\n<\/ul>\n<p class=\"post__paragraph\">\u00a0<\/p>\n<h3 class=\"post__header heading heading--line\">5. Proplachov\u00e1n\u00ed instalace vodou DEMI<\/h3>\n<ul class=\"post__list post__list--nonordered\">\n<li class=\"post__list-item\">Napln\u011bn\u00ed syst\u00e9mu demineralizovanou vodou (DEM) dodanou z\u00e1kazn\u00edkem.<\/li>\n<li class=\"post__list-item\">Proces proplachov\u00e1n\u00ed vodou DEMI s vysok\u00fdm pr\u016ftokem a\u00a0\u00faplnou filtrac\u00ed pomoc\u00ed jednotky \u010derpadlo-filtr.<\/li>\n<li class=\"post__list-item\">Pou\u017eit\u00ed filtr\u016f s p\u0159esnost\u00ed 100 \u00b5m nebo 60 \u00b5m.<\/li>\n<li class=\"post__list-item\">Sledujte kvalitu vody, dokud nebude z\u00e1kal ni\u017e\u0161\u00ed ne\u017e 5 NTU.<\/li>\n<\/ul>\n\n\t\t\t\t\t\t\t      <\/div>\n\t\t\t\t\t\t      \t\t\t\t\t      <\/div>\n                \n          \n        \n      <\/article>\n    <\/div>\n  <\/div>\n<\/section>\n\n\n<section class=\"normal-content alignwide \">\n  <div class=\"container\">\n    <div class=\"row justify-content-center\">\n\n\t    \n\t\t    <div class=\"col-xl-5 col-lg-6 normal-content__image-wrapper\">\n\n\t\t\t    \t\t\t\t    <img decoding=\"async\" src=\"https:\/\/ecol.eu\/wp-content\/uploads\/2022\/11\/ecol-lab.webp\" class=\"normal-content__image\" alt=\"ecol-lab\" loading=\"lazy\">\n\t\t\t    \n\t\t    <\/div>\n\t\t    <div class=\"col-xl-5 col-lg-6 normal-content__text\">\n\t\t\t    <div class=\"normal-content__text-wrapper\">\n\n\t\t\t\t    \n\t\t\t\t\t    <h2 class=\"heading heading--line\">laboratorn\u00ed diagnostika<\/h2>\n\n\t\t\t\t    \n\t\t\t\t    \n\t\t\t\t\t    <h3 class=\"heading\">pravideln\u00e9 testov\u00e1n\u00ed vzork\u016f vody<\/h3>\n\n\t\t\t\t    \n\t\t\t\t    \n\t\t\t\t\t    <p class=\"desc\">Kvalita vody pou\u017e\u00edvan\u00e9 p\u0159i proplachov\u00e1n\u00ed syst\u00e9mu m\u00e1 p\u0159\u00edm\u00fd vliv na \u00fa\u010dinnost cel\u00e9ho procesu a&nbsp;bezpe\u010dnost budouc\u00edho provozu syst\u00e9mu. V ka\u017ed\u00e9 f\u00e1zi slu\u017eby v\u011bnujeme zvl\u00e1\u0161tn\u00ed pozornost kontrole fyzik\u00e1ln\u011b-chemick\u00fdch parametr\u016f vody. B\u011bhem proplachov\u00e1n\u00ed systematicky odeb\u00edr\u00e1me vzorky vody a&nbsp;podrobujeme je laboratorn\u00ed anal\u00fdze.\r\n<br><br>\r\nPravideln\u00e9 testov\u00e1n\u00ed n\u00e1m umo\u017e\u0148uje pr\u016fb\u011b\u017en\u011b vyhodnocovat \u00fa\u010dinnost procesu a&nbsp;rychle reagovat v p\u0159\u00edpad\u011b zji\u0161t\u011bn\u00ed odchylek od normy.<\/p>\n\n\t\t\t\t    \n\t\t\t\t    \n\t\t\t    <\/div>\n\t\t    <\/div>\n\n\t\t\t\n    <\/div>\n  <\/div>\n<\/section>\n\n\n<section class=\"editor alignwide\">\n  <div class=\"container\">\n    <div class=\"row\">\n      <article class=\"offset-lg-2 col-xl-9 col-lg-10 editor__text\">\n\n        \n          \n            \n\t\t\t\t\t      <div class=\"post\">\n\t\t\t\t\t\t      \n\t\t\t\t\t\t      \t\t\t\t\t\t\t      <div class=\"post\">\n\t\t\t\t\t\t\t\t      <p>Sledujeme kl\u00ed\u010dov\u00e9 ukazatele kvality, jako jsou koncentrace kov\u016f, hodnoty pH, elektrick\u00e1 vodivost nebo tvrdost vody. T\u00edm je zaji\u0161t\u011bno, \u017ee kone\u010dn\u00fd v\u00fdsledek oplachov\u00e1n\u00ed spl\u0148uje nejvy\u0161\u0161\u00ed technick\u00e9 a\u00a0kvalitativn\u00ed standardy.<br>\n\u00a0<\/p>\n<h3 class=\"post__header heading heading--line\">na\u0161e v\u00fdsledky ukazuj\u00ed:<\/h3>\n<ul class=\"post__list post__list--nonordered\">\n<li class=\"post__list-item\">Sn\u00ed\u017een\u00ed obsahu \u017eeleza pod 1 ppm,<\/li>\n<li class=\"post__list-item\">Stabilita hodnoty pH v rozmez\u00ed 6,25 \u2013\u00a06,58, bl\u00edzk\u00e1 po\u010d\u00e1te\u010dn\u00ed hodnot\u011b (6,20),<\/li>\n<li class=\"post__list-item\">Sn\u00ed\u017een\u00ed vodivosti, kter\u00e9 dokl\u00e1d\u00e1 \u00fa\u010dinnost procesu reverzn\u00ed osm\u00f3zy,<\/li>\n<li class=\"post__list-item\">Velmi n\u00edzk\u00e1 tvrdost vody, co\u017e potvrzuje jej\u00ed vysokou kvalitu pro pr\u016fmyslov\u00e9 \u00fa\u010dely.<\/li>\n<\/ul>\n\n\t\t\t\t\t\t\t      <\/div>\n\t\t\t\t\t\t      \t\t\t\t\t      <\/div>\n                \n          \n        \n      <\/article>\n    <\/div>\n  <\/div>\n<\/section>\n\n\n<section class=\"contact-persons alignwide\">\n  <div class=\"container\">\n    <div class=\"row\">\n\n      <div class=\"offset-lg-2 offset-md-0 col-lg-8\">\n\n        \n          <h2 class=\"heading heading--line\">kontakt<\/h2>\n\n        \n        \n          <h3 class=\"heading heading--large\">m\u00e1te dotazy ohledn\u011b slu\u017eeb?<\/h3>\n\n        \n        \n          <p class=\"desc\">Kontaktujte na\u0161eho specialistu:<\/p>\n\n        \n      <\/div>\n\n      \n        <ul class=\"offset-lg-2 offset-md-0 col-lg-9 listing listing--wide\">\n\n          \n            \n            <li class=\"listing__item\">\n\n\t            \n\t\t\t\t\t\t\t\t<div class=\"listing__inner-wrapper\">\n\t\t\t\t\t\t\t\t\t<div class=\"listing__image-wrapper\">\n\t\t\t\t\t\t\t\t\t\t<img decoding=\"async\" src=\"https:\/\/ecol.eu\/wp-content\/uploads\/2024\/09\/tomas-klima-Ecol.png\" class=\"listing__image\" alt=\"\" loading=\"lazy\">\n\t\t\t\t\t\t\t\t\t<\/div>\n\t\t\t\t\t\t\t\t\t<div class=\"listing__inner-details\">\n\n\t\t\t\t\t\t\t\t\t\t\n\t\t\t\t\t\t\t\t\t\t\t<h3 class=\"listing__heading heading heading--b\">Ing. Tom\u00e1\u0161 Kl\u00edma<\/h3>\n\n\t\t\t\t\t\t\t\t\t\t\n\t\t\t\t\t\t\t\t\t\t\n\t\t\t\t\t\t\t\t\t\t\t<p class=\"listing__position\">jednatel v ECOL Industrial s.r.o.,<br>\u0159editel mezin\u00e1rodn\u00edho obchodu v Ecol sp. z&nbsp;o.o.,<br>certifikovan\u00fd tribodiagnostik 2. st.<\/p>\n\n\t\t\t\t\t\t\t\t\t\t\n\t\t\t\t\t\t\t\t\t\t\n\t\t\t\t\t\t\t\t\t\t\t<a href=\"tel:+420317842227\" class=\"listing__link\" target=\"\"><svg width=\"14\" height=\"14\" viewBox=\"0 0 14 14\" fill=\"none\" xmlns=\"http:\/\/www.w3.org\/2000\/svg\">\n  <path d=\"M13.1403 9.8875C13.1044 9.85906 10.5 7.98175 9.78512 8.1165C9.44387 8.17688 9.24875 8.40963 8.85719 8.87556C8.79419 8.95081 8.64281 9.13106 8.52513 9.25925C8.27767 9.17854 8.03629 9.08029 7.80281 8.96525C6.59773 8.37857 5.62406 7.4049 5.03737 6.19981C4.92225 5.96637 4.824 5.72498 4.74337 5.4775C4.872 5.35938 5.05225 5.208 5.12925 5.14325C5.593 4.75387 5.82619 4.55875 5.88656 4.21662C6.01038 3.50787 4.13437 0.8855 4.11469 0.861875C4.02957 0.740281 3.91849 0.639127 3.78948 0.565733C3.66047 0.492338 3.51676 0.448537 3.36875 0.4375C2.60837 0.4375 0.4375 3.25369 0.4375 3.72794C0.4375 3.7555 0.477313 6.55725 3.93225 10.0717C7.44319 13.5227 10.2445 13.5625 10.2721 13.5625C10.7467 13.5625 13.5625 11.3916 13.5625 10.6312C13.5516 10.4838 13.508 10.3405 13.435 10.2119C13.362 10.0833 13.2614 9.97248 13.1403 9.8875Z\" fill=\"black\"\/>\n<\/svg>\n+420 317 842 227<\/a>\n\n\t\t\t\t\t\t\t\t\t\t\n                    \n                      <a href=\"tel:+420774663320\" class=\"listing__link\" target=\"\"><svg xmlns=\"http:\/\/www.w3.org\/2000\/svg\" width=\"14\" height=\"14\" viewBox=\"0 0 24 24\">\n  <path d=\"M19 2c0-1.104-.896-2-2-2h-10c-1.104 0-2 .896-2 2v20c0 1.104.896 2 2 2h10c1.104 0 2-.896 2-2v-20zm-8.5 0h3c.276 0 .5.224.5.5s-.224.5-.5.5h-3c-.276 0-.5-.224-.5-.5s.224-.5.5-.5zm1.5 20c-.553 0-1-.448-1-1s.447-1 1-1c.552 0 .999.448.999 1s-.447 1-.999 1zm5-3h-10v-14.024h10v14.024z\"\/>\n<\/svg>\n+420 774 663 320<\/a>\n\n                    \n\t\t\t\t\t\t\t\t\t\t\n\t\t\t\t\t\t\t\t\t\t\t<a href=\"mailto:t.klima@ecol.eu\" class=\"listing__link\" target=\"\"><svg width=\"14\" height=\"14\" viewBox=\"0 0 14 14\" fill=\"none\" xmlns=\"http:\/\/www.w3.org\/2000\/svg\">\n  <g clip-path=\"url(#clip0_447_7182)\">\n    <path d=\"M8.17001 8.57754C7.82171 8.80974 7.41713 8.93249 7 8.93249C6.5829 8.93249 6.17832 8.80974 5.83002 8.57754L0.0932148 4.75289C0.0613867 4.73167 0.0303789 4.70955 0 4.6868V10.9539C0 11.6724 0.583105 12.2427 1.28879 12.2427H12.7112C13.4297 12.2427 14 11.6596 14 10.9539V4.68677C13.9695 4.70957 13.9385 4.73175 13.9066 4.75299L8.17001 8.57754Z\" fill=\"black\"\/>\n    <path d=\"M0.548242 4.07039L6.28504 7.89507C6.50221 8.03985 6.75109 8.11223 6.99997 8.11223C7.24888 8.11223 7.49779 8.03982 7.71496 7.89507L13.4518 4.07039C13.7951 3.84166 14 3.45884 14 3.04568C14 2.33526 13.422 1.75732 12.7116 1.75732H1.28836C0.577965 1.75735 0 2.33529 0 3.04636C0 3.45884 0.204969 3.84166 0.548242 4.07039Z\" fill=\"black\"\/>\n  <\/g>\n  <defs>\n    <clipPath id=\"clip0_447_7182\">\n      <rect width=\"14\" height=\"14\" fill=\"white\"\/>\n    <\/clipPath>\n  <\/defs>\n<\/svg>\nt.klima@ecol.eu<\/a>\n\n\t\t\t\t\t\t\t\t\t\t\n\t\t\t\t\t\t\t\t\t<\/div>\n\t\t\t\t\t\t\t\t<\/div>\n\n\t\t\t\t\t\t\t\n            <\/li>\n\n          \n        <\/ul>\n\n      \n    <\/div>\n  <\/div>\n<\/section>\n\n\n\n<p><\/p>\n","protected":false},"excerpt":{"rendered":"Proplachovac\u00ed slu\u017eby pro topn\u00e9, chladic\u00ed a glykolov\u00e9 instalace. \u00da\u010dinn\u00e9 odstran\u011bn\u00ed ne\u010distot, a t\u00edm zlep\u0161en\u00ed v\u00fdkonu za\u0159\u00edzen\u00ed.","protected":false},"author":3,"featured_media":33688,"parent":32840,"menu_order":0,"comment_status":"closed","ping_status":"closed","template":"","meta":{"_acf_changed":false,"footnotes":""},"class_list":["post-33686","page","type-page","status-publish","has-post-thumbnail","hentry"],"acf":[],"_links":{"self":[{"href":"https:\/\/ecol.eu\/cs\/wp-json\/wp\/v2\/pages\/33686","targetHints":{"allow":["GET"]}}],"collection":[{"href":"https:\/\/ecol.eu\/cs\/wp-json\/wp\/v2\/pages"}],"about":[{"href":"https:\/\/ecol.eu\/cs\/wp-json\/wp\/v2\/types\/page"}],"author":[{"embeddable":true,"href":"https:\/\/ecol.eu\/cs\/wp-json\/wp\/v2\/users\/3"}],"replies":[{"embeddable":true,"href":"https:\/\/ecol.eu\/cs\/wp-json\/wp\/v2\/comments?post=33686"}],"version-history":[{"count":7,"href":"https:\/\/ecol.eu\/cs\/wp-json\/wp\/v2\/pages\/33686\/revisions"}],"predecessor-version":[{"id":39886,"href":"https:\/\/ecol.eu\/cs\/wp-json\/wp\/v2\/pages\/33686\/revisions\/39886"}],"up":[{"embeddable":true,"href":"https:\/\/ecol.eu\/cs\/wp-json\/wp\/v2\/pages\/32840"}],"wp:featuredmedia":[{"embeddable":true,"href":"https:\/\/ecol.eu\/cs\/wp-json\/wp\/v2\/media\/33688"}],"wp:attachment":[{"href":"https:\/\/ecol.eu\/cs\/wp-json\/wp\/v2\/media?parent=33686"}],"curies":[{"name":"wp","href":"https:\/\/api.w.org\/{rel}","templated":true}]}}