{"id":32808,"date":"2022-07-19T12:09:05","date_gmt":"2022-07-19T10:09:05","guid":{"rendered":"https:\/\/ecol.eu\/?page_id=32808"},"modified":"2025-01-31T11:11:36","modified_gmt":"2025-01-31T10:11:36","slug":"skoleni-a-workshopy","status":"publish","type":"page","link":"https:\/\/ecol.eu\/cs\/technologie-a-sluzby\/inzenyrske-poradenstvi\/skoleni-a-workshopy\/","title":{"rendered":"\u0160kolen\u00ed a workshopy"},"content":{"rendered":"<header class=\"page-hero alignwide\">\n  <div class=\"container\">\n    <div class=\"row\">\n      <div class=\"col-lg-7 offset-lg-1 page-hero__text\">\n\n        <nav aria-label=\"Okruszki\" role=\"navigation\">\n  <ul class=\"breadcrumbs\" aria-label=\"lista okruszk\u00f3w\">\n\n    \n      <li class=\"breadcrumbs__item\">\n\n                  <a href=\"https:\/\/ecol.eu\/cs\/\" class=\"breadcrumbs__link\">Domovsk\u00e1 str\u00e1nka<\/a>\n        \n      <\/li>\n\n    \n  <\/ul>\n<\/nav>\n\n        <h1 class=\"heading heading--sb\">\u0160kolen\u00ed a&nbsp;workshopy<br><br><\/h1>\n\n                  <p class=\"desc\">\u0160kolen\u00ed, webin\u00e1\u0159e, workshopy. Spolehliv\u00e9, p\u0159ipraven\u00e9 a&nbsp;veden\u00e9 profesion\u00e1ln\u00edmi odborn\u00edky, p\u0159izp\u016fsoben\u00e9 aktu\u00e1ln\u00edm po\u017eadavk\u016fm trhu, na b\u00e1zi nejnov\u011bj\u0161\u00edch poznatk\u016f. To v\u0161e spole\u010dnost Ecol garantuje v r\u00e1mci sv\u00e9 nab\u00eddky \u0161kolen\u00ed a&nbsp;poradenstv\u00ed.<\/p>\n        \n      <\/div>\n\n      <ul class=\"col-lg-7 offset-lg-1 links\" data-links><\/ul>\n\n    <\/div>\n\n    \n      <svg class=\"page-hero__bg page-hero__bg--books\" xmlns=\"http:\/\/www.w3.org\/2000\/svg\" width=\"900px\" height=\"700px\"  viewBox=\"0 0 1000 800\"><defs><style>.cls-1{fill:none;stroke:#1d1d1b;stroke-miterlimit:10;}<\/style><\/defs><line class=\"cls-1\" x1=\"172.78\" y1=\"105.17\" x2=\"1109.06\" y2=\"148.47\"\/><line class=\"cls-1\" x1=\"172.78\" y1=\"95.18\" x2=\"1108.49\" y2=\"132.03\"\/><line class=\"cls-1\" x1=\"1108.49\" y1=\"132.03\" x2=\"1268.65\" y2=\"41.32\"\/><line class=\"cls-1\" x1=\"1109.06\" y1=\"148.47\" x2=\"1109.06\" y2=\"132.03\"\/><line class=\"cls-1\" x1=\"172.78\" y1=\"95.18\" x2=\"172.78\" y2=\"105.52\"\/><line class=\"cls-1\" x1=\"172.78\" y1=\"95.18\" x2=\"412.59\" y2=\"9.57\"\/><line class=\"cls-1\" x1=\"1268.65\" y1=\"41.32\" x2=\"412.59\" y2=\"9.57\"\/><line class=\"cls-1\" x1=\"194.32\" y1=\"297.29\" x2=\"1088.93\" y2=\"350.29\"\/><path class=\"cls-1\" d=\"M1088.93,350.29l176.6-90.14s20.69-62.93,13.04-207.5l-169.51,95.81\"\/><line class=\"cls-1\" x1=\"1088.65\" y1=\"371.27\" x2=\"1088.93\" y2=\"350.29\"\/><path class=\"cls-1\" d=\"M169.66,299.13l24.66-1.84s30.48-38.6-2.05-191.22\"\/><line class=\"cls-1\" x1=\"169.09\" y1=\"318.12\" x2=\"169.66\" y2=\"299.13\"\/><line class=\"cls-1\" x1=\"1088.65\" y1=\"371.27\" x2=\"169.09\" y2=\"318.12\"\/><line class=\"cls-1\" x1=\"834.38\" y1=\"415.78\" x2=\"1016.1\" y2=\"367.08\"\/><line class=\"cls-1\" x1=\"834.95\" y1=\"404.44\" x2=\"984.36\" y2=\"365.24\"\/><line class=\"cls-1\" x1=\"834.38\" y1=\"415.78\" x2=\"285.33\" y2=\"324.84\"\/><line class=\"cls-1\" x1=\"367.49\" y1=\"329.59\" x2=\"834.95\" y2=\"404.44\"\/><path class=\"cls-1\" d=\"M837.22,521.51l401.39-107.72s15.34-58.77-3.95-100.72\"\/><line class=\"cls-1\" x1=\"837.22\" y1=\"521.51\" x2=\"27.64\" y2=\"396.22\"\/><line class=\"cls-1\" x1=\".24\" y1=\"402.07\" x2=\"833.82\" y2=\"535.11\"\/><line class=\"cls-1\" x1=\"26.82\" y1=\"387.39\" x2=\".24\" y2=\"402.07\"\/><line class=\"cls-1\" x1=\"169.8\" y1=\"307.27\" x2=\"14.01\" y2=\"283.59\"\/><line class=\"cls-1\" x1=\"285.33\" y1=\"324.84\" x2=\"283.94\" y2=\"324.63\"\/><line class=\"cls-1\" x1=\"183.62\" y1=\"298.09\" x2=\"14.01\" y2=\"272.25\"\/><line class=\"cls-1\" x1=\"14.01\" y1=\"283.59\" x2=\"14.01\" y2=\"272.25\"\/><line class=\"cls-1\" x1=\"14.01\" y1=\"272.25\" x2=\"208.12\" y2=\"227.27\"\/><line class=\"cls-1\" x1=\"133.84\" y1=\"423.4\" x2=\"49\" y2=\"493.35\"\/><line class=\"cls-1\" x1=\"48.62\" y1=\"504.88\" x2=\"49\" y2=\"493.35\"\/><line class=\"cls-1\" x1=\"719.01\" y1=\"516.09\" x2=\"48.62\" y2=\"504.88\"\/><line class=\"cls-1\" x1=\"1178.65\" y1=\"523.78\" x2=\"893.82\" y2=\"519.01\"\/><line class=\"cls-1\" x1=\"928.3\" y1=\"509.59\" x2=\"1183.08\" y2=\"514.3\"\/><line class=\"cls-1\" x1=\"49\" y1=\"493.35\" x2=\"642.48\" y2=\"504.31\"\/><line class=\"cls-1\" x1=\"1178.65\" y1=\"523.78\" x2=\"1221.57\" y2=\"431.85\"\/><line class=\"cls-1\" x1=\"1216.49\" y1=\"563.27\" x2=\"1162.07\" y2=\"696.31\"\/><line class=\"cls-1\" x1=\"1239.17\" y1=\"567.81\" x2=\"1182.48\" y2=\"713.7\"\/><path class=\"cls-1\" d=\"M69.79,668.72l1092.28,27.59s-27.96-94.84-5.29-172.9\"\/><path class=\"cls-1\" d=\"M52.78,676.28l17.01-7.56s21.54,4.96-8.5-163.63\"\/><line class=\"cls-1\" x1=\"55.04\" y1=\"687.24\" x2=\"52.78\" y2=\"676.28\"\/><line class=\"cls-1\" x1=\"1182.48\" y1=\"713.7\" x2=\"55.04\" y2=\"687.24\"\/><line class=\"cls-1\" x1=\"412.59\" y1=\"9.57\" x2=\"422.51\" y2=\".5\"\/><path class=\"cls-1\" d=\"M422.51,.5l859.75,31.18s36.28,140.03-13.61,245.2l-180,94.39\"\/><line class=\"cls-1\" x1=\"1171.8\" y1=\"327.67\" x2=\"1255.8\" y2=\"308.15\"\/><path class=\"cls-1\" d=\"M1239.49,292.17l16.31,15.98s17.76,57.07-4.72,115.84l-417.26,111.12\"\/><path class=\"cls-1\" d=\"M1242.88,426.18s12.17,72.46-3.71,141.63l-22.68-4.54s15.09-114.66,.93-122.53\"\/><path class=\"cls-1\" d=\"M33.67,286.57s-18.02,29.97-5.55,109.72\"\/><path class=\"cls-1\" d=\"M1088.93,350.29s20.98-.33,7.37-202.42\"\/><line class=\"cls-1\" x1=\"834.38\" y1=\"415.78\" x2=\"833.82\" y2=\"520.98\"\/><path class=\"cls-1\" d=\"M784.02,166.97c33.62,1.89,67.62,4.89,101.96,5.31\"\/><path class=\"cls-1\" d=\"M650.48,160.15c15.66,.74,31.32,1.54,46.98,2.36\"\/><path class=\"cls-1\" d=\"M532.18,153.99c23.92,1.19,47.84,2.42,71.76,3.68\"\/><path class=\"cls-1\" d=\"M383.14,146.26c24.95,1.88,49.97,2.4,74.95,3.6\"\/><path class=\"cls-1\" d=\"M238.54,138.83c33.09,1.03,65.09,4.03,98.11,5.1\"\/><path class=\"cls-1\" d=\"M942.68,211.74c18.51,.87,37.03,1.71,55.54,2.49\"\/><path class=\"cls-1\" d=\"M615.39,195.56c33.25,.3,66.25,3.3,98.94,4.55\"\/><path class=\"cls-1\" d=\"M417.03,185.89c50.61,1.98,101.61,5.98,152.13,7.42\"\/><path class=\"cls-1\" d=\"M391.54,244.52c30.09,1.34,60.09,3.34,90.21,5.24\"\/><path class=\"cls-1\" d=\"M240.81,235.78c34.83,1.09,68.83,4.09,104.28,6.05\"\/><path class=\"cls-1\" d=\"M764.48,242.96c24.16,.9,49.16,2.9,72.74,4.16\"\/><path class=\"cls-1\" d=\"M579.27,232.37c13.37-.51,27.37,1.49,40.31,2.3\"\/><path class=\"cls-1\" d=\"M571.7,292.55c45.93,1.31,90.93,5.31,136.54,6.58\"\/><path class=\"cls-1\" d=\"M452.27,286.8c24.36,1.06,49.36,3.06,73.19,3.53\"\/><line class=\"cls-1\" x1=\"1124.65\" y1=\"220.09\" x2=\"1152.62\" y2=\"208\"\/><line class=\"cls-1\" x1=\"1216.49\" y1=\"122.96\" x2=\"1143.93\" y2=\"157.35\"\/><line class=\"cls-1\" x1=\"1213.8\" y1=\"240.5\" x2=\"1174.92\" y2=\"256\"\/><line class=\"cls-1\" x1=\"1119.74\" y1=\"417.29\" x2=\"975.74\" y2=\"454.42\"\/><line class=\"cls-1\" x1=\"1111.04\" y1=\"387.15\" x2=\"1036.23\" y2=\"406.42\"\/><line class=\"cls-1\" x1=\"925.24\" y1=\"434.01\" x2=\"885.41\" y2=\"444.59\"\/><line class=\"cls-1\" x1=\"1033.56\" y1=\"378.45\" x2=\"981.79\" y2=\"391.43\"\/><line class=\"cls-1\" x1=\"1207.71\" y1=\"482.67\" x2=\"1198.35\" y2=\"496.99\"\/><line class=\"cls-1\" x1=\"1174.54\" y1=\"529.44\" x2=\"1160.37\" y2=\"552.12\"\/><line class=\"cls-1\" x1=\"1195.8\" y1=\"535.11\" x2=\"1165.47\" y2=\"586.42\"\/><line class=\"cls-1\" x1=\"1219.98\" y1=\"532.29\" x2=\"1208.27\" y2=\"551.55\"\/><line class=\"cls-1\" x1=\"1107.64\" y1=\"615.62\" x2=\"1048.14\" y2=\"615.62\"\/><line class=\"cls-1\" x1=\"1077.89\" y1=\"560.77\" x2=\"933.03\" y2=\"558.74\"\/><line class=\"cls-1\" x1=\"727.23\" y1=\"662.67\" x2=\"571.7\" y2=\"659.84\"\/><line class=\"cls-1\" x1=\"628.87\" y1=\"640.75\" x2=\"549.79\" y2=\"637.73\"\/><line class=\"cls-1\" x1=\"813.97\" y1=\"605.98\" x2=\"728.37\" y2=\"603.71\"\/><line class=\"cls-1\" x1=\"417.03\" y1=\"633.76\" x2=\"331.52\" y2=\"631.49\"\/><line class=\"cls-1\" x1=\"481.19\" y1=\"597.48\" x2=\"362.7\" y2=\"594.07\"\/><line class=\"cls-1\" x1=\"589.33\" y1=\"550.42\" x2=\"484.02\" y2=\"547.59\"\/><line class=\"cls-1\" x1=\"199.42\" y1=\"588.41\" x2=\"169.38\" y2=\"588.41\"\/><line class=\"cls-1\" x1=\"276.53\" y1=\"542.48\" x2=\"103.04\" y2=\"539.08\"\/><line class=\"cls-1\" x1=\"745.94\" y1=\"464.25\" x2=\"679.61\" y2=\"452.91\"\/><line class=\"cls-1\" x1=\"681.88\" y1=\"473.32\" x2=\"609.31\" y2=\"462.55\"\/><line class=\"cls-1\" x1=\"570.76\" y1=\"455.37\" x2=\"536.75\" y2=\"450.26\"\/><line class=\"cls-1\" x1=\"594.29\" y1=\"406.14\" x2=\"459.64\" y2=\"385.16\"\/><line class=\"cls-1\" x1=\"449.16\" y1=\"417.48\" x2=\"408.9\" y2=\"411.81\"\/><line class=\"cls-1\" x1=\"265.75\" y1=\"388.56\" x2=\"172.49\" y2=\"372.69\"\/><line class=\"cls-1\" x1=\"221.25\" y1=\"347.74\" x2=\"91.42\" y2=\"329.04\"\/><line class=\"cls-1\" x1=\"173.34\" y1=\"396.22\" x2=\"96.81\" y2=\"384.03\"\/><\/svg>\n\n    \n  <\/div>\n<\/header>\n\n\n\n<div style=\"height:52px\" aria-hidden=\"true\" class=\"wp-block-spacer\"><\/div>\n\n\n<section class=\"wide-content alignwide \">\n  <div class=\"wide-content__grid\">\n\n    \n      <div class=\"wide-content__column wide-content__column--left wide-content__column--image\" style=\"background-image: url(https:\/\/ecol.eu\/wp-content\/uploads\/2022\/10\/ecol-czyszczenie-wymiennikow-ciepla.jpg)\">\n      <\/div>\n      <div class=\"wide-content__column wide-content__column--right\">\n        <div class=\"container\">\n          <div class=\"row\">\n            <div class=\"offset-xl-6 col-xl-6 wide-content__text\">\n\n              \n                <h2 class=\"heading heading--line\">pro koho?<\/h2>\n\n              \n              \n                <h3 class=\"heading\">\u0160kolen\u00ed pro odborn\u00edky<\/h3>\n\n              \n              \n                <p class=\"desc\">\u0160kolen\u00ed Ecol se konaj\u00ed pravideln\u011b a&nbsp;jsou ur\u010deny specialist\u016fm z&nbsp;odd\u011blen\u00ed: maz\u00e1n\u00ed, chemie, provoz, diagnostika, \u00fadr\u017eba, v\u00fdroba a&nbsp;renovace.<br><br>\u00da\u010dastnit se mohou tak\u00e9 zam\u011bstnanci, kte\u0159\u00ed rozhoduj\u00ed o&nbsp;n\u00e1kupu, v\u00fdb\u011bru, v\u00fdm\u011bn\u011b a&nbsp;p\u00e9\u010di o&nbsp;maziva v podnic\u00edch.\r\n<br><br>\r\n<p style=\"font-size: 40px\"><font face=\"poppins\">\u0160kolen\u00ed na m\u00edst\u011b<\/font><\/p>\r\n<br>Workshopy mohou prob\u00edhat jak mimo pracovi\u0161t\u011b, tak na m\u00edst\u011b, v s\u00eddle spole\u010dnosti Ecol v Rybniku. Sou\u010d\u00e1st\u00ed prezen\u010dn\u00edch kurz\u016f je workshop v laborato\u0159i pro anal\u00fdzu olej\u016f Ecol. Krom\u011b prezen\u010dn\u00edho \u0161kolen\u00ed mohou z\u00e1kazn\u00edci vyu\u017e\u00edt nab\u00eddky webin\u00e1\u0159\u016f a&nbsp;online \u0161kolen\u00ed. B\u011bhem internetov\u00e9 lekce si \u00fa\u010dastn\u00edci virtu\u00e1ln\u011b prohl\u00e9dnou laborato\u0159 pro anal\u00fdzu olej\u016f Ecol.\r\n<br><br>\r\nNab\u00edz\u00edme tak\u00e9 \u0161kolen\u00ed p\u0159ipraven\u00e1 v souladu s po\u017eadavky klient\u016f, ve vhodnou dobu, na vhodn\u00e9m m\u00edst\u011b a&nbsp;s t\u00e9matem p\u0159ipraven\u00fdm podle pot\u0159eb Objednatele.\r\n<\/p>\n\n              \n              \n            <\/div>\n          <\/div>\n        <\/div>\n      <\/div>\n\n    \n  <\/div>\n<\/section>\n\n\n<section class=\"wide-text-bar alignwide  \">\n  <div class=\"container\">\n    <div class=\"row\">\n      <div class=\"offset-lg-2 col-lg-8 wide-text-bar__text\">\n\n        \n          <p class=\"desc\">V\u0161echna \u0161kolen\u00ed jsou vedena odborn\u00edky s mnohaletou prax\u00ed. Vhodn\u00fd v\u00fdb\u011br \u0161kolitel\u016f a&nbsp;profesion\u00e1ln\u011b p\u0159ipraven\u00e9 podp\u016frn\u00e9 materi\u00e1ly zaru\u010duj\u00ed nejvy\u0161\u0161\u00ed \u00farove\u0148 kurzu.<\/p>\n\n        \n        \n      <\/div>\n    <\/div>\n  <\/div>\n<\/section>\n\n\n<section class=\"wide-content alignwide \">\n  <div class=\"wide-content__grid\">\n\n    \n      <div class=\"wide-content__column wide-content__column--left\">\n        <div class=\"container\">\n          <div class=\"row\">\n            <div class=\"offset-xl-2 offset-lg-5 col-xl-5 col-lg-7 wide-content__text wide-content__text--alt\">\n\n              \n                <h2 class=\"heading heading--line\">rozsah \u0161kolen\u00ed<\/h2>\n\n              \n              \n                <h3 class=\"heading\">Na na\u0161ich \u0161kolen\u00edch pozn\u00e1te:<\/h3>\n\n              \n              \n                <p class=\"desc\"><ul>\r\n<li>\u2022 fyzik\u00e1ln\u011b-chemick\u00e9 a&nbsp;funk\u010dn\u00ed vlastnosti olej\u016f<\/li>\r\n<li>\u2022 metody a&nbsp;zku\u0161ebn\u00ed normy pro oleje a&nbsp;maziva (PN, ASTM, ISO)<\/li>\r\n<li>\u2022 technologie pro p\u0159\u00edpravu nov\u00fdch olejov\u00fdch syst\u00e9m\u016f na provoz<\/li>\r\n<li>\u2022 technologie pro revitalizaci olejov\u00fdch syst\u00e9m\u016f po dlouhodob\u00e9m provozu<\/li>\r\n<li>\u2022 metody ochrany a&nbsp;o\u0161et\u0159ov\u00e1n\u00ed oleje v provozu<\/li>\r\n<li>\u2022 z\u00e1kladn\u00ed technologie maz\u00e1n\u00ed<\/li>\r\n<li>\u2022 problematika pou\u017e\u00edv\u00e1n\u00ed maziv<\/li>\r\n<li>\u2022 pravidla pro odb\u011br vzork\u016f<\/li>\r\n<li>\u2022 interpretace diagnostick\u00fdch zpr\u00e1v<\/li>\r\n<li>\u2022 metody prov\u00e1d\u011bn\u00ed z\u00e1kladn\u00edho v\u00fdzkumu (on site)<\/li>\r\n<li>\u2022 anal\u00fdzy a&nbsp;diagn\u00f3zy \u2013 case study\r\n<\/li>\r\n<\/ul><\/p>\n\n              \n              \n            <\/div>\n          <\/div>\n        <\/div>\n      <\/div>\n      <div class=\"wide-content__column wide-content__column--right wide-content__column--image\" style=\"background-image: url(https:\/\/ecol.eu\/wp-content\/uploads\/2022\/10\/ecol-czyszczenie-chemiczne-wirnikow-turbin-5.webp)\">\n      <\/div>\n\n    \n  <\/div>\n<\/section>\n\n\n<section class=\"wide-text-bar alignwide  wide-text-bar--gradient\">\n  <div class=\"container\">\n    <div class=\"row\">\n      <div class=\"offset-lg-2 col-lg-8 wide-text-bar__text\">\n\n        \n          <p class=\"desc\">Pokud se chcete dozv\u011bd\u011bt, jak sn\u00ed\u017eit n\u00e1klady na \u00fadr\u017ebu, jak\u00e9 informace jsou &#8222;ulo\u017eeny&#8220; v oleji a&nbsp;jak je diagnostikovat, nebo jak p\u0159edch\u00e1zet poruch\u00e1m, kontaktujte n\u00e1s<\/p>\n\n        \n        \n      <\/div>\n    <\/div>\n  <\/div>\n<\/section>\n\n\n<section class=\"contact-persons alignwide\">\n  <div class=\"container\">\n    <div class=\"row\">\n\n      <div class=\"offset-lg-2 offset-md-0 col-lg-8\">\n\n        \n          <h2 class=\"heading heading--line\">kontakt<\/h2>\n\n        \n        \n          <h3 class=\"heading heading--large\">m\u00e1te dotazy ohledn\u011b slu\u017eeb?<\/h3>\n\n        \n        \n          <p class=\"desc\">Kontaktujte na\u0161eho specialistu:<\/p>\n\n        \n      <\/div>\n\n      \n        <ul class=\"offset-lg-2 offset-md-0 col-lg-9 listing listing--wide\">\n\n          \n            \n            <li class=\"listing__item\">\n\n\t            \n\t\t\t\t\t\t\t\t<div class=\"listing__inner-wrapper\">\n\t\t\t\t\t\t\t\t\t<div class=\"listing__image-wrapper\">\n\t\t\t\t\t\t\t\t\t\t<img decoding=\"async\" src=\"https:\/\/ecol.eu\/wp-content\/uploads\/2024\/09\/tomas-klima-Ecol.png\" class=\"listing__image\" alt=\"\" loading=\"lazy\">\n\t\t\t\t\t\t\t\t\t<\/div>\n\t\t\t\t\t\t\t\t\t<div class=\"listing__inner-details\">\n\n\t\t\t\t\t\t\t\t\t\t\n\t\t\t\t\t\t\t\t\t\t\t<h3 class=\"listing__heading heading heading--b\">Ing. Tom\u00e1\u0161 Kl\u00edma<\/h3>\n\n\t\t\t\t\t\t\t\t\t\t\n\t\t\t\t\t\t\t\t\t\t\n\t\t\t\t\t\t\t\t\t\t\t<p class=\"listing__position\">jednatel v ECOL Industrial s.r.o.,<br>\u0159editel mezin\u00e1rodn\u00edho obchodu v Ecol sp. z&nbsp;o.o.,<br>certifikovan\u00fd tribodiagnostik 2. st.<\/p>\n\n\t\t\t\t\t\t\t\t\t\t\n\t\t\t\t\t\t\t\t\t\t\n\t\t\t\t\t\t\t\t\t\t\t<a href=\"tel:+420317842227\" class=\"listing__link\" target=\"\"><svg width=\"14\" height=\"14\" viewBox=\"0 0 14 14\" fill=\"none\" xmlns=\"http:\/\/www.w3.org\/2000\/svg\">\n  <path d=\"M13.1403 9.8875C13.1044 9.85906 10.5 7.98175 9.78512 8.1165C9.44387 8.17688 9.24875 8.40963 8.85719 8.87556C8.79419 8.95081 8.64281 9.13106 8.52513 9.25925C8.27767 9.17854 8.03629 9.08029 7.80281 8.96525C6.59773 8.37857 5.62406 7.4049 5.03737 6.19981C4.92225 5.96637 4.824 5.72498 4.74337 5.4775C4.872 5.35938 5.05225 5.208 5.12925 5.14325C5.593 4.75387 5.82619 4.55875 5.88656 4.21662C6.01038 3.50787 4.13437 0.8855 4.11469 0.861875C4.02957 0.740281 3.91849 0.639127 3.78948 0.565733C3.66047 0.492338 3.51676 0.448537 3.36875 0.4375C2.60837 0.4375 0.4375 3.25369 0.4375 3.72794C0.4375 3.7555 0.477313 6.55725 3.93225 10.0717C7.44319 13.5227 10.2445 13.5625 10.2721 13.5625C10.7467 13.5625 13.5625 11.3916 13.5625 10.6312C13.5516 10.4838 13.508 10.3405 13.435 10.2119C13.362 10.0833 13.2614 9.97248 13.1403 9.8875Z\" fill=\"black\"\/>\n<\/svg>\n+420 317 842 227<\/a>\n\n\t\t\t\t\t\t\t\t\t\t\n                    \n                      <a href=\"tel:+420774663320\" class=\"listing__link\" target=\"\"><svg xmlns=\"http:\/\/www.w3.org\/2000\/svg\" width=\"14\" height=\"14\" viewBox=\"0 0 24 24\">\n  <path d=\"M19 2c0-1.104-.896-2-2-2h-10c-1.104 0-2 .896-2 2v20c0 1.104.896 2 2 2h10c1.104 0 2-.896 2-2v-20zm-8.5 0h3c.276 0 .5.224.5.5s-.224.5-.5.5h-3c-.276 0-.5-.224-.5-.5s.224-.5.5-.5zm1.5 20c-.553 0-1-.448-1-1s.447-1 1-1c.552 0 .999.448.999 1s-.447 1-.999 1zm5-3h-10v-14.024h10v14.024z\"\/>\n<\/svg>\n+420 774 663 320<\/a>\n\n                    \n\t\t\t\t\t\t\t\t\t\t\n\t\t\t\t\t\t\t\t\t\t\t<a href=\"mailto:t.klima@ecol.eu\" class=\"listing__link\" target=\"\"><svg width=\"14\" height=\"14\" viewBox=\"0 0 14 14\" fill=\"none\" xmlns=\"http:\/\/www.w3.org\/2000\/svg\">\n  <g clip-path=\"url(#clip0_447_7182)\">\n    <path d=\"M8.17001 8.57754C7.82171 8.80974 7.41713 8.93249 7 8.93249C6.5829 8.93249 6.17832 8.80974 5.83002 8.57754L0.0932148 4.75289C0.0613867 4.73167 0.0303789 4.70955 0 4.6868V10.9539C0 11.6724 0.583105 12.2427 1.28879 12.2427H12.7112C13.4297 12.2427 14 11.6596 14 10.9539V4.68677C13.9695 4.70957 13.9385 4.73175 13.9066 4.75299L8.17001 8.57754Z\" fill=\"black\"\/>\n    <path d=\"M0.548242 4.07039L6.28504 7.89507C6.50221 8.03985 6.75109 8.11223 6.99997 8.11223C7.24888 8.11223 7.49779 8.03982 7.71496 7.89507L13.4518 4.07039C13.7951 3.84166 14 3.45884 14 3.04568C14 2.33526 13.422 1.75732 12.7116 1.75732H1.28836C0.577965 1.75735 0 2.33529 0 3.04636C0 3.45884 0.204969 3.84166 0.548242 4.07039Z\" fill=\"black\"\/>\n  <\/g>\n  <defs>\n    <clipPath id=\"clip0_447_7182\">\n      <rect width=\"14\" height=\"14\" fill=\"white\"\/>\n    <\/clipPath>\n  <\/defs>\n<\/svg>\nt.klima@ecol.eu<\/a>\n\n\t\t\t\t\t\t\t\t\t\t\n\t\t\t\t\t\t\t\t\t<\/div>\n\t\t\t\t\t\t\t\t<\/div>\n\n\t\t\t\t\t\t\t\n            <\/li>\n\n          \n        <\/ul>\n\n      \n    <\/div>\n  <\/div>\n<\/section>\n","protected":false},"excerpt":{"rendered":"Zjist\u011bte v\u00edce o \u0161kolen\u00edch poskytovan\u00fdch na\u0161\u00ed spole\u010dnost\u00ed.","protected":false},"author":3,"featured_media":32810,"parent":32836,"menu_order":0,"comment_status":"closed","ping_status":"closed","template":"","meta":{"_acf_changed":false,"footnotes":""},"class_list":["post-32808","page","type-page","status-publish","has-post-thumbnail","hentry"],"acf":[],"_links":{"self":[{"href":"https:\/\/ecol.eu\/cs\/wp-json\/wp\/v2\/pages\/32808","targetHints":{"allow":["GET"]}}],"collection":[{"href":"https:\/\/ecol.eu\/cs\/wp-json\/wp\/v2\/pages"}],"about":[{"href":"https:\/\/ecol.eu\/cs\/wp-json\/wp\/v2\/types\/page"}],"author":[{"embeddable":true,"href":"https:\/\/ecol.eu\/cs\/wp-json\/wp\/v2\/users\/3"}],"replies":[{"embeddable":true,"href":"https:\/\/ecol.eu\/cs\/wp-json\/wp\/v2\/comments?post=32808"}],"version-history":[{"count":5,"href":"https:\/\/ecol.eu\/cs\/wp-json\/wp\/v2\/pages\/32808\/revisions"}],"predecessor-version":[{"id":34634,"href":"https:\/\/ecol.eu\/cs\/wp-json\/wp\/v2\/pages\/32808\/revisions\/34634"}],"up":[{"embeddable":true,"href":"https:\/\/ecol.eu\/cs\/wp-json\/wp\/v2\/pages\/32836"}],"wp:featuredmedia":[{"embeddable":true,"href":"https:\/\/ecol.eu\/cs\/wp-json\/wp\/v2\/media\/32810"}],"wp:attachment":[{"href":"https:\/\/ecol.eu\/cs\/wp-json\/wp\/v2\/media?parent=32808"}],"curies":[{"name":"wp","href":"https:\/\/api.w.org\/{rel}","templated":true}]}}