{"id":32377,"date":"2022-10-28T11:29:36","date_gmt":"2022-10-28T09:29:36","guid":{"rendered":"https:\/\/ecol.eu\/?page_id=32377"},"modified":"2024-11-28T11:46:20","modified_gmt":"2024-11-28T10:46:20","slug":"podminky-pouzivani-ecol-eu","status":"publish","type":"page","link":"https:\/\/ecol.eu\/cs\/podminky-pouzivani-ecol-eu\/","title":{"rendered":"Podm\u00ednky pou\u017e\u00edv\u00e1n\u00ed Ecol.eu"},"content":{"rendered":"\n<div style=\"height:100px\" aria-hidden=\"true\" class=\"wp-block-spacer\"><\/div>\n\n\n<section class=\"editor alignwide\">\n  <div class=\"container\">\n    <div class=\"row\">\n      <article class=\"offset-lg-2 col-xl-9 col-lg-10 editor__text\">\n\n        \n          \n            \n\t\t\t\t\t      <div class=\"post\">\n\t\t\t\t\t\t      \n\t\t\t\t\t\t      \t\t\t\t\t\t\t      <div class=\"post\">\n\t\t\t\t\t\t\t\t      <h2 class=\"post__header heading heading--line\">Podm\u00ednky pou\u017e\u00edv\u00e1n\u00ed Ecol.eu<\/h2>\n<h3 class=\"post__header heading heading--line\"><strong>Obecn\u00e9 pozn\u00e1mky<\/strong><\/h3>\n<p class=\"post__paragraph\">Pojmem Ecol se v tomto textu a\u00a0na webov\u00fdch str\u00e1nk\u00e1ch rozum\u00ed spole\u010dnost Ecol Sp. z\u00a0o.o., se s\u00eddlem v Rybniku na ul. Podmiejska 71A, 44-207 Rybnik.<\/p>\n<p class=\"post__paragraph\">Pojem webov\u00e1 str\u00e1nka pou\u017e\u00edvan\u00fd v t\u011bchto podm\u00ednk\u00e1ch znamen\u00e1 internetovou str\u00e1nku: www.ecol.eu<\/p>\n<h3 class=\"post__header heading heading--line\"><strong>Vylou\u010den\u00ed odpov\u011bdnosti<\/strong><\/h3>\n<p class=\"post__paragraph\">Ve\u0161ker\u00e9 informace na webov\u00fdch str\u00e1nk\u00e1ch spole\u010dnosti Ecol slou\u017e\u00ed pouze pro obecn\u00e9 informa\u010dn\u00ed \u00fa\u010dely. Spole\u010dnost Ecol neposkytuje \u017e\u00e1dnou z\u00e1ruku ohledn\u011b formy a\u00a0obsahu informac\u00ed um\u00edst\u011bn\u00fdch na webov\u00fdch str\u00e1nk\u00e1ch, zejm\u00e9na jejich aktu\u00e1lnosti, p\u0159esnosti, \u00faplnosti a\u00a0vhodnosti informac\u00ed pro konkr\u00e9tn\u00ed \u00fa\u010dely. Spole\u010dnost Ecol nenese odpov\u011bdnost za \u0161kody, kter\u00e9 vzniknou u\u017eivatel\u016fm webov\u00fdch str\u00e1nek nebo t\u0159et\u00edm stran\u00e1m v souvislosti s pou\u017e\u00edv\u00e1n\u00edm a\u00a0vyu\u017eit\u00edm informac\u00ed na nich obsa\u017een\u00fdch. Ve\u0161ker\u00e1 rizika spojen\u00e1 s pou\u017e\u00edv\u00e1n\u00edm a\u00a0vyu\u017eit\u00edm informac\u00ed uveden\u00fdch na str\u00e1nk\u00e1ch Ecol nese u\u017eivatel webov\u00fdch str\u00e1nek. Spole\u010dnost Ecol tyto informace pr\u016fb\u011b\u017en\u011b aktualizuje, ale i\u00a0p\u0159esto m\u016f\u017ee doj\u00edt k ne\u00famysln\u00fdm chyb\u00e1m a\u00a0omyl\u016fm v obsahu t\u011bchto informac\u00ed.<\/p>\n<h3 class=\"post__header heading heading--line\"><strong>Autorsk\u00e1 pr\u00e1va<\/strong><\/h3>\n<p class=\"post__paragraph\">Ve\u0161ker\u00e1 pr\u00e1va na cel\u00fd obsah webov\u00fdch str\u00e1nek spole\u010dnosti Ecol jsou vyhrazena. Webov\u00e9 str\u00e1nky a\u00a0v\u0161echny jejich prvky jsou chr\u00e1n\u011bny z\u00e1konem, v\u010detn\u011b z\u00e1kona ze dne 4. \u00fanora 1994 o\u00a0autorsk\u00e9m pr\u00e1vu a\u00a0pr\u00e1vech s n\u00edm souvisej\u00edc\u00edch (konsolidovan\u00e9 zn\u011bn\u00ed Sb. 00.80.904, ve zn\u011bn\u00ed pozd\u011bj\u0161\u00edch p\u0159edpis\u016f), z\u00e1kona ze dne 16. dubna 1993 o\u00a0boji proti nekal\u00e9 sout\u011b\u017ei (Sb. 93.47.211, ve zn\u011bn\u00ed pozd\u011bj\u0161\u00edch p\u0159edpis\u016f) a\u00a0z\u00e1kona ze dne 27. \u010dervence 2001 o\u00a0ochran\u011b datab\u00e1z\u00ed (Sb. 01.128.1402). U\u017eivatel m\u00e1 pr\u00e1vo pou\u017e\u00edvat webov\u00e9 str\u00e1nky spole\u010dnosti Ecol pod podm\u00ednkou, \u017ee neporu\u0161\u00ed autorsk\u00e1 pr\u00e1va a\u00a0pr\u00e1va k registraci ochrann\u00fdch zn\u00e1mek spole\u010dnosti Ecol nebo jin\u00fdch subjekt\u016f, jejich\u017e ochrann\u00e9 zn\u00e1mky jsou na webov\u00fdch str\u00e1nk\u00e1ch um\u00edst\u011bny. Kop\u00edrov\u00e1n\u00ed a\u00a0do\u010dasn\u00e9 ukl\u00e1d\u00e1n\u00ed obsahu t\u011bchto webov\u00fdch str\u00e1nek je povoleno za p\u0159edpokladu, \u017ee bude pou\u017eito pouze pro osobn\u00ed pot\u0159ebu. Distribuce, kop\u00edrov\u00e1n\u00ed, nahr\u00e1v\u00e1n\u00ed nebo reprodukce pro komer\u010dn\u00ed \u00fa\u010dely bez p\u00edsemn\u00e9ho souhlasu spole\u010dnosti Ecol nebo jej\u00edch spolupracuj\u00edc\u00edch subjekt\u016f nen\u00ed povolena, s v\u00fdjimkou materi\u00e1l\u016f zve\u0159ejn\u011bn\u00fdch v sekc\u00edch \u201eSoubory ke sta\u017een\u00ed\u201d a\u00a0\u201eBezpe\u010dnostn\u00ed listy produkt\u016f\u201c.<\/p>\n<h3 class=\"post__header heading heading--line\"><strong>Ochrann\u00e9 zn\u00e1mky<\/strong><\/h3>\n<p>Logo Ecol je ochrann\u00e1 zn\u00e1mka registrovan\u00e1 ve prosp\u011bch spole\u010dnosti Ecol Sp. z\u00a0o.o. a\u00a0pou\u017e\u00edvan\u00e1 pouze se souhlasem spole\u010dnosti Ecol Sp. z\u00a0o.o. Pou\u017e\u00edv\u00e1n\u00ed ochrann\u00e9 zn\u00e1mky u\u017eivateli webov\u00fdch str\u00e1nek bez p\u0159edchoz\u00edho uzav\u0159en\u00ed p\u0159\u00edslu\u0161n\u00e9 p\u00edsemn\u00e9 dohody se spole\u010dnost\u00ed Ecol Sp. z\u00a0o.o. p\u0159edstavuje poru\u0161en\u00ed z\u00e1kona ze dne 30. \u010dervna 2000 \u2013\u00a0Z\u00e1kon o\u00a0pr\u016fmyslov\u00e9m vlastnictv\u00ed (Sb. 01.49.508, ve zn\u011bn\u00ed pozd\u011bj\u0161\u00edch p\u0159edpis\u016f) nebo ustanoven\u00ed z\u00e1kona, kter\u00e1 j\u00edm byla ponech\u00e1na v platnosti; a\u00a0z\u00e1kona ze dne 16. dubna 1993 o\u00a0boji proti nekal\u00e9 sout\u011b\u017ei (Sb. 93.47.211, ve zn\u011bn\u00ed pozd\u011bj\u0161\u00edch p\u0159edpis\u016f). Uveden\u00ed odkazu na na\u0161e webov\u00e9 str\u00e1nky na jin\u00fdch webov\u00fdch str\u00e1nk\u00e1ch vy\u017eaduje p\u00edsemn\u00fd souhlas spole\u010dnosti Ecol Sp. z\u00a0o.o., s v\u00fdjimkou diskusn\u00edch str\u00e1nek.<br>\nOchrann\u00e9 zn\u00e1mky (loga) jin\u00fdch stran, kter\u00e9 se nach\u00e1zej\u00ed na webov\u00fdch str\u00e1nk\u00e1ch spole\u010dnosti Ecol Sp. z\u00a0o.o., jsou jejich samostatn\u00fdm majetkem a\u00a0jsou chr\u00e1n\u011bny z\u00e1konem.<\/p>\n<h3 class=\"post__header heading heading--line\"><strong>Soubory cookie<\/strong><\/h3>\n<p>Za \u00fa\u010delem p\u0159izp\u016fsoben\u00ed obsahu pot\u0159eb\u00e1m u\u017eivatel\u016f pou\u017e\u00edv\u00e1 spole\u010dnost Ecol Sp. z\u00a0o.o. tzv. soubory cookie. Soubory cookie jsou textov\u00e9 informace ulo\u017een\u00e9 serverem v po\u010d\u00edta\u010di u\u017eivatele, kter\u00e9 m\u016f\u017ee server p\u0159e\u010d\u00edst poka\u017ed\u00e9, kdy\u017e se u\u017eivatel p\u0159ipoj\u00ed z\u00a0tohoto po\u010d\u00edta\u010de. Informace ze soubor\u016f cookie pou\u017e\u00edv\u00e1 spole\u010dnost Ecol Sp. z\u00a0o.o. ke spr\u00e1v\u011b webov\u00fdch str\u00e1nek, k po\u010d\u00edt\u00e1n\u00ed statistik n\u00e1v\u0161t\u011bvn\u00edk\u016f a\u00a0k zaji\u0161t\u011bn\u00ed jejich spr\u00e1vn\u00e9ho fungov\u00e1n\u00ed. U\u017eivatel m\u00e1 mo\u017enost v mo\u017enostech sv\u00e9ho webov\u00e9ho prohl\u00ed\u017ee\u010de zak\u00e1zat p\u0159ij\u00edm\u00e1n\u00ed soubor\u016f cookie na sv\u00e9m po\u010d\u00edta\u010di, co\u017e v\u0161ak omez\u00ed funk\u010dnost webov\u00fdch str\u00e1nek a\u00a0znemo\u017en\u00ed vyu\u017e\u00edv\u00e1n\u00ed zdroj\u016f dostupn\u00fdch pouze registrovan\u00fdm u\u017eivatel\u016fm.<br>\nZp\u016fsob deaktivace cookies z\u00e1vis\u00ed na webov\u00e9m prohl\u00ed\u017ee\u010di, kter\u00fd u\u017eivatel nav\u0161t\u011bvuj\u00edc\u00ed web pou\u017e\u00edv\u00e1. Zde je n\u011bkolik tip\u016f, jak omezit soubory cookie v nejobl\u00edben\u011bj\u0161\u00edch prohl\u00ed\u017ee\u010d\u00edch:<\/p>\n<p><strong>Mozilla Firefox<\/strong><br>\nV nab\u00eddce \u201eN\u00e1stroje\u201c vyberte \u201eMo\u017enosti\u201c a\u00a0tam kartu \u201eSoukrom\u00ed\u201c.<br>\nProhl\u00ed\u017ee\u010d v\u00e1m d\u00e1v\u00e1 mo\u017enost zvolit si, zda chcete soubory cookie pou\u017e\u00edvat nebo zda chcete jednotliv\u00e9 soubory cookie jednotliv\u00fdch webov\u00fdch str\u00e1nek odstranit.<\/p>\n<p><strong>Microsoft Internet Explorer<\/strong><br>\nV nab\u00eddce \u201eN\u00e1stroje\u201c vyberte \u201eMo\u017enosti internetu\u201c a\u00a0tam kartu \u201eSoukrom\u00ed\u201c.<br>\nPomoc\u00ed speci\u00e1ln\u00edho posuvn\u00edku lze upravit celkovou \u00farove\u0148 soukrom\u00ed nebo pomoc\u00ed tla\u010d\u00edtka \u201eWebov\u00e9 str\u00e1nky\u201c spravovat nastaven\u00ed jednotliv\u00fdch webov\u00fdch str\u00e1nek.<\/p>\n<p><strong>Google Chrome<\/strong><br>\nV nab\u00eddce mo\u017enosti (p\u0159\u00edstupn\u00e9 kliknut\u00edm na tla\u010d\u00edtko v prav\u00e9m horn\u00edm rohu prohl\u00ed\u017ee\u010de) vyberte mo\u017enost \u201eN\u00e1stroje\u201c a\u00a0pot\u00e9 \u201eVymazat data proch\u00e1zen\u00ed\u2026\u201c. Krom\u011b mo\u017enosti vymazat soubory cookie je zde odkaz \u201eDal\u0161\u00ed informace\u201c, kter\u00fd vede na podrobn\u00fd popis prohl\u00ed\u017ee\u010de pro ochranu soukrom\u00ed.<\/p>\n<p><strong>Opera<\/strong><br>\nPomoc\u00ed tla\u010d\u00edtka \u201eOpera\u201c v lev\u00e9m horn\u00edm rohu otev\u0159ete nab\u00eddku mo\u017enost\u00ed a\u00a0v n\u00ed vyberte \u201eNastaven\u00ed\u201c a\u00a0pot\u00e9 \u201eVymazat historii proch\u00e1zen\u00ed\u2026\u201c. Krom\u011b mo\u017enosti odstranit ji\u017e nastaven\u00e9 soubory cookie je k dispozici tak\u00e9 tla\u010d\u00edtko \u201eSpravovat soubory cookie\u2026\u201c vedouc\u00ed k pokro\u010dilej\u0161\u00edm mo\u017enostem pro jednotliv\u00e9 str\u00e1nky.<\/p>\n<p><strong>Apple Safari<\/strong><br>\nV nab\u00eddce \u201eSafari\u201c vyberte \u201ePreference\u201c a\u00a0tam kartu \u201eSoukrom\u00ed\u201c. Zde najdete mnoho mo\u017enost\u00ed cookies.<\/p>\n<p>Na mobiln\u00edch telefonech, tabletech a\u00a0dal\u0161\u00edch mobiln\u00edch za\u0159\u00edzen\u00edch<br>\nKa\u017ed\u00fd model telefonu m\u016f\u017ee tuto funkci ovl\u00e1dat jinak. Proto v\u00e1m doporu\u010dujeme, abyste si p\u0159e\u010detli mo\u017enosti ochrany osobn\u00edch \u00fadaj\u016f v dokumentaci na webov\u00fdch str\u00e1nk\u00e1ch v\u00fdrobce za\u0159\u00edzen\u00ed.<\/p>\n<p class=\"post__paragraph\">Podrobn\u00e9 a\u00a0aktu\u00e1ln\u00ed informace o\u00a0konfiguraci prohl\u00ed\u017ee\u010de najdete na webov\u00fdch str\u00e1nk\u00e1ch vydavatele.<\/p>\n<h3 class=\"post__header heading heading--line\"><strong>Rozhodn\u00e9 pr\u00e1vo<\/strong><\/h3>\n<p class=\"post__paragraph\">Stosowanie niniejszych warunk\u00f3w i\u00a0zasad oraz korzystanie z\u00a0serwisu poddane jest prawu polskiemu. W przypadku je\u015bli jakiekolwiek postanowienie zawarte w\u00a0niniejszych warunkach i\u00a0zasadach zostanie uznane przez prawo polskie za niewa\u017cne, bezprawne lub niewywo\u0142uj\u0105ce skutk\u00f3w prawnych w\u00a0tym zakresie nie b\u0119d\u0105 one mia\u0142y zastosowania. W pozosta\u0142ym zakresie warunki i\u00a0zasady pozostan\u0105 w\u00a0mocy oraz wywiera\u0107 b\u0119d\u0105 nadal skutki prawne.<\/p>\n<h3 class=\"post__header heading heading--line\"><strong>Kontakt<\/strong><\/h3>\n<p class=\"post__paragraph\">V p\u0159\u00edpad\u011b jak\u00fdchkoli dotaz\u016f nebo p\u0159ipom\u00ednek ze strany u\u017eivatel\u016f webov\u00fdch str\u00e1nek, t\u00fdkaj\u00edc\u00edch se podm\u00ednek pou\u017e\u00edv\u00e1n\u00ed, se pros\u00edm obra\u0165te na:  <a class=\"post__link\" href=\"mailto:webmaster@ecol.eu\">webmaster@ecol.eu<\/a> nebo tel. <a class=\"post__link\" href=\"tel:+48%2032%20739%2063%2075\">+48 32 739 63 75.<\/a><\/p>\n\n\t\t\t\t\t\t\t      <\/div>\n\t\t\t\t\t\t      \t\t\t\t\t      <\/div>\n                \n          \n        \n      <\/article>\n    <\/div>\n  <\/div>\n<\/section>\n\n\n\n<div style=\"height:55px\" aria-hidden=\"true\" class=\"wp-block-spacer\"><\/div>\n","protected":false},"excerpt":{"rendered":"","protected":false},"author":3,"featured_media":31667,"parent":0,"menu_order":0,"comment_status":"closed","ping_status":"closed","template":"","meta":{"_acf_changed":false,"footnotes":""},"class_list":["post-32377","page","type-page","status-publish","has-post-thumbnail","hentry"],"acf":[],"_links":{"self":[{"href":"https:\/\/ecol.eu\/cs\/wp-json\/wp\/v2\/pages\/32377","targetHints":{"allow":["GET"]}}],"collection":[{"href":"https:\/\/ecol.eu\/cs\/wp-json\/wp\/v2\/pages"}],"about":[{"href":"https:\/\/ecol.eu\/cs\/wp-json\/wp\/v2\/types\/page"}],"author":[{"embeddable":true,"href":"https:\/\/ecol.eu\/cs\/wp-json\/wp\/v2\/users\/3"}],"replies":[{"embeddable":true,"href":"https:\/\/ecol.eu\/cs\/wp-json\/wp\/v2\/comments?post=32377"}],"version-history":[{"count":3,"href":"https:\/\/ecol.eu\/cs\/wp-json\/wp\/v2\/pages\/32377\/revisions"}],"predecessor-version":[{"id":32380,"href":"https:\/\/ecol.eu\/cs\/wp-json\/wp\/v2\/pages\/32377\/revisions\/32380"}],"wp:featuredmedia":[{"embeddable":true,"href":"https:\/\/ecol.eu\/cs\/wp-json\/wp\/v2\/media\/31667"}],"wp:attachment":[{"href":"https:\/\/ecol.eu\/cs\/wp-json\/wp\/v2\/media?parent=32377"}],"curies":[{"name":"wp","href":"https:\/\/api.w.org\/{rel}","templated":true}]}}