{"id":31677,"date":"2022-10-28T12:41:03","date_gmt":"2022-10-28T10:41:03","guid":{"rendered":"https:\/\/ecol.eu\/?page_id=31677"},"modified":"2024-11-20T12:48:33","modified_gmt":"2024-11-20T11:48:33","slug":"informacni-dolozka-gdpr","status":"publish","type":"page","link":"https:\/\/ecol.eu\/cs\/informacni-dolozka-gdpr\/","title":{"rendered":"Informa\u010dn\u00ed dolo\u017eka GDPR"},"content":{"rendered":"\n<div style=\"height:100px\" aria-hidden=\"true\" class=\"wp-block-spacer\"><\/div>\n\n\n<section class=\"editor alignwide\">\n  <div class=\"container\">\n    <div class=\"row\">\n      <article class=\"offset-lg-2 col-xl-9 col-lg-10 editor__text\">\n\n        \n          \n            \n\t\t\t\t\t      <div class=\"post\">\n\t\t\t\t\t\t      \n\t\t\t\t\t\t      \t\t\t\t\t\t\t      <div class=\"post\">\n\t\t\t\t\t\t\t\t      <h2 class=\"post__header heading heading--line\">Informa\u010dn\u00ed dolo\u017eka GDPR<\/h2>\n<p class=\"post__paragraph\">V souladu s \u010dl. 13 odst. 1 a\u00a02 Obecn\u00e9ho na\u0159\u00edzen\u00ed o\u00a0ochran\u011b osobn\u00edch \u00fadaj\u016f ze dne 27. dubna 2016. (\u00da\u0159. v\u011bst. EU.L.2016.119.1 ze dne 2016.05.04); d\u00e1le jen \u201ena\u0159\u00edzen\u00ed\u201c, informujeme, \u017ee:<\/p>\n<ol class=\"post__list post__list--ordered\">\n<li class=\"post__list-item\">1. Spr\u00e1vcem va\u0161ich osobn\u00edch \u00fadaj\u016f je:<br>\n<b>Ecol Sp. z\u00a0o.o., se s\u00eddlem v Rybniku (44-207), ul. Podmiejska 71A,<br>\nDI\u010c: 642-000-05-76, tel. +48 32 739 18 30, e-mail: ecol@ecol.eu<\/b><\/li>\n<li class=\"post__list-item\">2. Va\u0161e osobn\u00ed \u00fadaje jsou zpracov\u00e1v\u00e1ny za \u00fa\u010delem odpov\u011bdi na n\u00e1m adresovanou zpr\u00e1vu\/nav\u00e1z\u00e1n\u00ed kontaktu a\u00a0p\u0159\u00edpadn\u00e9 dal\u0161\u00ed spolupr\u00e1ce na z\u00e1klad\u011b \u010dl. 6 odst. 1 p\u00edsm. a) a\u00a0b) Na\u0159\u00edzen\u00ed.<\/li>\n<li class=\"post__list-item\">3. Va\u0161e osobn\u00ed \u00fadaje budou zpracov\u00e1v\u00e1ny po dobu trv\u00e1n\u00ed korespondence\/pln\u011bn\u00ed smlouvy a\u00a0po skon\u010den\u00ed trv\u00e1n\u00ed smlouvy po dobu nezbytnou k zaji\u0161t\u011bn\u00ed n\u00e1roku z\u00a0n\u00ed vypl\u00fdvaj\u00edc\u00edch a\u00a0po dobu vypl\u00fdvaj\u00edc\u00ed z\u00a0obecn\u011b platn\u00fdch pr\u00e1vn\u00edch p\u0159edpis\u016f.<\/li>\n<li class=\"post__list-item\">4. Osobn\u00ed \u00fadaje nebudou p\u0159ed\u00e1v\u00e1ny do t\u0159et\u00ed zem\u011b nebo mezin\u00e1rodn\u00ed organizaci.<\/li>\n<li class=\"post__list-item\">5. Va\u0161e osobn\u00ed \u00fadaje nebudou zp\u0159\u00edstupn\u011bny t\u0159et\u00edm osob\u00e1m \u2013\u00a0p\u0159\u00edjemc\u016fm ve smyslu \u010dl. 4 odst. 9 Na\u0159\u00edzen\u00ed, s v\u00fdjimkou p\u0159\u00edpad\u016f, kdy takov\u00e1 povinnost vypl\u00fdv\u00e1 z\u00a0obecn\u011b platn\u00fdch pr\u00e1vn\u00edch p\u0159edpis\u016f.<\/li>\n<li class=\"post__list-item\">6. M\u00e1te pr\u00e1vo na p\u0159\u00edstup k obsahu sv\u00fdch osobn\u00edch \u00fadaj\u016f, pr\u00e1vo na opravu, v\u00fdmaz, omezen\u00ed zpracov\u00e1n\u00ed a\u00a0pr\u00e1vo na p\u0159enositelnost sv\u00fdch osobn\u00edch \u00fadaj\u016f, jako\u017e i\u00a0pr\u00e1vo odvolat sv\u016fj souhlas se zpracov\u00e1n\u00edm, pokud bylo zpracov\u00e1n\u00ed prov\u00e1d\u011bno na z\u00e1klad\u011b va\u0161eho souhlasu.<\/li>\n<li class=\"post__list-item\">7. M\u00e1te pr\u00e1vo podat st\u00ed\u017enost u dozorov\u00e9ho \u00fa\u0159adu, pokud se domn\u00edv\u00e1te, \u017ee zpracov\u00e1n\u00ed va\u0161ich osobn\u00edch \u00fadaj\u016f je v rozporu s na\u0159\u00edzen\u00edm.<\/li>\n<li class=\"post__list-item\">8. Poskytnut\u00ed osobn\u00edch \u00fadaj\u016f je dobrovoln\u00e9.<\/li>\n<li class=\"post__list-item\">9. Rozhodnut\u00ed zalo\u017een\u00e1 na osobn\u00edch \u00fadaj\u00edch, kter\u00e9 poskytnete, nebudou \u010din\u011bna automatizovan\u00fdm zp\u016fsobem.\n<\/li>\n<\/ol>\n\n\t\t\t\t\t\t\t      <\/div>\n\t\t\t\t\t\t      \t\t\t\t\t      <\/div>\n                \n          \n        \n      <\/article>\n    <\/div>\n  <\/div>\n<\/section>\n","protected":false},"excerpt":{"rendered":"","protected":false},"author":3,"featured_media":31667,"parent":0,"menu_order":0,"comment_status":"closed","ping_status":"closed","template":"","meta":{"_acf_changed":false,"footnotes":""},"class_list":["post-31677","page","type-page","status-publish","has-post-thumbnail","hentry"],"acf":[],"_links":{"self":[{"href":"https:\/\/ecol.eu\/cs\/wp-json\/wp\/v2\/pages\/31677","targetHints":{"allow":["GET"]}}],"collection":[{"href":"https:\/\/ecol.eu\/cs\/wp-json\/wp\/v2\/pages"}],"about":[{"href":"https:\/\/ecol.eu\/cs\/wp-json\/wp\/v2\/types\/page"}],"author":[{"embeddable":true,"href":"https:\/\/ecol.eu\/cs\/wp-json\/wp\/v2\/users\/3"}],"replies":[{"embeddable":true,"href":"https:\/\/ecol.eu\/cs\/wp-json\/wp\/v2\/comments?post=31677"}],"version-history":[{"count":2,"href":"https:\/\/ecol.eu\/cs\/wp-json\/wp\/v2\/pages\/31677\/revisions"}],"predecessor-version":[{"id":31679,"href":"https:\/\/ecol.eu\/cs\/wp-json\/wp\/v2\/pages\/31677\/revisions\/31679"}],"wp:featuredmedia":[{"embeddable":true,"href":"https:\/\/ecol.eu\/cs\/wp-json\/wp\/v2\/media\/31667"}],"wp:attachment":[{"href":"https:\/\/ecol.eu\/cs\/wp-json\/wp\/v2\/media?parent=31677"}],"curies":[{"name":"wp","href":"https:\/\/api.w.org\/{rel}","templated":true}]}}