{"id":31665,"date":"2022-10-28T10:36:32","date_gmt":"2022-10-28T08:36:32","guid":{"rendered":"https:\/\/ecol.eu\/?page_id=31665"},"modified":"2025-01-30T13:19:15","modified_gmt":"2025-01-30T12:19:15","slug":"zpracovani-osobnich-udaju","status":"publish","type":"page","link":"https:\/\/ecol.eu\/cs\/zpracovani-osobnich-udaju\/","title":{"rendered":"Zpracov\u00e1n\u00ed osobn\u00edch \u00fadaj\u016f"},"content":{"rendered":"\n<div style=\"height:100px\" aria-hidden=\"true\" class=\"wp-block-spacer\"><\/div>\n\n\n<section class=\"editor alignwide\">\n  <div class=\"container\">\n    <div class=\"row\">\n      <article class=\"offset-lg-2 col-xl-9 col-lg-10 editor__text\">\n\n        \n          \n            \n\t\t\t\t\t      <div class=\"post\">\n\t\t\t\t\t\t      \n\t\t\t\t\t\t      \t\t\t\t\t\t\t      <div class=\"post\">\n\t\t\t\t\t\t\t\t      <h2 class=\"post__header heading heading--line\">Informace o\u00a0zpracov\u00e1n\u00ed osobn\u00edch \u00fadaj\u016f osob p\u0159\u00edtomn\u00fdch v prostor\u00e1ch spole\u010dnosti Ecol Sp. z\u00a0o.o., prost\u0159ednictv\u00edm monitorovac\u00edho syst\u00e9mu.<\/h2>\n<p class=\"post__paragraph\"><b>V budov\u00e1ch, m\u00edstnostech a\u00a0are\u00e1lech spole\u010dnosti Ecol sp. z\u00a0o.o. je provozov\u00e1n kamerov\u00fd syst\u00e9m (CCTV).<\/b><\/p>\n<ol class=\"post__list post__list--ordered\">\n<li class=\"post__list-item\">\n<\/li><li class=\"post__list-item\">1.\tEcol Sp. z\u00a0o.o. se s\u00eddlem v Rybniku, ul. Podmiejska 71A, informuje, \u017ee je spr\u00e1vcem va\u0161ich osobn\u00edch \u00fadaj\u016f.<\/li>\n<li class=\"post__list-item\">2. Pro kontaktov\u00e1n\u00ed spr\u00e1vce \u00fadaj\u016f ve spole\u010dnosti Ecol Sp. z\u00a0o.o. se pou\u017e\u00edv\u00e1 tato e-mailov\u00e1 adresa: ecol@ecol.eu.<\/li>\n<li class=\"post__list-item\">3. Va\u0161e osobn\u00ed \u00fadaje jsou zpracov\u00e1v\u00e1ny za \u00fa\u010delem ochrany majetku a\u00a0zaji\u0161t\u011bn\u00ed bezpe\u010dnosti v\u0161ech osob v prostor\u00e1ch spole\u010dnosti Ecol Sp. z\u00a0o.o.<\/li>\n<li class=\"post__list-item\">4. Pr\u00e1vn\u00edm z\u00e1kladem pro zpracov\u00e1n\u00ed osobn\u00edch \u00fadaj\u016f spole\u010dnost\u00ed Ecol Sp. z\u00a0o.o., za \u00fa\u010delem uveden\u00fdm v odstavci 3 v\u00fd\u0161e, je opr\u00e1vn\u011bn\u00fd z\u00e1jem spole\u010dnosti Ecol Sp. z\u00a0o.o. (podle \u010dl. 6 odst. 1 p\u00edsm. f) GDPR) \u2013\u00a0za \u00fa\u010delem zaji\u0161t\u011bn\u00ed bezpe\u010dnosti budov, pozemk\u016f a\u00a0ochrany osob a\u00a0majetku.<\/li>\n<li class=\"post__list-item\">5. Osobn\u00ed \u00fadaje m\u016f\u017ee spole\u010dnost Ecol Sp. z\u00a0o.o. p\u0159ed\u00e1vat subjekt\u016fm zpracov\u00e1vaj\u00edc\u00ed osobn\u00ed \u00fadaje jm\u00e9nem Spr\u00e1vce, se kter\u00fdmi m\u00e1 Spr\u00e1vce uzav\u0159eny smlouvy o\u00a0pov\u011b\u0159en\u00ed zpracov\u00e1n\u00ed osobn\u00edch \u00fadaj\u016f, jako\u017e i\u00a0v p\u0159\u00edpad\u011b, kdy takov\u00e1 povinnost vypl\u00fdv\u00e1 z\u00a0obecn\u011b platn\u00fdch pr\u00e1vn\u00edch p\u0159edpis\u016f z\u00e1vazn\u00fdch pro spole\u010dnost Ecol Sp. z\u00a0o.o.<\/li>\n<li class=\"post__list-item\">6. Osobn\u00ed \u00fadaje budou ulo\u017eeny po dobu a\u017e 1 m\u011bs\u00edce od data z\u00e1znamu, pot\u00e9 budou automaticky p\u0159eps\u00e1ny. P\u0159esn\u00e1 doba ulo\u017een\u00ed z\u00e1vis\u00ed na po\u010dtu ud\u00e1lost\u00ed a\u00a0kapacit\u011b disku rekord\u00e9ru.<\/li>\n<li class=\"post__list-item\">7. M\u00e1te pr\u00e1vo nahl\u00ed\u017eet do sv\u00fdch osobn\u00edch \u00fadaj\u016f, pr\u00e1vo na v\u00fdmaz, pr\u00e1vo na omezen\u00ed zpracov\u00e1n\u00ed. Pr\u00e1vo osoby nahl\u00ed\u017eet do osobn\u00edch \u00fadaj\u016f m\u016f\u017ee b\u00fdt omezeno v od\u016fvodn\u011bn\u00fdch p\u0159\u00edpadech, jako je ochrana osobn\u00edch \u00fadaj\u016f jin\u00fdch osob, na kter\u00e9 se vztahuje oblast sledov\u00e1n\u00ed, nebo uplat\u0148ov\u00e1n\u00ed n\u00e1rok\u016f a\u00a0veden\u00ed org\u00e1ny opr\u00e1vn\u011bn\u00fdmi ze z\u00e1kona.<\/li>\n<li class=\"post__list-item\">8. M\u00e1te pr\u00e1vo podat st\u00ed\u017enost p\u0159edsedovi \u00da\u0159adu pro ochranu osobn\u00edch \u00fadaj\u016f.<\/li>\n<li class=\"post__list-item\">9. Va\u0161e osobn\u00ed \u00fadaje nebudou p\u0159ed\u00e1v\u00e1ny mimo Evropsk\u00fd hospod\u00e1\u0159sk\u00fd prostor ani mezin\u00e1rodn\u00ed organizaci.<\/li>\n<li class=\"post__list-item\">10. Va\u0161e osobn\u00ed \u00fadaje nebudou z\u00e1kladem pro vyd\u00e1v\u00e1n\u00ed rozhodnut\u00ed automatizovan\u00fdmi prost\u0159edky v\u010detn\u011b profilov\u00e1n\u00ed.<\/li>\n<\/ol>\n\n\t\t\t\t\t\t\t      <\/div>\n\t\t\t\t\t\t      \t\t\t\t\t      <\/div>\n                \n          \n        \n      <\/article>\n    <\/div>\n  <\/div>\n<\/section>\n","protected":false},"excerpt":{"rendered":"","protected":false},"author":3,"featured_media":31667,"parent":0,"menu_order":0,"comment_status":"closed","ping_status":"closed","template":"","meta":{"_acf_changed":false,"footnotes":""},"class_list":["post-31665","page","type-page","status-publish","has-post-thumbnail","hentry"],"acf":[],"_links":{"self":[{"href":"https:\/\/ecol.eu\/cs\/wp-json\/wp\/v2\/pages\/31665","targetHints":{"allow":["GET"]}}],"collection":[{"href":"https:\/\/ecol.eu\/cs\/wp-json\/wp\/v2\/pages"}],"about":[{"href":"https:\/\/ecol.eu\/cs\/wp-json\/wp\/v2\/types\/page"}],"author":[{"embeddable":true,"href":"https:\/\/ecol.eu\/cs\/wp-json\/wp\/v2\/users\/3"}],"replies":[{"embeddable":true,"href":"https:\/\/ecol.eu\/cs\/wp-json\/wp\/v2\/comments?post=31665"}],"version-history":[{"count":3,"href":"https:\/\/ecol.eu\/cs\/wp-json\/wp\/v2\/pages\/31665\/revisions"}],"predecessor-version":[{"id":34499,"href":"https:\/\/ecol.eu\/cs\/wp-json\/wp\/v2\/pages\/31665\/revisions\/34499"}],"wp:featuredmedia":[{"embeddable":true,"href":"https:\/\/ecol.eu\/cs\/wp-json\/wp\/v2\/media\/31667"}],"wp:attachment":[{"href":"https:\/\/ecol.eu\/cs\/wp-json\/wp\/v2\/media?parent=31665"}],"curies":[{"name":"wp","href":"https:\/\/api.w.org\/{rel}","templated":true}]}}